{"id":9020,"date":"2026-01-03T11:24:42","date_gmt":"2026-01-03T09:24:42","guid":{"rendered":"https:\/\/www.oeffentlichkeitsgesetz.ch\/francais\/?page_id=9020"},"modified":"2026-01-03T11:24:42","modified_gmt":"2026-01-03T09:24:42","slug":"jury-prix-transparence-2025","status":"publish","type":"page","link":"https:\/\/www.oeffentlichkeitsgesetz.ch\/francais\/jury-prix-transparence-2025\/","title":{"rendered":"Jury Prix Transparence 2025"},"content":{"rendered":"<p>&nbsp;<\/p>\n<table style=\"width: 100%; height: 1670px;\">\n<tbody>\n<tr style=\"height: 294px;\">\n<td style=\"height: 294px;\"><a href=\"https:\/\/www.oeffentlichkeitsgesetz.ch\/deutsch\/files\/2019\/12\/bolliger_akermann.png\"><img loading=\"lazy\" decoding=\"async\" class=\"alignleft wp-image-11418\" src=\"https:\/\/www.oeffentlichkeitsgesetz.ch\/deutsch\/files\/2019\/12\/bolliger_akermann.png\" alt=\"\" width=\"280\" height=\"280\" \/><\/a><\/td>\n<td style=\"height: 294px;\"><img loading=\"lazy\" decoding=\"async\" class=\"alignleft wp-image-14791 size-full\" src=\"https:\/\/www.oeffentlichkeitsgesetz.ch\/deutsch\/files\/2022\/12\/Wanner_Anna_280X280.png\" alt=\"\" width=\"280\" height=\"280\" \/><\/td>\n<\/tr>\n<tr style=\"height: 40px;\">\n<td style=\"height: 40px;\">Michael Bolliger, Planificateur de th\u00e8mes<br \/>\nD\u00e9partement Culture SRF<\/td>\n<td style=\"height: 40px;\">\n<div>Anna Wanner, co-cheffe rubrique Suisse<br \/>\nCH Media<\/div>\n<\/td>\n<\/tr>\n<tr style=\"height: 294px;\">\n<td style=\"height: 294px;\"><img loading=\"lazy\" decoding=\"async\" class=\"size-full wp-image-9021 alignleft\" src=\"https:\/\/www.oeffentlichkeitsgesetz.ch\/francais\/files\/2025\/11\/claude-ansermoz-web.jpg\" alt=\"\" width=\"280\" height=\"280\" srcset=\"https:\/\/www.oeffentlichkeitsgesetz.ch\/francais\/files\/2025\/11\/claude-ansermoz-web.jpg 280w, https:\/\/www.oeffentlichkeitsgesetz.ch\/francais\/files\/2025\/11\/claude-ansermoz-web-150x150.jpg 150w\" sizes=\"auto, (max-width: 280px) 100vw, 280px\" \/><\/td>\n<td style=\"height: 294px;\"><a href=\"https:\/\/www.oeffentlichkeitsgesetz.ch\/deutsch\/files\/2019\/01\/Rene-Schuhmacher_bearbeitet.gif\"><img loading=\"lazy\" decoding=\"async\" class=\"alignleft size-full wp-image-10260\" src=\"https:\/\/www.oeffentlichkeitsgesetz.ch\/deutsch\/files\/2019\/01\/Rene-Schuhmacher_bearbeitet.gif\" alt=\"\" width=\"280\" height=\"280\" \/><\/a><\/td>\n<\/tr>\n<tr style=\"height: 40px;\">\n<td style=\"height: 40px;\">Claude Ansermoz, r\u00e9dacteur en chef<br \/>\nRingier Romandie<\/td>\n<td style=\"height: 40px;\">\n<div>Ren\u00e9 Schuhmacher, \u00e9diteur<br \/>\nKonsumenteninfo<\/div>\n<\/td>\n<\/tr>\n<tr style=\"height: 294px;\">\n<td style=\"height: 294px;\"><a href=\"https:\/\/www.oeffentlichkeitsgesetz.ch\/deutsch\/files\/2022\/01\/strebel-3_klein.png\"><img loading=\"lazy\" decoding=\"async\" class=\"alignleft wp-image-13978 size-full\" src=\"https:\/\/www.oeffentlichkeitsgesetz.ch\/deutsch\/files\/2022\/01\/strebel-3_klein.png\" alt=\"\" width=\"280\" height=\"280\" \/><\/a><\/td>\n<td style=\"height: 294px;\">\n<p><a href=\"https:\/\/www.oeffentlichkeitsgesetz.ch\/deutsch\/files\/2019\/12\/Adrien-Juvet_PT_19.jpg\"><img loading=\"lazy\" decoding=\"async\" class=\"alignleft size-full wp-image-11283\" src=\"https:\/\/www.oeffentlichkeitsgesetz.ch\/deutsch\/files\/2019\/12\/Adrien-Juvet_PT_19.jpg\" alt=\"\" width=\"280\" height=\"280\" \/><\/a><\/p>\n<\/td>\n<\/tr>\n<tr style=\"height: 40px;\">\n<td style=\"height: 40px;\">Dominique Strebel, r\u00e9dacteur en chef<br \/>\nBeobachter<\/td>\n<td style=\"height: 40px;\">Adrien Juvet, r\u00e9dacteur en chef<br \/>\nRTN<\/td>\n<\/tr>\n<tr style=\"height: 294px;\">\n<td style=\"height: 294px;\"><img loading=\"lazy\" decoding=\"async\" class=\"size-full wp-image-14808 alignleft\" src=\"https:\/\/www.oeffentlichkeitsgesetz.ch\/deutsch\/files\/2022\/12\/Blick_Portrait_2206-2.png\" alt=\"\" width=\"280\" height=\"280\" \/><\/td>\n<td style=\"height: 294px;\"><a href=\"https:\/\/www.oeffentlichkeitsgesetz.ch\/deutsch\/files\/2019\/01\/martins-fehr_bearbeitet.gif\"><img loading=\"lazy\" decoding=\"async\" class=\"alignleft size-full wp-image-10259\" src=\"https:\/\/www.oeffentlichkeitsgesetz.ch\/deutsch\/files\/2019\/01\/martins-fehr_bearbeitet.gif\" alt=\"\" width=\"280\" height=\"280\" \/><\/a><\/td>\n<\/tr>\n<tr style=\"height: 40px;\">\n<td style=\"height: 40px;\">Serm\u00een Faki, cheffe\u00a0de l&rsquo;information<br \/>\nCH Media<\/td>\n<td style=\"height: 40px;\">Martina Fehr, directrice MAZ \u00e9cole suisse de journalisme<\/td>\n<\/tr>\n<tr style=\"height: 294px;\">\n<td style=\"height: 294px;\"><img loading=\"lazy\" decoding=\"async\" class=\"size-full wp-image-7019 alignnone\" src=\"https:\/\/www.oeffentlichkeitsgesetz.ch\/francais\/files\/2023\/01\/Mattias_Greuter.png\" alt=\"\" width=\"280\" height=\"280\" srcset=\"https:\/\/www.oeffentlichkeitsgesetz.ch\/francais\/files\/2023\/01\/Mattias_Greuter.png 280w, https:\/\/www.oeffentlichkeitsgesetz.ch\/francais\/files\/2023\/01\/Mattias_Greuter-150x150.png 150w\" sizes=\"auto, (max-width: 280px) 100vw, 280px\" \/><\/td>\n<td style=\"height: 294px;\"><img loading=\"lazy\" decoding=\"async\" class=\"alignnone wp-image-16296 size-full\" src=\"https:\/\/www.oeffentlichkeitsgesetz.ch\/deutsch\/files\/2023\/12\/LaLiberte_071223AWI_043-280.png\" alt=\"\" width=\"280\" height=\"280\" \/><\/td>\n<\/tr>\n<tr style=\"height: 40px;\">\n<td style=\"height: 40px;\">\n<p>Mattias Greuter, directeur de la <br \/>\npublication et r\u00e9dacteur Schaffhauser AZ<\/p>\n<\/td>\n<td style=\"height: 40px;\">Fran\u00e7ois Mauron, r\u00e9dacteur en chef<br \/>\nLa Libert\u00e9<\/td>\n<\/tr>\n<\/tbody>\n<\/table>\n","protected":false},"excerpt":{"rendered":"<p>&nbsp; Michael Bolliger, Planificateur de th\u00e8mes D\u00e9partement Culture SRF Anna Wanner, co-cheffe rubrique Suisse CH Media Claude Ansermoz, r\u00e9dacteur en chef Ringier Romandie Ren\u00e9 Schuhmacher, \u00e9diteur Konsumenteninfo Dominique Strebel, r\u00e9dacteur en chef Beobachter Adrien Juvet, r\u00e9dacteur en chef RTN Serm\u00een Faki, cheffe\u00a0de l&rsquo;information CH Media Martina Fehr, directrice MAZ \u00e9cole suisse de journalisme Mattias Greuter, [&hellip;]<\/p>\n","protected":false},"author":1,"featured_media":0,"parent":0,"menu_order":0,"comment_status":"closed","ping_status":"closed","template":"","meta":{"footnotes":""},"class_list":["post-9020","page","type-page","status-publish","hentry"],"_links":{"self":[{"href":"https:\/\/www.oeffentlichkeitsgesetz.ch\/francais\/wp-json\/wp\/v2\/pages\/9020","targetHints":{"allow":["GET"]}}],"collection":[{"href":"https:\/\/www.oeffentlichkeitsgesetz.ch\/francais\/wp-json\/wp\/v2\/pages"}],"about":[{"href":"https:\/\/www.oeffentlichkeitsgesetz.ch\/francais\/wp-json\/wp\/v2\/types\/page"}],"author":[{"embeddable":true,"href":"https:\/\/www.oeffentlichkeitsgesetz.ch\/francais\/wp-json\/wp\/v2\/users\/1"}],"replies":[{"embeddable":true,"href":"https:\/\/www.oeffentlichkeitsgesetz.ch\/francais\/wp-json\/wp\/v2\/comments?post=9020"}],"version-history":[{"count":3,"href":"https:\/\/www.oeffentlichkeitsgesetz.ch\/francais\/wp-json\/wp\/v2\/pages\/9020\/revisions"}],"predecessor-version":[{"id":9123,"href":"https:\/\/www.oeffentlichkeitsgesetz.ch\/francais\/wp-json\/wp\/v2\/pages\/9020\/revisions\/9123"}],"wp:attachment":[{"href":"https:\/\/www.oeffentlichkeitsgesetz.ch\/francais\/wp-json\/wp\/v2\/media?parent=9020"}],"curies":[{"name":"wp","href":"https:\/\/api.w.org\/{rel}","templated":true}]}}