{"id":7796,"date":"2024-05-08T15:05:43","date_gmt":"2024-05-08T13:05:43","guid":{"rendered":"https:\/\/www.oeffentlichkeitsgesetz.ch\/francais\/?page_id=7796"},"modified":"2024-05-16T13:29:14","modified_gmt":"2024-05-16T11:29:14","slug":"soumettre-un-document-obtenu","status":"publish","type":"page","link":"https:\/\/www.oeffentlichkeitsgesetz.ch\/francais\/soumettre-un-document-obtenu\/","title":{"rendered":"Soumettre un document obtenu"},"content":{"rendered":"<p>Sur cette page, vous pouvez t\u00e9l\u00e9charger un document que vous avez obtenu d\u2019une autorit\u00e9 f\u00e9d\u00e9rale ou cantonale et utilis\u00e9 dans le cadre d\u2019un article paru dans un m\u00e9dia. S\u00e9lectionnez d\u2019abord l\u2019unit\u00e9 administrative aupr\u00e8s de laquelle vous avez re\u00e7u\u00a0 le document. D\u00e9crivez ensuite bri\u00e8vement le contenu du document. Apr\u00e8s le t\u00e9l\u00e9chargement, votre document est examin\u00e9 avant d\u2019\u00eatre publi\u00e9 sous les rubriques \u00abPresse et TV\u00bb et \u00abDocuments obtenus\u00bb avec votre article.<\/p>\n<hr \/>\n<p>[app]<\/p>\n","protected":false},"excerpt":{"rendered":"<p>Sur cette page, vous pouvez t\u00e9l\u00e9charger un document que vous avez obtenu d\u2019une autorit\u00e9 f\u00e9d\u00e9rale ou cantonale et utilis\u00e9 dans le cadre d\u2019un article paru dans un m\u00e9dia. S\u00e9lectionnez d\u2019abord l\u2019unit\u00e9 administrative aupr\u00e8s de laquelle vous avez re\u00e7u\u00a0 le document. D\u00e9crivez ensuite bri\u00e8vement le contenu du document. Apr\u00e8s le t\u00e9l\u00e9chargement, votre document est examin\u00e9 avant [&hellip;]<\/p>\n","protected":false},"author":1,"featured_media":0,"parent":0,"menu_order":0,"comment_status":"closed","ping_status":"closed","template":"page-befreites-einreichen.php","meta":{"footnotes":""},"class_list":["post-7796","page","type-page","status-publish","hentry"],"_links":{"self":[{"href":"https:\/\/www.oeffentlichkeitsgesetz.ch\/francais\/wp-json\/wp\/v2\/pages\/7796","targetHints":{"allow":["GET"]}}],"collection":[{"href":"https:\/\/www.oeffentlichkeitsgesetz.ch\/francais\/wp-json\/wp\/v2\/pages"}],"about":[{"href":"https:\/\/www.oeffentlichkeitsgesetz.ch\/francais\/wp-json\/wp\/v2\/types\/page"}],"author":[{"embeddable":true,"href":"https:\/\/www.oeffentlichkeitsgesetz.ch\/francais\/wp-json\/wp\/v2\/users\/1"}],"replies":[{"embeddable":true,"href":"https:\/\/www.oeffentlichkeitsgesetz.ch\/francais\/wp-json\/wp\/v2\/comments?post=7796"}],"version-history":[{"count":3,"href":"https:\/\/www.oeffentlichkeitsgesetz.ch\/francais\/wp-json\/wp\/v2\/pages\/7796\/revisions"}],"predecessor-version":[{"id":7809,"href":"https:\/\/www.oeffentlichkeitsgesetz.ch\/francais\/wp-json\/wp\/v2\/pages\/7796\/revisions\/7809"}],"wp:attachment":[{"href":"https:\/\/www.oeffentlichkeitsgesetz.ch\/francais\/wp-json\/wp\/v2\/media?parent=7796"}],"curies":[{"name":"wp","href":"https:\/\/api.w.org\/{rel}","templated":true}]}}