{"id":7007,"date":"2022-12-23T12:56:02","date_gmt":"2022-12-23T10:56:02","guid":{"rendered":"https:\/\/www.oeffentlichkeitsgesetz.ch\/francais\/?page_id=7007"},"modified":"2023-01-11T19:10:45","modified_gmt":"2023-01-11T17:10:45","slug":"jury-prix-transparence-2022","status":"publish","type":"page","link":"https:\/\/www.oeffentlichkeitsgesetz.ch\/francais\/jury-prix-transparence-2022\/","title":{"rendered":"Jury Prix Transparence 2022"},"content":{"rendered":"<p>&nbsp;<\/p>\n<table style=\"width: 100%\">\n<tbody>\n<tr>\n<td><a href=\"https:\/\/www.oeffentlichkeitsgesetz.ch\/deutsch\/files\/2019\/12\/bolliger_akermann.png\"><img loading=\"lazy\" decoding=\"async\" class=\"alignleft wp-image-11418\" src=\"https:\/\/www.oeffentlichkeitsgesetz.ch\/deutsch\/files\/2019\/12\/bolliger_akermann.png\" alt=\"\" width=\"280\" height=\"280\" \/><\/a><\/td>\n<td><img loading=\"lazy\" decoding=\"async\" class=\"wp-image-14791 size-full alignleft\" src=\"https:\/\/www.oeffentlichkeitsgesetz.ch\/deutsch\/files\/2022\/12\/Wanner_Anna_280X280.png\" alt=\"\" width=\"280\" height=\"280\" \/><\/td>\n<\/tr>\n<tr>\n<td>Michael Bolliger, responsable \u00e9ditorial<br \/>\nRadio SRF<\/td>\n<td>\n<div>Anna Wanner, co-cheffe rubrique Suisse<br \/>\nCH Media<\/div>\n<\/td>\n<\/tr>\n<tr>\n<td><a href=\"https:\/\/www.oeffentlichkeitsgesetz.ch\/deutsch\/files\/2021\/01\/Nicole-Lamon.jpg\"><img loading=\"lazy\" decoding=\"async\" class=\"alignleft wp-image-12603 size-full\" src=\"https:\/\/www.oeffentlichkeitsgesetz.ch\/deutsch\/files\/2021\/01\/Nicole-Lamon.jpg\" alt=\"\" width=\"280\" height=\"280\" \/><\/a><\/td>\n<td><a href=\"https:\/\/www.oeffentlichkeitsgesetz.ch\/deutsch\/files\/2019\/01\/Rene-Schuhmacher_bearbeitet.gif\"><img loading=\"lazy\" decoding=\"async\" class=\"alignleft size-full wp-image-10260\" src=\"https:\/\/www.oeffentlichkeitsgesetz.ch\/deutsch\/files\/2019\/01\/Rene-Schuhmacher_bearbeitet.gif\" alt=\"\" width=\"280\" height=\"280\" \/><\/a><\/td>\n<\/tr>\n<tr>\n<td>Nicole Lamon, r\u00e9dactrice en chef adjointe<br \/>\nLe Matin Dimanche<\/td>\n<td>\n<div>Ren\u00e9 Schuhmacher, \u00e9diteur<br \/>\nKonsumenteninfo<\/div>\n<\/td>\n<\/tr>\n<tr>\n<td><a href=\"https:\/\/www.oeffentlichkeitsgesetz.ch\/deutsch\/files\/2022\/01\/strebel-3_klein.png\"><img loading=\"lazy\" decoding=\"async\" class=\"alignleft wp-image-13978 size-full\" src=\"https:\/\/www.oeffentlichkeitsgesetz.ch\/deutsch\/files\/2022\/01\/strebel-3_klein.png\" alt=\"\" width=\"280\" height=\"280\" \/><\/a><\/td>\n<td>\n<p><a href=\"https:\/\/www.oeffentlichkeitsgesetz.ch\/deutsch\/files\/2019\/12\/Adrien-Juvet_PT_19.jpg\"><img loading=\"lazy\" decoding=\"async\" class=\"alignleft size-full wp-image-11283\" src=\"https:\/\/www.oeffentlichkeitsgesetz.ch\/deutsch\/files\/2019\/12\/Adrien-Juvet_PT_19.jpg\" alt=\"\" width=\"280\" height=\"280\" \/><\/a><\/p>\n<\/td>\n<\/tr>\n<tr>\n<td>Dominique Strebel, r\u00e9dacteur en chef<br \/>\nBeobachter<\/td>\n<td>Adrien Juvet, r\u00e9dacteur en chef<br \/>\nBNJ FM<\/td>\n<\/tr>\n<tr>\n<td><img loading=\"lazy\" decoding=\"async\" class=\"size-full wp-image-14808 alignleft\" src=\"https:\/\/www.oeffentlichkeitsgesetz.ch\/deutsch\/files\/2022\/12\/Blick_Portrait_2206-2.png\" alt=\"\" width=\"280\" height=\"280\" \/><\/td>\n<td><a href=\"https:\/\/www.oeffentlichkeitsgesetz.ch\/deutsch\/files\/2019\/01\/martins-fehr_bearbeitet.gif\"><img loading=\"lazy\" decoding=\"async\" class=\"alignleft size-full wp-image-10259\" src=\"https:\/\/www.oeffentlichkeitsgesetz.ch\/deutsch\/files\/2019\/01\/martins-fehr_bearbeitet.gif\" alt=\"\" width=\"280\" height=\"280\" \/><\/a><\/td>\n<\/tr>\n<tr>\n<td>Serm\u00een Faki, cheffe rubrique Politique\u00a0<br \/>\nGroupe Blick<\/td>\n<td>Martina Fehr, directrice MAZ \u00e9cole suisse de journalisme<\/td>\n<\/tr>\n<tr>\n<td><img loading=\"lazy\" decoding=\"async\" class=\"size-full wp-image-7019 alignleft\" src=\"https:\/\/www.oeffentlichkeitsgesetz.ch\/francais\/files\/2023\/01\/Mattias_Greuter.png\" alt=\"\" width=\"280\" height=\"280\" srcset=\"https:\/\/www.oeffentlichkeitsgesetz.ch\/francais\/files\/2023\/01\/Mattias_Greuter.png 280w, https:\/\/www.oeffentlichkeitsgesetz.ch\/francais\/files\/2023\/01\/Mattias_Greuter-150x150.png 150w\" sizes=\"auto, (max-width: 280px) 100vw, 280px\" \/><\/td>\n<td>&nbsp;<\/td>\n<\/tr>\n<tr>\n<td>Mattias Greuter, Directeur de la publication<br \/>\net r\u00e9dacteur Schaffhauser AZ<\/td>\n<td>&nbsp;<\/td>\n<\/tr>\n<\/tbody>\n<\/table>\n","protected":false},"excerpt":{"rendered":"<p>&nbsp; Michael Bolliger, responsable \u00e9ditorial Radio SRF Anna Wanner, co-cheffe rubrique Suisse CH Media Nicole Lamon, r\u00e9dactrice en chef adjointe Le Matin Dimanche Ren\u00e9 Schuhmacher, \u00e9diteur Konsumenteninfo Dominique Strebel, r\u00e9dacteur en chef Beobachter Adrien Juvet, r\u00e9dacteur en chef BNJ FM Serm\u00een Faki, cheffe rubrique Politique\u00a0 Groupe Blick Martina Fehr, directrice MAZ \u00e9cole suisse de journalisme [&hellip;]<\/p>\n","protected":false},"author":291,"featured_media":0,"parent":0,"menu_order":0,"comment_status":"closed","ping_status":"closed","template":"","meta":{"footnotes":""},"class_list":["post-7007","page","type-page","status-publish","hentry"],"_links":{"self":[{"href":"https:\/\/www.oeffentlichkeitsgesetz.ch\/francais\/wp-json\/wp\/v2\/pages\/7007","targetHints":{"allow":["GET"]}}],"collection":[{"href":"https:\/\/www.oeffentlichkeitsgesetz.ch\/francais\/wp-json\/wp\/v2\/pages"}],"about":[{"href":"https:\/\/www.oeffentlichkeitsgesetz.ch\/francais\/wp-json\/wp\/v2\/types\/page"}],"author":[{"embeddable":true,"href":"https:\/\/www.oeffentlichkeitsgesetz.ch\/francais\/wp-json\/wp\/v2\/users\/291"}],"replies":[{"embeddable":true,"href":"https:\/\/www.oeffentlichkeitsgesetz.ch\/francais\/wp-json\/wp\/v2\/comments?post=7007"}],"version-history":[{"count":3,"href":"https:\/\/www.oeffentlichkeitsgesetz.ch\/francais\/wp-json\/wp\/v2\/pages\/7007\/revisions"}],"predecessor-version":[{"id":7021,"href":"https:\/\/www.oeffentlichkeitsgesetz.ch\/francais\/wp-json\/wp\/v2\/pages\/7007\/revisions\/7021"}],"wp:attachment":[{"href":"https:\/\/www.oeffentlichkeitsgesetz.ch\/francais\/wp-json\/wp\/v2\/media?parent=7007"}],"curies":[{"name":"wp","href":"https:\/\/api.w.org\/{rel}","templated":true}]}}