{"id":659,"date":"2011-05-30T13:32:03","date_gmt":"2011-05-30T11:32:03","guid":{"rendered":"https:\/\/www.oeffentlichkeitsgesetz.ch\/deutsch\/?page_id=659"},"modified":"2012-01-14T22:06:15","modified_gmt":"2012-01-14T21:06:15","slug":"infos","status":"publish","type":"page","link":"https:\/\/www.oeffentlichkeitsgesetz.ch\/francais\/whistle-blower-line\/infos\/","title":{"rendered":"Ce que vous devez savoir"},"content":{"rendered":"<ul>\n<li>Le simple fait de signaler l&rsquo;existence d&rsquo;un document n&rsquo;est pas en soi une violation du secret de fonction.<\/li>\n<li>La transmission de donn\u00e9es avec notre site web est crypt\u00e9e. Ainsi, votre chef peut savoir au mieux que vous avez consult\u00e9 le site, mais il ne peut prendre connaissance de ce que vous nous avez transmis.<\/li>\n<li>Si vous voulez nous transmettre une information explosive, n&rsquo;utilisez pas votre ordinateur \u00e0 votre poste de travail. Prudence, prudence, cela augmente votre s\u00e9curit\u00e9. Il en va de m\u00eame si vous nous transmettez directement un document brut.<\/li>\n<li>La bonne vielle m\u00e9thode consiste \u00e0 utiliser le courrier postal en exp\u00e9diant une enveloppe \u00e0 notre <a href=\"https:\/\/www.oeffentlichkeitsgesetz.ch\/francais\/impressum\/\">adresse<\/a>.<\/li>\n<li>Il peut arriver que nous ayons des questions compl\u00e9mentaires \u00e0 vous poser. Si vous souhaitez rester totalement anonyme, un bon moyen de communiquer avec nous est de vous cr\u00e9er une adresse de courriel que vous ouvrez gratuitement en quelques clics chez un fournisseur tel que <a href=\"http:\/\/www.hushmail.com\/\">hushmail<\/a>.<\/li>\n<\/ul>\n<p><a href=\"..\/\">Retour au formulaire<\/a><\/p>\n","protected":false},"excerpt":{"rendered":"<p>Le simple fait de signaler l&rsquo;existence d&rsquo;un document n&rsquo;est pas en soi une violation du secret de fonction. La transmission de donn\u00e9es avec notre site web est crypt\u00e9e. Ainsi, votre chef peut savoir au mieux que vous avez consult\u00e9 le site, mais il ne peut prendre connaissance de ce que vous nous avez transmis. Si [&hellip;]<\/p>\n","protected":false},"author":1,"featured_media":0,"parent":61,"menu_order":0,"comment_status":"open","ping_status":"closed","template":"","meta":{"footnotes":""},"class_list":["post-659","page","type-page","status-publish","hentry"],"_links":{"self":[{"href":"https:\/\/www.oeffentlichkeitsgesetz.ch\/francais\/wp-json\/wp\/v2\/pages\/659","targetHints":{"allow":["GET"]}}],"collection":[{"href":"https:\/\/www.oeffentlichkeitsgesetz.ch\/francais\/wp-json\/wp\/v2\/pages"}],"about":[{"href":"https:\/\/www.oeffentlichkeitsgesetz.ch\/francais\/wp-json\/wp\/v2\/types\/page"}],"author":[{"embeddable":true,"href":"https:\/\/www.oeffentlichkeitsgesetz.ch\/francais\/wp-json\/wp\/v2\/users\/1"}],"replies":[{"embeddable":true,"href":"https:\/\/www.oeffentlichkeitsgesetz.ch\/francais\/wp-json\/wp\/v2\/comments?post=659"}],"version-history":[{"count":0,"href":"https:\/\/www.oeffentlichkeitsgesetz.ch\/francais\/wp-json\/wp\/v2\/pages\/659\/revisions"}],"up":[{"embeddable":true,"href":"https:\/\/www.oeffentlichkeitsgesetz.ch\/francais\/wp-json\/wp\/v2\/pages\/61"}],"wp:attachment":[{"href":"https:\/\/www.oeffentlichkeitsgesetz.ch\/francais\/wp-json\/wp\/v2\/media?parent=659"}],"curies":[{"name":"wp","href":"https:\/\/api.w.org\/{rel}","templated":true}]}}