{"id":588,"date":"2011-05-27T17:58:01","date_gmt":"2011-05-27T15:58:01","guid":{"rendered":"https:\/\/www.oeffentlichkeitsgesetz.ch\/deutsch\/?page_id=588"},"modified":"2011-10-10T13:41:42","modified_gmt":"2011-10-10T13:41:42","slug":"allgemeine-gebuhrenverordnung","status":"publish","type":"page","link":"https:\/\/www.oeffentlichkeitsgesetz.ch\/francais\/allgemeine-gebuhrenverordnung\/","title":{"rendered":"Ordonnance g\u00e9n\u00e9rale sur les \u00e9moluments"},"content":{"rendered":"<h3>du 8 septembre 2004 (\u00e9tat au 4 juillet 2006): Renonciation aux \u00e9moluments<\/h3>\n<p><strong>Art. 3 al. 2 let. a:<\/strong> <em>\u00ab\u00a0Il est possible de renoncer \u00e0 percevoir des \u00e9moluments lorsque la d\u00e9cision ou la prestation sert un int\u00e9r\u00eat public pr\u00e9pond\u00e9rant\u00a0\u00bb.<\/em><\/p>\n","protected":false},"excerpt":{"rendered":"<p>du 8 septembre 2004 (\u00e9tat au 4 juillet 2006): Renonciation aux \u00e9moluments Art. 3 al. 2 let. a: \u00ab\u00a0Il est possible de renoncer \u00e0 percevoir des \u00e9moluments lorsque la d\u00e9cision ou la prestation sert un int\u00e9r\u00eat public pr\u00e9pond\u00e9rant\u00a0\u00bb.<\/p>\n","protected":false},"author":12,"featured_media":0,"parent":0,"menu_order":0,"comment_status":"open","ping_status":"closed","template":"","meta":{"footnotes":""},"class_list":["post-588","page","type-page","status-publish","hentry"],"_links":{"self":[{"href":"https:\/\/www.oeffentlichkeitsgesetz.ch\/francais\/wp-json\/wp\/v2\/pages\/588","targetHints":{"allow":["GET"]}}],"collection":[{"href":"https:\/\/www.oeffentlichkeitsgesetz.ch\/francais\/wp-json\/wp\/v2\/pages"}],"about":[{"href":"https:\/\/www.oeffentlichkeitsgesetz.ch\/francais\/wp-json\/wp\/v2\/types\/page"}],"author":[{"embeddable":true,"href":"https:\/\/www.oeffentlichkeitsgesetz.ch\/francais\/wp-json\/wp\/v2\/users\/12"}],"replies":[{"embeddable":true,"href":"https:\/\/www.oeffentlichkeitsgesetz.ch\/francais\/wp-json\/wp\/v2\/comments?post=588"}],"version-history":[{"count":0,"href":"https:\/\/www.oeffentlichkeitsgesetz.ch\/francais\/wp-json\/wp\/v2\/pages\/588\/revisions"}],"wp:attachment":[{"href":"https:\/\/www.oeffentlichkeitsgesetz.ch\/francais\/wp-json\/wp\/v2\/media?parent=588"}],"curies":[{"name":"wp","href":"https:\/\/api.w.org\/{rel}","templated":true}]}}