{"id":579,"date":"2011-05-27T17:50:39","date_gmt":"2011-05-27T15:50:39","guid":{"rendered":"https:\/\/www.oeffentlichkeitsgesetz.ch\/deutsch\/?page_id=579"},"modified":"2012-01-06T15:08:31","modified_gmt":"2012-01-06T14:08:31","slug":"umsetzung-des-offentlichkeitsprinzips-in-der-bundesverwaltung","status":"publish","type":"page","link":"https:\/\/www.oeffentlichkeitsgesetz.ch\/francais\/umsetzung-des-offentlichkeitsprinzips-in-der-bundesverwaltung\/","title":{"rendered":"Application du principe de transparence dans l&rsquo;administration f\u00e9d\u00e9rale"},"content":{"rendered":"<h3>FAQ Forum aux questions, 25 f\u00e9vrier 2010:<\/h3>\n<p><strong>Question:<\/strong><em> <em>Jusqu&rsquo;\u00e0 pr\u00e9sent, les journalistes recevaient souvent gratuitement des documents. Cette pratique va-t-elle perdurer ou les m\u00e9dias devront-ils d\u00e9sormais payer des taxes ou des \u00e9moluments en vertu de l&rsquo;\u00e9galit\u00e9 de traitement?<\/em> <\/em><\/p>\n<p><strong>R\u00e9ponse: <\/strong><em> <em>La pratique actuelle peut \u00eatre maintenue au plan des relations avec les m\u00e9dias. Les autorit\u00e9s ont une certaine marge de man\u0153uvre. Le principe de l&rsquo;\u00e9galit\u00e9 de traitement ne donne pas \u00e0 l&rsquo;individu lambda le droit d&rsquo;\u00eatre trait\u00e9 sur le m\u00eame pied que les m\u00e9dias. Par contre, un journaliste a droit d&rsquo;obtenir un document aux m\u00eames conditions que les autres journalistes.<\/em> <\/em><\/p>\n","protected":false},"excerpt":{"rendered":"<p>FAQ Forum aux questions, 25 f\u00e9vrier 2010: Question: Jusqu&rsquo;\u00e0 pr\u00e9sent, les journalistes recevaient souvent gratuitement des documents. Cette pratique va-t-elle perdurer ou les m\u00e9dias devront-ils d\u00e9sormais payer des taxes ou des \u00e9moluments en vertu de l&rsquo;\u00e9galit\u00e9 de traitement? R\u00e9ponse: La pratique actuelle peut \u00eatre maintenue au plan des relations avec les m\u00e9dias. Les autorit\u00e9s ont [&hellip;]<\/p>\n","protected":false},"author":12,"featured_media":0,"parent":0,"menu_order":0,"comment_status":"open","ping_status":"closed","template":"","meta":{"footnotes":""},"class_list":["post-579","page","type-page","status-publish","hentry"],"_links":{"self":[{"href":"https:\/\/www.oeffentlichkeitsgesetz.ch\/francais\/wp-json\/wp\/v2\/pages\/579","targetHints":{"allow":["GET"]}}],"collection":[{"href":"https:\/\/www.oeffentlichkeitsgesetz.ch\/francais\/wp-json\/wp\/v2\/pages"}],"about":[{"href":"https:\/\/www.oeffentlichkeitsgesetz.ch\/francais\/wp-json\/wp\/v2\/types\/page"}],"author":[{"embeddable":true,"href":"https:\/\/www.oeffentlichkeitsgesetz.ch\/francais\/wp-json\/wp\/v2\/users\/12"}],"replies":[{"embeddable":true,"href":"https:\/\/www.oeffentlichkeitsgesetz.ch\/francais\/wp-json\/wp\/v2\/comments?post=579"}],"version-history":[{"count":0,"href":"https:\/\/www.oeffentlichkeitsgesetz.ch\/francais\/wp-json\/wp\/v2\/pages\/579\/revisions"}],"wp:attachment":[{"href":"https:\/\/www.oeffentlichkeitsgesetz.ch\/francais\/wp-json\/wp\/v2\/media?parent=579"}],"curies":[{"name":"wp","href":"https:\/\/api.w.org\/{rel}","templated":true}]}}