{"id":5550,"date":"2019-12-19T21:22:53","date_gmt":"2019-12-19T20:22:53","guid":{"rendered":"https:\/\/www.oeffentlichkeitsgesetz.ch\/francais\/?page_id=5550"},"modified":"2021-01-04T17:34:18","modified_gmt":"2021-01-04T16:34:18","slug":"jury-prix-transparence-2019","status":"publish","type":"page","link":"https:\/\/www.oeffentlichkeitsgesetz.ch\/francais\/jury-prix-transparence-2019\/","title":{"rendered":"Jury Prix Transparence 2020"},"content":{"rendered":"<p>&nbsp;<\/p>\n<p>\u200b<\/p>\n<table style=\"width: 100%\">\n<tbody>\n<tr>\n<td>\n<p><a href=\"https:\/\/www.oeffentlichkeitsgesetz.ch\/francais\/files\/2019\/12\/bolliger_akermann.png\"><img loading=\"lazy\" decoding=\"async\" class=\"wp-image-5598 alignleft\" src=\"https:\/\/www.oeffentlichkeitsgesetz.ch\/francais\/files\/2019\/12\/bolliger_akermann.png\" alt=\"\" width=\"280\" height=\"280\" srcset=\"https:\/\/www.oeffentlichkeitsgesetz.ch\/francais\/files\/2019\/12\/bolliger_akermann.png 840w, https:\/\/www.oeffentlichkeitsgesetz.ch\/francais\/files\/2019\/12\/bolliger_akermann-150x150.png 150w, https:\/\/www.oeffentlichkeitsgesetz.ch\/francais\/files\/2019\/12\/bolliger_akermann-300x300.png 300w, https:\/\/www.oeffentlichkeitsgesetz.ch\/francais\/files\/2019\/12\/bolliger_akermann-768x768.png 768w, https:\/\/www.oeffentlichkeitsgesetz.ch\/francais\/files\/2019\/12\/bolliger_akermann-682x682.png 682w\" sizes=\"auto, (max-width: 280px) 100vw, 280px\" \/><\/a><\/p>\n<p>&nbsp;<\/p>\n<\/td>\n<td><a href=\"https:\/\/www.oeffentlichkeitsgesetz.ch\/deutsch\/files\/2019\/01\/pascal-hollenstein_baerbeitet.gif\"><img loading=\"lazy\" decoding=\"async\" class=\"alignleft size-full wp-image-10256\" src=\"https:\/\/www.oeffentlichkeitsgesetz.ch\/deutsch\/files\/2019\/01\/pascal-hollenstein_baerbeitet.gif\" alt=\"\" width=\"280\" height=\"280\" \/><\/a><\/td>\n<\/tr>\n<tr>\n<td>Michael Bolliger, directeur de publication<br \/>\nRadio SRF<\/td>\n<td>\n<div>Pascal Hollenstein, directeur de publication<br \/>\nCH Media<\/div>\n<\/td>\n<\/tr>\n<tr>\n<td><a href=\"https:\/\/www.oeffentlichkeitsgesetz.ch\/francais\/files\/2021\/01\/Nicole-Lamon.jpg\"><img loading=\"lazy\" decoding=\"async\" class=\"alignleft size-full wp-image-6101\" src=\"https:\/\/www.oeffentlichkeitsgesetz.ch\/francais\/files\/2021\/01\/Nicole-Lamon.jpg\" alt=\"\" width=\"280\" height=\"280\" srcset=\"https:\/\/www.oeffentlichkeitsgesetz.ch\/francais\/files\/2021\/01\/Nicole-Lamon.jpg 280w, https:\/\/www.oeffentlichkeitsgesetz.ch\/francais\/files\/2021\/01\/Nicole-Lamon-150x150.jpg 150w\" sizes=\"auto, (max-width: 280px) 100vw, 280px\" \/><\/a><\/td>\n<td><a href=\"https:\/\/www.oeffentlichkeitsgesetz.ch\/deutsch\/files\/2019\/01\/Rene-Schuhmacher_bearbeitet.gif\"><img loading=\"lazy\" decoding=\"async\" class=\"alignleft size-full wp-image-10260\" src=\"https:\/\/www.oeffentlichkeitsgesetz.ch\/deutsch\/files\/2019\/01\/Rene-Schuhmacher_bearbeitet.gif\" alt=\"\" width=\"280\" height=\"280\" \/><\/a><\/td>\n<\/tr>\n<tr>\n<td>\n<p>Nicole Lamon,\u00a0R\u00e9dactrice en chef adjointe\u00a0<br \/>\nLe Matin Dimanche<\/p>\n<\/td>\n<td>\n<div>Ren\u00e9 Schuhmacher, \u00e9diteur<br \/>\nKonsumenteninfo<\/div>\n<\/td>\n<\/tr>\n<tr>\n<td><img loading=\"lazy\" decoding=\"async\" class=\"alignleft wp-image-5553 size-full\" src=\"https:\/\/www.oeffentlichkeitsgesetz.ch\/francais\/files\/2019\/12\/Adrien-Juvet_PT_19.jpg\" alt=\"\" width=\"280\" height=\"280\" srcset=\"https:\/\/www.oeffentlichkeitsgesetz.ch\/francais\/files\/2019\/12\/Adrien-Juvet_PT_19.jpg 280w, https:\/\/www.oeffentlichkeitsgesetz.ch\/francais\/files\/2019\/12\/Adrien-Juvet_PT_19-150x150.jpg 150w\" sizes=\"auto, (max-width: 280px) 100vw, 280px\" \/><\/td>\n<td>\n<p><img loading=\"lazy\" decoding=\"async\" class=\"alignleft wp-image-5555 size-full\" src=\"https:\/\/www.oeffentlichkeitsgesetz.ch\/francais\/files\/2019\/12\/Gumy_PT18.jpg\" alt=\"\" width=\"280\" height=\"280\" srcset=\"https:\/\/www.oeffentlichkeitsgesetz.ch\/francais\/files\/2019\/12\/Gumy_PT18.jpg 280w, https:\/\/www.oeffentlichkeitsgesetz.ch\/francais\/files\/2019\/12\/Gumy_PT18-150x150.jpg 150w\" sizes=\"auto, (max-width: 280px) 100vw, 280px\" \/><\/p>\n<\/td>\n<\/tr>\n<tr>\n<td>Adrien Juvet, r\u00e9dacteur en chef\u00a0<br \/>\nBNJ FM<\/td>\n<td>Serge Gumy, r\u00e9dacteur en chef\u00a0<br \/>\nLa Libert\u00e9<\/td>\n<\/tr>\n<tr>\n<td><a href=\"https:\/\/www.oeffentlichkeitsgesetz.ch\/deutsch\/files\/2019\/01\/katia-murmann_bearbeitet.gif\"><img loading=\"lazy\" decoding=\"async\" class=\"alignleft size-full wp-image-10258\" src=\"https:\/\/www.oeffentlichkeitsgesetz.ch\/deutsch\/files\/2019\/01\/katia-murmann_bearbeitet.gif\" alt=\"\" width=\"280\" height=\"280\" \/><\/a><\/td>\n<td><a href=\"https:\/\/www.oeffentlichkeitsgesetz.ch\/deutsch\/files\/2019\/01\/martins-fehr_bearbeitet.gif\"><img loading=\"lazy\" decoding=\"async\" class=\"alignleft size-full wp-image-10259\" src=\"https:\/\/www.oeffentlichkeitsgesetz.ch\/deutsch\/files\/2019\/01\/martins-fehr_bearbeitet.gif\" alt=\"\" width=\"280\" height=\"280\" \/><\/a><\/td>\n<\/tr>\n<tr>\n<td>Katia Murmann, r\u00e9dactrice en chef<br \/>\nBlick.ch<\/td>\n<td>\n<p>Martina Fehr, directrice MAZ \u2013 Ecole suisse du journalisme<\/p>\n<\/td>\n<\/tr>\n<\/tbody>\n<\/table>\n","protected":false},"excerpt":{"rendered":"<p>&nbsp; \u200b &nbsp; Michael Bolliger, directeur de publication Radio SRF Pascal Hollenstein, directeur de publication CH Media Nicole Lamon,\u00a0R\u00e9dactrice en chef adjointe\u00a0 Le Matin Dimanche Ren\u00e9 Schuhmacher, \u00e9diteur Konsumenteninfo Adrien Juvet, r\u00e9dacteur en chef\u00a0 BNJ FM Serge Gumy, r\u00e9dacteur en chef\u00a0 La Libert\u00e9 Katia Murmann, r\u00e9dactrice en chef Blick.ch Martina Fehr, directrice MAZ \u2013 Ecole [&hellip;]<\/p>\n","protected":false},"author":12,"featured_media":0,"parent":0,"menu_order":0,"comment_status":"closed","ping_status":"closed","template":"","meta":{"footnotes":""},"class_list":["post-5550","page","type-page","status-publish","hentry"],"_links":{"self":[{"href":"https:\/\/www.oeffentlichkeitsgesetz.ch\/francais\/wp-json\/wp\/v2\/pages\/5550","targetHints":{"allow":["GET"]}}],"collection":[{"href":"https:\/\/www.oeffentlichkeitsgesetz.ch\/francais\/wp-json\/wp\/v2\/pages"}],"about":[{"href":"https:\/\/www.oeffentlichkeitsgesetz.ch\/francais\/wp-json\/wp\/v2\/types\/page"}],"author":[{"embeddable":true,"href":"https:\/\/www.oeffentlichkeitsgesetz.ch\/francais\/wp-json\/wp\/v2\/users\/12"}],"replies":[{"embeddable":true,"href":"https:\/\/www.oeffentlichkeitsgesetz.ch\/francais\/wp-json\/wp\/v2\/comments?post=5550"}],"version-history":[{"count":4,"href":"https:\/\/www.oeffentlichkeitsgesetz.ch\/francais\/wp-json\/wp\/v2\/pages\/5550\/revisions"}],"predecessor-version":[{"id":6103,"href":"https:\/\/www.oeffentlichkeitsgesetz.ch\/francais\/wp-json\/wp\/v2\/pages\/5550\/revisions\/6103"}],"wp:attachment":[{"href":"https:\/\/www.oeffentlichkeitsgesetz.ch\/francais\/wp-json\/wp\/v2\/media?parent=5550"}],"curies":[{"name":"wp","href":"https:\/\/api.w.org\/{rel}","templated":true}]}}