{"id":5375,"date":"2019-09-06T14:42:57","date_gmt":"2019-09-06T13:42:57","guid":{"rendered":"https:\/\/www.oeffentlichkeitsgesetz.ch\/francais\/?page_id=5375"},"modified":"2019-09-07T08:25:08","modified_gmt":"2019-09-07T07:25:08","slug":"5375-2","status":"publish","type":"page","link":"https:\/\/www.oeffentlichkeitsgesetz.ch\/francais\/5375-2\/","title":{"rendered":"Jury Prix Transparence 2018"},"content":{"rendered":"<p>&nbsp;<\/p>\n<table style=\"width: 100%;\">\n<tbody>\n<tr>\n<td><a href=\"https:\/\/www.oeffentlichkeitsgesetz.ch\/deutsch\/files\/2019\/01\/lis-borner_bearbeitet.gif\"><img loading=\"lazy\" decoding=\"async\" class=\"alignleft size-full wp-image-10261\" src=\"https:\/\/www.oeffentlichkeitsgesetz.ch\/deutsch\/files\/2019\/01\/lis-borner_bearbeitet.gif\" alt=\"\" width=\"280\" height=\"280\" \/><\/a><\/td>\n<td><a href=\"https:\/\/www.oeffentlichkeitsgesetz.ch\/deutsch\/files\/2019\/01\/pascal-hollenstein_baerbeitet.gif\"><img loading=\"lazy\" decoding=\"async\" class=\"alignleft size-full wp-image-10256\" src=\"https:\/\/www.oeffentlichkeitsgesetz.ch\/deutsch\/files\/2019\/01\/pascal-hollenstein_baerbeitet.gif\" alt=\"\" width=\"280\" height=\"280\" \/><\/a><\/td>\n<\/tr>\n<tr>\n<td>Lis Borner, r\u00e9dactrice en chef<br \/>\nRadio SRF<\/td>\n<td>\n<div>Pascal Hollenstein, directeur de publication<br \/>\nCH Media<\/div>\n<\/td>\n<\/tr>\n<tr>\n<td><a href=\"https:\/\/www.oeffentlichkeitsgesetz.ch\/deutsch\/files\/2019\/01\/ariane-dayer_bearbeitet.gif\"><img loading=\"lazy\" decoding=\"async\" class=\"alignleft size-full wp-image-10255\" src=\"https:\/\/www.oeffentlichkeitsgesetz.ch\/deutsch\/files\/2019\/01\/ariane-dayer_bearbeitet.gif\" alt=\"\" width=\"280\" height=\"280\" \/><\/a><\/td>\n<td><a href=\"https:\/\/www.oeffentlichkeitsgesetz.ch\/deutsch\/files\/2019\/01\/Rene-Schuhmacher_bearbeitet.gif\"><img loading=\"lazy\" decoding=\"async\" class=\"alignleft size-full wp-image-10260\" src=\"https:\/\/www.oeffentlichkeitsgesetz.ch\/deutsch\/files\/2019\/01\/Rene-Schuhmacher_bearbeitet.gif\" alt=\"\" width=\"280\" height=\"280\" \/><\/a><\/td>\n<\/tr>\n<tr>\n<td>Ariane Dayer, r\u00e9dactrice en chef\u00a0<br \/>\nTamedia Westschweiz<\/td>\n<td>\n<div>Ren\u00e9 Schuhmacher, \u00e9diteur<br \/>\nKonsumenteninfo<\/div>\n<\/td>\n<\/tr>\n<tr>\n<td><a href=\"https:\/\/www.oeffentlichkeitsgesetz.ch\/deutsch\/files\/2019\/01\/Gabriel-de-Weck_bearbeitet-.gif\"><img loading=\"lazy\" decoding=\"async\" class=\"alignleft size-full wp-image-10262\" src=\"https:\/\/www.oeffentlichkeitsgesetz.ch\/deutsch\/files\/2019\/01\/Gabriel-de-Weck_bearbeitet-.gif\" alt=\"\" width=\"280\" height=\"280\" \/><\/a><\/td>\n<td><a href=\"https:\/\/www.oeffentlichkeitsgesetz.ch\/deutsch\/files\/2019\/01\/sandra-jean_bearbeitet.gif\"><img loading=\"lazy\" decoding=\"async\" class=\"alignleft size-full wp-image-10263\" src=\"https:\/\/www.oeffentlichkeitsgesetz.ch\/deutsch\/files\/2019\/01\/sandra-jean_bearbeitet.gif\" alt=\"\" width=\"280\" height=\"280\" \/><\/a><\/td>\n<\/tr>\n<tr>\n<td>Gabriel de Weck, r\u00e9dacteur en chef\u00a0<br \/>\nBNJ FM<\/td>\n<td>Sandra Jean, r\u00e9dactrice en chef\u00a0<br \/>\nLe Nouvelliste<\/td>\n<\/tr>\n<tr>\n<td><a href=\"https:\/\/www.oeffentlichkeitsgesetz.ch\/deutsch\/files\/2019\/01\/katia-murmann_bearbeitet.gif\"><img loading=\"lazy\" decoding=\"async\" class=\"alignleft size-full wp-image-10258\" src=\"https:\/\/www.oeffentlichkeitsgesetz.ch\/deutsch\/files\/2019\/01\/katia-murmann_bearbeitet.gif\" alt=\"\" width=\"280\" height=\"280\" \/><\/a><\/td>\n<td><a href=\"https:\/\/www.oeffentlichkeitsgesetz.ch\/deutsch\/files\/2019\/01\/martins-fehr_bearbeitet.gif\"><img loading=\"lazy\" decoding=\"async\" class=\"alignleft size-full wp-image-10259\" src=\"https:\/\/www.oeffentlichkeitsgesetz.ch\/deutsch\/files\/2019\/01\/martins-fehr_bearbeitet.gif\" alt=\"\" width=\"280\" height=\"280\" \/><\/a><\/td>\n<\/tr>\n<tr>\n<td>Katia Murmann, r\u00e9dactrice en chef<br \/>\nBlick.ch<\/td>\n<td>Martina Fehr, r\u00e9dactrice en chef\u00a0<br \/>\nS\u00fcdostschweiz<\/td>\n<\/tr>\n<\/tbody>\n<\/table>\n","protected":false},"excerpt":{"rendered":"<p>&nbsp; Lis Borner, r\u00e9dactrice en chef Radio SRF Pascal Hollenstein, directeur de publication CH Media Ariane Dayer, r\u00e9dactrice en chef\u00a0 Tamedia Westschweiz Ren\u00e9 Schuhmacher, \u00e9diteur Konsumenteninfo Gabriel de Weck, r\u00e9dacteur en chef\u00a0 BNJ FM Sandra Jean, r\u00e9dactrice en chef\u00a0 Le Nouvelliste Katia Murmann, r\u00e9dactrice en chef Blick.ch Martina Fehr, r\u00e9dactrice en chef\u00a0 S\u00fcdostschweiz<\/p>\n","protected":false},"author":1,"featured_media":0,"parent":0,"menu_order":0,"comment_status":"closed","ping_status":"closed","template":"","meta":{"footnotes":""},"class_list":["post-5375","page","type-page","status-publish","hentry"],"_links":{"self":[{"href":"https:\/\/www.oeffentlichkeitsgesetz.ch\/francais\/wp-json\/wp\/v2\/pages\/5375","targetHints":{"allow":["GET"]}}],"collection":[{"href":"https:\/\/www.oeffentlichkeitsgesetz.ch\/francais\/wp-json\/wp\/v2\/pages"}],"about":[{"href":"https:\/\/www.oeffentlichkeitsgesetz.ch\/francais\/wp-json\/wp\/v2\/types\/page"}],"author":[{"embeddable":true,"href":"https:\/\/www.oeffentlichkeitsgesetz.ch\/francais\/wp-json\/wp\/v2\/users\/1"}],"replies":[{"embeddable":true,"href":"https:\/\/www.oeffentlichkeitsgesetz.ch\/francais\/wp-json\/wp\/v2\/comments?post=5375"}],"version-history":[{"count":3,"href":"https:\/\/www.oeffentlichkeitsgesetz.ch\/francais\/wp-json\/wp\/v2\/pages\/5375\/revisions"}],"predecessor-version":[{"id":5442,"href":"https:\/\/www.oeffentlichkeitsgesetz.ch\/francais\/wp-json\/wp\/v2\/pages\/5375\/revisions\/5442"}],"wp:attachment":[{"href":"https:\/\/www.oeffentlichkeitsgesetz.ch\/francais\/wp-json\/wp\/v2\/media?parent=5375"}],"curies":[{"name":"wp","href":"https:\/\/api.w.org\/{rel}","templated":true}]}}