{"id":2681,"date":"2012-05-25T12:17:02","date_gmt":"2012-05-25T11:17:02","guid":{"rendered":"https:\/\/www.oeffentlichkeitsgesetz.ch\/francais\/?page_id=2681"},"modified":"2012-05-25T13:09:29","modified_gmt":"2012-05-25T12:09:29","slug":"lopen-data-au-service-du-journalisme","status":"publish","type":"page","link":"https:\/\/www.oeffentlichkeitsgesetz.ch\/francais\/lopen-data-au-service-du-journalisme\/","title":{"rendered":"L\u2019open data au service du journalisme"},"content":{"rendered":"<p><strong>Les politiques ne peuvent plus se cacher derri\u00e8re la fameuse formule: \u00abOn ne va pas vous ennuyer avec des chiffres.\u00bb<\/strong><\/p>\n<p>\u00a0La derni\u00e8re campagne \u00e9lectorale fran\u00e7aise a \u00e9t\u00e9 l\u2019occasion d\u2019une bataille de chiffres destin\u00e9s \u00e0 impressionner l\u2019\u00e9lecteur. Malheureusement pour les politiciens, ce dernier est devenu un internaute. Et, avec l\u2019open data, il peut facilement v\u00e9rifier puis partager les erreurs ou les approximations qu\u2019il a d\u00e9nich\u00e9es. Le bobarom\u00e8tre de Lib\u00e9ration et le gu\u00e9antom\u00e8tre de <a href=\"http:\/\/www.slate.fr\/\" target=\"_blank\">Slate.fr<\/a> surfent sur cette mode de la v\u00e9rification des faits et de la puissance des informations sourc\u00e9es par la masse des internautes (crowdsourcing).<\/p>\n<p>\u00a0En collaboration avec i-T\u00e9l\u00e9, les journalistes d\u2019<a href=\"http:\/\/owni.fr\/\" target=\"_blank\">Owni<\/a>, une start-up parisienne, sont all\u00e9s encore plus loin avec leur v\u00e9ritom\u00e8tre. Ayant acc\u00e8s aux donn\u00e9es publiques de l\u2019INSEE, d\u2019Eurostat, du FMI, etc., les journalistes d\u2019Owni ont construit un outil capable de v\u00e9rifier quelque 1300 chiffres \u00e9nonc\u00e9s par six candidats. Selon l\u2019un des responsables du projet, Nicolas Patte, \u00abNicolas Sarkozy a pris le lead du barom\u00e8tre du mensonge statistique en fin de campagne avec des \u00e9normit\u00e9s, comme le pr\u00e9tendu investissement annuel de 12 milliards d\u2019euros dans les \u00e9oliennes de la France alors que c\u2019est le chiffre de toute l\u2019Union europ\u00e9enne\u00bb. Les grands m\u00e9dias ont bien saisi le potentiel de ce journalisme de donn\u00e9es et y consacrent des \u00e9quipes enti\u00e8res comme dans le cas du New York Times ou du datablog du Guardian.<\/p>\n","protected":false},"excerpt":{"rendered":"<p>Les politiques ne peuvent plus se cacher derri\u00e8re la fameuse formule: \u00abOn ne va pas vous ennuyer avec des chiffres.\u00bb \u00a0La derni\u00e8re campagne \u00e9lectorale fran\u00e7aise a \u00e9t\u00e9 l\u2019occasion d\u2019une bataille de chiffres destin\u00e9s \u00e0 impressionner l\u2019\u00e9lecteur. Malheureusement pour les politiciens, ce dernier est devenu un internaute. Et, avec l\u2019open data, il peut facilement v\u00e9rifier puis [&hellip;]<\/p>\n","protected":false},"author":12,"featured_media":0,"parent":0,"menu_order":0,"comment_status":"open","ping_status":"closed","template":"","meta":{"footnotes":""},"class_list":["post-2681","page","type-page","status-publish","hentry"],"_links":{"self":[{"href":"https:\/\/www.oeffentlichkeitsgesetz.ch\/francais\/wp-json\/wp\/v2\/pages\/2681","targetHints":{"allow":["GET"]}}],"collection":[{"href":"https:\/\/www.oeffentlichkeitsgesetz.ch\/francais\/wp-json\/wp\/v2\/pages"}],"about":[{"href":"https:\/\/www.oeffentlichkeitsgesetz.ch\/francais\/wp-json\/wp\/v2\/types\/page"}],"author":[{"embeddable":true,"href":"https:\/\/www.oeffentlichkeitsgesetz.ch\/francais\/wp-json\/wp\/v2\/users\/12"}],"replies":[{"embeddable":true,"href":"https:\/\/www.oeffentlichkeitsgesetz.ch\/francais\/wp-json\/wp\/v2\/comments?post=2681"}],"version-history":[{"count":0,"href":"https:\/\/www.oeffentlichkeitsgesetz.ch\/francais\/wp-json\/wp\/v2\/pages\/2681\/revisions"}],"wp:attachment":[{"href":"https:\/\/www.oeffentlichkeitsgesetz.ch\/francais\/wp-json\/wp\/v2\/media?parent=2681"}],"curies":[{"name":"wp","href":"https:\/\/api.w.org\/{rel}","templated":true}]}}