{"id":108,"date":"2011-05-11T23:14:38","date_gmt":"2011-05-11T21:14:38","guid":{"rendered":"https:\/\/www.oeffentlichkeitsgesetz.ch\/deutsch\/?page_id=108"},"modified":"2012-01-06T10:15:32","modified_gmt":"2012-01-06T09:15:32","slug":"schlichtungen","status":"publish","type":"page","link":"https:\/\/www.oeffentlichkeitsgesetz.ch\/francais\/das-gesetz\/schlichtungen\/","title":{"rendered":"Recommandations  &amp; m\u00e9diation"},"content":{"rendered":"<p>Ceux qui ne sont pas satisfaits de la mani\u00e8re dont est appliqu\u00e9e la loi sur la transparence peuvent s&rsquo;adresser au\u00a0<em>Pr\u00e9pos\u00e9 f\u00e9d\u00e9ral \u00e0 la protection des donn\u00e9es et \u00e0 la transparence (PFPDT)<\/em> et introduire une demande en m\u00e9diation (la proc\u00e9dure est gratuite). Le PFPDT \u00e9met ensuite une recommandation. Celle-ci indique pr\u00e9cis\u00e9ment comment l&rsquo;autorit\u00e9 devrait proc\u00e9der pour accorder l&rsquo;acc\u00e8s aux documents.[app]<\/p>\n","protected":false},"excerpt":{"rendered":"<p>Ceux qui ne sont pas satisfaits de la mani\u00e8re dont est appliqu\u00e9e la loi sur la transparence peuvent s&rsquo;adresser au\u00a0Pr\u00e9pos\u00e9 f\u00e9d\u00e9ral \u00e0 la protection des donn\u00e9es et \u00e0 la transparence (PFPDT) et introduire une demande en m\u00e9diation (la proc\u00e9dure est gratuite). Le PFPDT \u00e9met ensuite une recommandation. Celle-ci indique pr\u00e9cis\u00e9ment comment l&rsquo;autorit\u00e9 devrait proc\u00e9der pour [&hellip;]<\/p>\n","protected":false},"author":1,"featured_media":0,"parent":56,"menu_order":6,"comment_status":"closed","ping_status":"closed","template":"","meta":{"footnotes":""},"class_list":["post-108","page","type-page","status-publish","hentry"],"_links":{"self":[{"href":"https:\/\/www.oeffentlichkeitsgesetz.ch\/francais\/wp-json\/wp\/v2\/pages\/108","targetHints":{"allow":["GET"]}}],"collection":[{"href":"https:\/\/www.oeffentlichkeitsgesetz.ch\/francais\/wp-json\/wp\/v2\/pages"}],"about":[{"href":"https:\/\/www.oeffentlichkeitsgesetz.ch\/francais\/wp-json\/wp\/v2\/types\/page"}],"author":[{"embeddable":true,"href":"https:\/\/www.oeffentlichkeitsgesetz.ch\/francais\/wp-json\/wp\/v2\/users\/1"}],"replies":[{"embeddable":true,"href":"https:\/\/www.oeffentlichkeitsgesetz.ch\/francais\/wp-json\/wp\/v2\/comments?post=108"}],"version-history":[{"count":0,"href":"https:\/\/www.oeffentlichkeitsgesetz.ch\/francais\/wp-json\/wp\/v2\/pages\/108\/revisions"}],"up":[{"embeddable":true,"href":"https:\/\/www.oeffentlichkeitsgesetz.ch\/francais\/wp-json\/wp\/v2\/pages\/56"}],"wp:attachment":[{"href":"https:\/\/www.oeffentlichkeitsgesetz.ch\/francais\/wp-json\/wp\/v2\/media?parent=108"}],"curies":[{"name":"wp","href":"https:\/\/api.w.org\/{rel}","templated":true}]}}