{"id":104,"date":"2011-05-11T23:13:32","date_gmt":"2011-05-11T21:13:32","guid":{"rendered":"https:\/\/www.oeffentlichkeitsgesetz.ch\/deutsch\/?page_id=104"},"modified":"2012-01-06T16:37:51","modified_gmt":"2012-01-06T15:37:51","slug":"urteile-bundesgerichte","status":"publish","type":"page","link":"https:\/\/www.oeffentlichkeitsgesetz.ch\/francais\/das-gesetz\/urteile-bundesgerichte\/","title":{"rendered":"Jugements des tribunaux f\u00e9d\u00e9raux"},"content":{"rendered":"<p><span style=\"color: #000000\"><span style=\"font-family: 'Century Gothic', sans-serif\"><span style=\"font-family: Georgia, serif\">Apr\u00e8s la proc\u00e9dure de conciliation aupr\u00e8s du Pr\u00e9pos\u00e9 f\u00e9d\u00e9ral \u00e0 la protection des donn\u00e9es et \u00e0 la transparence (PFPDT), le <\/span><span style=\"font-family: Georgia, serif\"><em>Tribunal administratif f\u00e9d\u00e9ral<\/em><\/span><span style=\"font-family: Georgia, serif\"> sert de seconde instance. La derni\u00e8re instance \u00e0 pouvoir trancher les questions touchant \u00e0 la loi sur la transparence est le <\/span><span style=\"font-family: Georgia, serif\"><em>Tribunal f\u00e9d\u00e9ral<\/em><\/span><span style=\"font-family: Georgia, serif\">. En Suisse, les juges f\u00e9d\u00e9raux ne se sont pas encore souvent prononc\u00e9s sur la l\u00e9gislation relative \u00e0 la transparence.<\/span><\/span><\/span><\/p>\n<p>[app]<\/p>\n","protected":false},"excerpt":{"rendered":"<p>Apr\u00e8s la proc\u00e9dure de conciliation aupr\u00e8s du Pr\u00e9pos\u00e9 f\u00e9d\u00e9ral \u00e0 la protection des donn\u00e9es et \u00e0 la transparence (PFPDT), le Tribunal administratif f\u00e9d\u00e9ral sert de seconde instance. La derni\u00e8re instance \u00e0 pouvoir trancher les questions touchant \u00e0 la loi sur la transparence est le Tribunal f\u00e9d\u00e9ral. En Suisse, les juges f\u00e9d\u00e9raux ne se sont pas [&hellip;]<\/p>\n","protected":false},"author":1,"featured_media":0,"parent":56,"menu_order":4,"comment_status":"closed","ping_status":"closed","template":"","meta":{"footnotes":""},"class_list":["post-104","page","type-page","status-publish","hentry"],"_links":{"self":[{"href":"https:\/\/www.oeffentlichkeitsgesetz.ch\/francais\/wp-json\/wp\/v2\/pages\/104","targetHints":{"allow":["GET"]}}],"collection":[{"href":"https:\/\/www.oeffentlichkeitsgesetz.ch\/francais\/wp-json\/wp\/v2\/pages"}],"about":[{"href":"https:\/\/www.oeffentlichkeitsgesetz.ch\/francais\/wp-json\/wp\/v2\/types\/page"}],"author":[{"embeddable":true,"href":"https:\/\/www.oeffentlichkeitsgesetz.ch\/francais\/wp-json\/wp\/v2\/users\/1"}],"replies":[{"embeddable":true,"href":"https:\/\/www.oeffentlichkeitsgesetz.ch\/francais\/wp-json\/wp\/v2\/comments?post=104"}],"version-history":[{"count":0,"href":"https:\/\/www.oeffentlichkeitsgesetz.ch\/francais\/wp-json\/wp\/v2\/pages\/104\/revisions"}],"up":[{"embeddable":true,"href":"https:\/\/www.oeffentlichkeitsgesetz.ch\/francais\/wp-json\/wp\/v2\/pages\/56"}],"wp:attachment":[{"href":"https:\/\/www.oeffentlichkeitsgesetz.ch\/francais\/wp-json\/wp\/v2\/media?parent=104"}],"curies":[{"name":"wp","href":"https:\/\/api.w.org\/{rel}","templated":true}]}}