{"id":8,"date":"2011-05-08T14:03:53","date_gmt":"2011-05-08T14:03:53","guid":{"rendered":"https:\/\/www.oeffentlichkeitsgesetz.ch\/deutsch\/?page_id=8"},"modified":"2026-01-05T09:44:17","modified_gmt":"2026-01-05T08:44:17","slug":"jusline","status":"publish","type":"page","link":"https:\/\/www.oeffentlichkeitsgesetz.ch\/deutsch\/jusline\/","title":{"rendered":"Wir beraten euch kostenlos"},"content":{"rendered":"<div>Wann kann mir ein Amt die Akteneinsicht verwehren? Was darf in einem Dokument eingeschw\u00e4rzt werden &#8211; und was nicht? Soll ich mein Recht auf Information und Akteneinsicht beim Richter durchsetzen?<\/div>\n<p><strong><a href=\"https:\/\/www.oeffentlichkeitsgesetz.ch\/deutsch\/files\/2018\/11\/Karl-Kuemin.jpg\"><img loading=\"lazy\" decoding=\"async\" class=\"alignleft wp-image-10015\" src=\"https:\/\/www.oeffentlichkeitsgesetz.ch\/deutsch\/files\/2018\/11\/Karl-Kuemin.jpg\" alt=\"\" width=\"166\" height=\"232\" srcset=\"https:\/\/www.oeffentlichkeitsgesetz.ch\/deutsch\/files\/2018\/11\/Karl-Kuemin.jpg 427w, https:\/\/www.oeffentlichkeitsgesetz.ch\/deutsch\/files\/2018\/11\/Karl-Kuemin-214x300.jpg 214w\" sizes=\"auto, (max-width: 166px) 100vw, 166px\" \/><\/a>Karl K\u00fcmin<\/strong> studierte Rechtswissenschaften an der Universit\u00e4t Luzern. Er schloss 2007 mit dem Master of Law ab. Das Anwaltspatent erwarb er im Jahr 2010. Er war bei Gerichts- und Strafbeh\u00f6rden, bei einer Gewerkschaft sowie als Anwalt t\u00e4tig. Seit 2016 arbeitet er als Redaktor und Unternehmensjurist bei den Konsumentenzeitschriften K-Tipp und saldo. Er beantwortet Fragen zum Zugang zu Beh\u00f6rdeninformationen von Medienschaffenden und weiteren interessierten Kreisen.\u00a0<\/p>\n<p>Anfragen werden werktags innerhalb 48 Stunden bearbeitet: <a href=\"mailto:jus&#108;&#105;&#110;&#101;&#64;&#111;&#101;ffen&#116;&#108;&#105;chk&#101;i&#116;s&#103;&#101;se&#116;z&#46;&#99;&#104;\">jus&#108;&#105;&#110;&#101;&#64;&#111;&#101;ffen&#116;&#108;&#105;chk&#101;i&#116;s&#103;&#101;se&#116;z&#46;&#99;&#104;<\/a>.<\/p>\n<div class=\"hinweis\">Diese Dienstleistung ist kostenlos. \u00d6ffentlichkeitsgesetz.ch ist aber auf die <a href=\"https:\/\/www.oeffentlichkeitsgesetz.ch\/deutsch\/unterstuetzen\/\">Unterst\u00fctzung <\/a>ihrer Benutzerinnen und Benutzer angewiesen.<\/div><div class=\"clear\"><\/div>\n","protected":false},"excerpt":{"rendered":"<p>Wann kann mir ein Amt die Akteneinsicht verwehren? Was darf in einem Dokument eingeschw\u00e4rzt werden &#8211; und was nicht? Soll ich mein Recht auf Information und Akteneinsicht beim Richter durchsetzen? Karl K\u00fcmin studierte Rechtswissenschaften an der Universit\u00e4t Luzern. Er schloss 2007 mit dem Master of Law ab. Das Anwaltspatent erwarb er im Jahr 2010. Er [&hellip;]<\/p>\n","protected":false},"author":1,"featured_media":0,"parent":0,"menu_order":0,"comment_status":"closed","ping_status":"closed","template":"","meta":{"footnotes":""},"class_list":["post-8","page","type-page","status-publish","hentry"],"_links":{"self":[{"href":"https:\/\/www.oeffentlichkeitsgesetz.ch\/deutsch\/wp-json\/wp\/v2\/pages\/8","targetHints":{"allow":["GET"]}}],"collection":[{"href":"https:\/\/www.oeffentlichkeitsgesetz.ch\/deutsch\/wp-json\/wp\/v2\/pages"}],"about":[{"href":"https:\/\/www.oeffentlichkeitsgesetz.ch\/deutsch\/wp-json\/wp\/v2\/types\/page"}],"author":[{"embeddable":true,"href":"https:\/\/www.oeffentlichkeitsgesetz.ch\/deutsch\/wp-json\/wp\/v2\/users\/1"}],"replies":[{"embeddable":true,"href":"https:\/\/www.oeffentlichkeitsgesetz.ch\/deutsch\/wp-json\/wp\/v2\/comments?post=8"}],"version-history":[{"count":5,"href":"https:\/\/www.oeffentlichkeitsgesetz.ch\/deutsch\/wp-json\/wp\/v2\/pages\/8\/revisions"}],"predecessor-version":[{"id":18910,"href":"https:\/\/www.oeffentlichkeitsgesetz.ch\/deutsch\/wp-json\/wp\/v2\/pages\/8\/revisions\/18910"}],"wp:attachment":[{"href":"https:\/\/www.oeffentlichkeitsgesetz.ch\/deutsch\/wp-json\/wp\/v2\/media?parent=8"}],"curies":[{"name":"wp","href":"https:\/\/api.w.org\/{rel}","templated":true}]}}