{"id":784,"date":"2011-06-08T18:15:21","date_gmt":"2011-06-08T16:15:21","guid":{"rendered":"https:\/\/www.oeffentlichkeitsgesetz.ch\/deutsch\/?page_id=784"},"modified":"2024-05-22T11:02:39","modified_gmt":"2024-05-22T09:02:39","slug":"bundesnahe-betriebe","status":"publish","type":"page","link":"https:\/\/www.oeffentlichkeitsgesetz.ch\/deutsch\/tips-tricks\/bundesnahe-betriebe\/","title":{"rendered":"Bundesnahe Betriebe"},"content":{"rendered":"<p>Auch f\u00fcr Betriebe in Staatsbesitz gelten Transparenzregeln. Laut \u00d6ffentlichkeitsgesetz aber nur insoweit, als sie Erlass- und Verf\u00fcgungskompetenz haben. Vor einem Gesuch an einen solchen Betrieb lohnt sich eine Recherche zur Rechtslage.<\/p>\n<h3>Beispiel Post<\/h3>\n<p>Artikel 18 des Postgesetzes sagt, dass gegen Verf\u00fcgungen der Post \u00fcber die Platzierung von Kundenbriefk\u00e4sten oder \u00fcber die Gew\u00e4hrung von Vorzugspreisen f\u00fcr die Bef\u00f6rderung von Zeitungen und Zeitschriften beim Bundesverwaltungsgericht Beschwerde gef\u00fchrt werden kann. Ergo hat die Post insbesondere hier eine Transparenzpflicht.<\/p>\n<h3>Beispiel Serafe<\/h3>\n<p>Artikel 69 des Radio- und Fernsehgesetzes sowie Artikel 65 Absatz 2 Buchtstabe b der Radio- und Fernsehverordnung verpflichten Serafe, Verf\u00fcgungen zur Erhebung von Empfangsgeb\u00fchren und betreffend Betreibungen zu erlassen. Die Dokumente dieser Vorg\u00e4nge unterstehen dem BG\u00d6.<\/p>\n<h3>Beispiel SUVA<\/h3>\n<p>Art. 49 ATSG sagt, dass \u00fcber &#171;Leistungen, Forderungen und Anordnungen, die erheblich sind oder mit denen die betroffene Person nicht einverstanden ist&#187;, der Versicherungstr\u00e4ger schriftlich Verf\u00fcgungen zu erlassen hat. Die Dokumente im Zusammenhang mit diesen Verf\u00fcgungen fallen in den Geltungsbereich des BG\u00d6.<\/p>\n<h3>Beispiel Schweizerischer Nationalfonds (SNF)<\/h3>\n<p>Artikel 13 des Forschungs- und Innovationsf\u00f6rderungsgesetzes schreibt vor, dass die Institutionen der Forschungsf\u00f6rderung, zu welchen unter anderem der SNF geh\u00f6rt, ihr Verfahren f\u00fcr Verf\u00fcgungen \u00fcber Beitr\u00e4ge regeln. Auf die Dokumente im Zusammenhang mit diesem Reglement und den Verf\u00fcgungen ist das BG\u00d6 anwendbar.<\/p>\n<h3>Beispiel SBB, BLS, SOB<\/h3>\n<p>Art. 3 des Bahngesetzes berechtigt Eisenbahnunternehmen mit einer Infrastrukturkonzession unter bestimmten Voraussetzungen zur Enteignung. Art. 23 des Bahngesetzes gestattet es diesen Eisenbahnunternehmen zudem, Vorschriften \u00fcber die Ben\u00fctzung des Bahnhofgebiets zu erlassen, um den ordnungsgem\u00e4ssen Betrieb zu gew\u00e4hrleisten. Die Dokumente im Zusammenhang mit diesen Vorg\u00e4ngen unterstehen dem BG\u00d6.<\/p>\n<div class=\"hinweis\">Unsere <a href=\"https:\/\/www.oeffentlichkeitsgesetz.ch\/deutsch\/jusline\/\">Jusline<\/a> ber\u00e4t Medienschaffende beim Stellen von Einsichtsgesuchen bei bundesnahen Betrieben &#8211; und erg\u00e4nzt die Liste der vom BG\u00d6 betroffenen Unternehmen laufend.<\/div><div class=\"clear\"><\/div>\n","protected":false},"excerpt":{"rendered":"<p>Auch f\u00fcr Betriebe in Staatsbesitz gelten Transparenzregeln. Laut \u00d6ffentlichkeitsgesetz aber nur insoweit, als sie Erlass- und Verf\u00fcgungskompetenz haben. Vor einem Gesuch an einen solchen Betrieb lohnt sich eine Recherche zur Rechtslage. Beispiel Post Artikel 18 des Postgesetzes sagt, dass gegen Verf\u00fcgungen der Post \u00fcber die Platzierung von Kundenbriefk\u00e4sten oder \u00fcber die Gew\u00e4hrung von Vorzugspreisen f\u00fcr [&hellip;]<\/p>\n","protected":false},"author":12,"featured_media":0,"parent":14,"menu_order":0,"comment_status":"open","ping_status":"closed","template":"","meta":{"footnotes":""},"class_list":["post-784","page","type-page","status-publish","hentry"],"_links":{"self":[{"href":"https:\/\/www.oeffentlichkeitsgesetz.ch\/deutsch\/wp-json\/wp\/v2\/pages\/784","targetHints":{"allow":["GET"]}}],"collection":[{"href":"https:\/\/www.oeffentlichkeitsgesetz.ch\/deutsch\/wp-json\/wp\/v2\/pages"}],"about":[{"href":"https:\/\/www.oeffentlichkeitsgesetz.ch\/deutsch\/wp-json\/wp\/v2\/types\/page"}],"author":[{"embeddable":true,"href":"https:\/\/www.oeffentlichkeitsgesetz.ch\/deutsch\/wp-json\/wp\/v2\/users\/12"}],"replies":[{"embeddable":true,"href":"https:\/\/www.oeffentlichkeitsgesetz.ch\/deutsch\/wp-json\/wp\/v2\/comments?post=784"}],"version-history":[{"count":2,"href":"https:\/\/www.oeffentlichkeitsgesetz.ch\/deutsch\/wp-json\/wp\/v2\/pages\/784\/revisions"}],"predecessor-version":[{"id":16790,"href":"https:\/\/www.oeffentlichkeitsgesetz.ch\/deutsch\/wp-json\/wp\/v2\/pages\/784\/revisions\/16790"}],"up":[{"embeddable":true,"href":"https:\/\/www.oeffentlichkeitsgesetz.ch\/deutsch\/wp-json\/wp\/v2\/pages\/14"}],"wp:attachment":[{"href":"https:\/\/www.oeffentlichkeitsgesetz.ch\/deutsch\/wp-json\/wp\/v2\/media?parent=784"}],"curies":[{"name":"wp","href":"https:\/\/api.w.org\/{rel}","templated":true}]}}