{"id":7353,"date":"2016-11-24T21:20:47","date_gmt":"2016-11-24T20:20:47","guid":{"rendered":"https:\/\/www.oeffentlichkeitsgesetz.ch\/deutsch\/?page_id=7353"},"modified":"2016-12-08T13:58:51","modified_gmt":"2016-12-08T12:58:51","slug":"steuerbefreiung","status":"publish","type":"page","link":"https:\/\/www.oeffentlichkeitsgesetz.ch\/deutsch\/steuerbefreiung\/","title":{"rendered":"Spenden und Steuern sparen"},"content":{"rendered":"<p>Der Verein \u00d6ffentlichkeitsgesetz.ch verfolgt ausschliesslich gemeinn\u00fctzige Zwecke, seine T\u00e4tigkeit liegt im Allgemeininteresse. Dies hat die Berner Steuerbeh\u00f6rde in einer Verf\u00fcgung am 12. Dezember 2014 festgehalten. Darin wurde unser Verein von der Steuerpflicht befreit.\u00a0<\/p>\n<hr \/>\n<p>&nbsp;<\/p>\n<div id=\"attachment_7476\" class=\"wp-caption alignright\" style=\"width: 608px\"><img loading=\"lazy\" decoding=\"async\" class=\"wp-image-7476 size-full\" src=\"https:\/\/www.oeffentlichkeitsgesetz.ch\/deutsch\/files\/2016\/11\/statistiker_photo.jpg\" alt=\"Statistisches Amt in Genf 1944\" width=\"598\" height=\"583\" \/> Statistisches Amt in Genf 1944. (Foto: RDB\/ATP\/Grisel)<p class=\"wp-caption-text\"><\/p><\/div>\n<p>Nat\u00fcrliche Personen mit Steuerpflicht im Kanton Bern k\u00f6nnen Spenden (Geld und \u00fcbrige Verm\u00f6genswerte) an uns von ihrem steuerbaren Einkommen abziehen, soweit diese 20% des reinen Einkommens nicht \u00fcbersteigen. Zudem d\u00fcrfen juristische Personen Spenden bis zu 20 Prozent des Reingewinns dem gesch\u00e4ftsm\u00e4ssig begr\u00fcndeten Aufwand zurechnen.<\/p>\n<p>Zwar wird die Befreiung von der Erbschafts- und Schenkungssteuer kantonal unterschiedlich geregelt. Auch bei der H\u00f6he der Abzugsm\u00f6glichkeiten gibt es Unterschiede. Die meisten Kantone haben mit dem Kanton Bern aber eine Gegenrechtsvereinbarung abgeschlossen. Deshalb gilt die f\u00fcr \u00d6ffentlichkeitsgesetz.ch in Bern getroffene Vereinbarung in diesen Kantonen in \u00e4hnlichem Ausmass.\u00a0<\/p>\n<p>Diese Steuerabz\u00fcge sind bei Spenden an \u00d6ffentlichkeitsgesetz.ch\u00a0m\u00f6glich:<\/p>\n<table style=\"margin-top: 18px\" width=\"100%\">\n<tbody>\n<tr>\n<td>\n<p><strong>Aargau<\/strong><\/p>\n<\/td>\n<td>\n<p>ab 100 Fr.<\/p>\n<\/td>\n<td>\n<p>h\u00f6chstens 20% des Reineinkommens<\/p>\n<\/td>\n<\/tr>\n<tr>\n<td>\n<p><strong>Appenzell Ausserrhoden\u00a0\u00a0<\/strong><\/p>\n<\/td>\n<td>\n<p>ab 100 Fr.<\/p>\n<\/td>\n<td>\n<p>h\u00f6chstens 10% des Reineinkommens<\/p>\n<\/td>\n<\/tr>\n<tr>\n<td>\n<p><strong>Appenzell Innerrhoden<\/strong><\/p>\n<\/td>\n<td>\n<p>ab 100 Fr.<\/p>\n<\/td>\n<td>\n<p>h\u00f6chstens 20% des Reineinkommens<\/p>\n<\/td>\n<\/tr>\n<tr>\n<td>\n<p><strong>Basel-Landschaft<\/strong><\/p>\n<\/td>\n<td>\n<p>keine Limite<\/p>\n<\/td>\n<td>\n<p>keine Limite<\/p>\n<\/td>\n<\/tr>\n<tr>\n<td>\n<p><strong>Basel-Stadt<\/strong><\/p>\n<\/td>\n<td>\n<p>ab 100 Fr.<\/p>\n<\/td>\n<td>\n<p>h\u00f6chstens 20% des Reineinkommens<\/p>\n<\/td>\n<\/tr>\n<tr>\n<td>\n<p><strong>Bern<\/strong><\/p>\n<\/td>\n<td>\n<p>keine Limite<\/p>\n<\/td>\n<td>\n<p>h\u00f6chstens 20% des Reineinkommens<\/p>\n<\/td>\n<\/tr>\n<tr>\n<td>\n<p><strong>Freiburg<\/strong><\/p>\n<\/td>\n<td>\n<p>ab 100 Fr.<\/p>\n<\/td>\n<td>\n<p>h\u00f6chstens 20% des Reineinkommens<\/p>\n<\/td>\n<\/tr>\n<tr>\n<td>\n<p><strong>Genf<\/strong><\/p>\n<\/td>\n<td>\n<p>keine Limite<\/p>\n<\/td>\n<td>\n<p>h\u00f6chstens 20% des Reineinkommens<\/p>\n<\/td>\n<\/tr>\n<tr>\n<td>\n<p><strong>Glarus<\/strong><\/p>\n<\/td>\n<td>\n<p>ab 100 Fr.<\/p>\n<\/td>\n<td>\n<p>h\u00f6chstens 20% des Reineinkommens<\/p>\n<\/td>\n<\/tr>\n<tr>\n<td>\n<p><strong>Graub\u00fcnden<\/strong><\/p>\n<\/td>\n<td>\n<p>keine Limite<\/p>\n<\/td>\n<td>\n<p>h\u00f6chstens 20% des Reineinkommens<\/p>\n<\/td>\n<\/tr>\n<tr>\n<td>\n<p><strong>Jura<\/strong><\/p>\n<\/td>\n<td>\n<p>keine Limite<\/p>\n<\/td>\n<td>\n<p>h\u00f6chstens 10% des Reineinkommens<\/p>\n<\/td>\n<\/tr>\n<tr>\n<td>\n<p><strong>Luzern<\/strong><\/p>\n<\/td>\n<td>\n<p>ab 100 Fr.<\/p>\n<\/td>\n<td>\n<p>h\u00f6chstens 20% des Reineinkommens<\/p>\n<\/td>\n<\/tr>\n<tr>\n<td>\n<p><strong>Nidwalden<\/strong><\/p>\n<\/td>\n<td>\n<p>keine Limite<\/p>\n<\/td>\n<td>\n<p>h\u00f6chstens 20% des Reineinkommens<\/p>\n<\/td>\n<\/tr>\n<tr>\n<td>\n<p><strong>Obwalden<\/strong><\/p>\n<\/td>\n<td>\n<p>ab 100 Fr.<\/p>\n<\/td>\n<td>\n<p>h\u00f6chstens 20% des Reineinkommens<\/p>\n<\/td>\n<\/tr>\n<tr>\n<td>\n<p><strong>Schaffhausen<\/strong><\/p>\n<\/td>\n<td>\n<p>ab 200 Fr.<\/p>\n<\/td>\n<td>\n<p>h\u00f6chstens 20% des Reineinkommens<\/p>\n<\/td>\n<\/tr>\n<tr>\n<td>\n<p><strong>Schwyz<\/strong><\/p>\n<\/td>\n<td>\n<p>ab 100 Fr.<\/p>\n<\/td>\n<td>\n<p>h\u00f6chstens 20% des Reineinkommens<\/p>\n<\/td>\n<\/tr>\n<tr>\n<td>\n<p><strong>St. Gallen<\/strong><\/p>\n<\/td>\n<td>\n<p>ab 500 Fr.<\/p>\n<\/td>\n<td>\n<p>h\u00f6chstens 20% des Reineinkommens<\/p>\n<\/td>\n<\/tr>\n<tr>\n<td>\n<p><strong>Solothurn<\/strong><\/p>\n<\/td>\n<td>\n<p>ab 100 Fr.<\/p>\n<\/td>\n<td>\n<p>h\u00f6chstens 20% des Reineinkommens<\/p>\n<\/td>\n<\/tr>\n<tr>\n<td>\n<p><strong>Tessin<\/strong><\/p>\n<\/td>\n<td>\n<p>ab 100 Fr.<\/p>\n<\/td>\n<td>\n<p>h\u00f6chstens 20% des Reineinkommens<\/p>\n<\/td>\n<\/tr>\n<tr>\n<td>\n<p><strong>Thurgau<\/strong><\/p>\n<\/td>\n<td>\n<p>ab 200 Fr.<\/p>\n<\/td>\n<td>\n<p>h\u00f6chstens 10% des Reineinkommens<\/p>\n<\/td>\n<\/tr>\n<tr>\n<td>\n<p><strong>Uri<\/strong><\/p>\n<\/td>\n<td>\n<p>ab 100 Fr.<\/p>\n<\/td>\n<td>\n<p>h\u00f6chstens 20% des Reineinkommens<\/p>\n<\/td>\n<\/tr>\n<tr>\n<td>\n<p><strong>Waadt<\/strong><\/p>\n<\/td>\n<td>\n<p>ab 100 Fr.<\/p>\n<\/td>\n<td>\n<p>h\u00f6chstens 10% des Reineinkommens<\/p>\n<\/td>\n<\/tr>\n<tr>\n<td>\n<p><strong>Wallis<\/strong><\/p>\n<\/td>\n<td>\n<p>keine Limite<\/p>\n<\/td>\n<td>\n<p>h\u00f6chstens 20% des Reineinkommens<\/p>\n<\/td>\n<\/tr>\n<tr>\n<td>\n<p><strong>Zug<\/strong><\/p>\n<\/td>\n<td>\n<p>ab 100 Fr.<\/p>\n<\/td>\n<td>\n<p>h\u00f6chstens 20% des Reineinkommens<\/p>\n<\/td>\n<\/tr>\n<tr>\n<td>\n<p><strong>Z\u00fcrich<\/strong><\/p>\n<\/td>\n<td>\n<p>ab 100 Fr.<\/p>\n<\/td>\n<td>\n<p>h\u00f6chstens 20% des Reineinkommens<\/p>\n<\/td>\n<\/tr>\n<\/tbody>\n<\/table>\n<p><em>Ohne Gew\u00e4hr, \u00c4nderungen bleiben vorbehalten.<\/em><\/p>\n<p>Bei Online-Spenden an uns gilt die E-Mail-Best\u00e4tigung, welche im Anschluss an die \u00dcberweisung automatisch verschickt wird, als Spendenbescheinigung. Sie kann dem Steuerdossier beigelegt werden. Auf Wunsch senden wir eine Spendenbescheinigungen aber auch per Post zu.<\/p>\n<p>Spendenbescheinugung bitte hier anfordern: <a href=\"mailto:i&#110;&#102;o&#64;o&#101;ffe&#110;&#116;&#108;ichke&#105;tsgeset&#122;&#46;ch\">i&#110;&#102;o&#64;o&#101;ffe&#110;&#116;&#108;ichke&#105;tsgeset&#122;&#46;ch<\/a><\/p>\n","protected":false},"excerpt":{"rendered":"<p>Der Verein \u00d6ffentlichkeitsgesetz.ch verfolgt ausschliesslich gemeinn\u00fctzige Zwecke, seine T\u00e4tigkeit liegt im Allgemeininteresse. Dies hat die Berner Steuerbeh\u00f6rde in einer Verf\u00fcgung am 12. Dezember 2014 festgehalten. Darin wurde unser Verein von der Steuerpflicht befreit.\u00a0 &nbsp; Nat\u00fcrliche Personen mit Steuerpflicht im Kanton Bern k\u00f6nnen Spenden (Geld und \u00fcbrige Verm\u00f6genswerte) an uns von ihrem steuerbaren Einkommen abziehen, soweit [&hellip;]<\/p>\n","protected":false},"author":12,"featured_media":0,"parent":0,"menu_order":0,"comment_status":"open","ping_status":"closed","template":"","meta":{"footnotes":""},"class_list":["post-7353","page","type-page","status-publish","hentry"],"_links":{"self":[{"href":"https:\/\/www.oeffentlichkeitsgesetz.ch\/deutsch\/wp-json\/wp\/v2\/pages\/7353","targetHints":{"allow":["GET"]}}],"collection":[{"href":"https:\/\/www.oeffentlichkeitsgesetz.ch\/deutsch\/wp-json\/wp\/v2\/pages"}],"about":[{"href":"https:\/\/www.oeffentlichkeitsgesetz.ch\/deutsch\/wp-json\/wp\/v2\/types\/page"}],"author":[{"embeddable":true,"href":"https:\/\/www.oeffentlichkeitsgesetz.ch\/deutsch\/wp-json\/wp\/v2\/users\/12"}],"replies":[{"embeddable":true,"href":"https:\/\/www.oeffentlichkeitsgesetz.ch\/deutsch\/wp-json\/wp\/v2\/comments?post=7353"}],"version-history":[{"count":5,"href":"https:\/\/www.oeffentlichkeitsgesetz.ch\/deutsch\/wp-json\/wp\/v2\/pages\/7353\/revisions"}],"predecessor-version":[{"id":7535,"href":"https:\/\/www.oeffentlichkeitsgesetz.ch\/deutsch\/wp-json\/wp\/v2\/pages\/7353\/revisions\/7535"}],"wp:attachment":[{"href":"https:\/\/www.oeffentlichkeitsgesetz.ch\/deutsch\/wp-json\/wp\/v2\/media?parent=7353"}],"curies":[{"name":"wp","href":"https:\/\/api.w.org\/{rel}","templated":true}]}}