{"id":6152,"date":"2015-09-17T15:53:51","date_gmt":"2015-09-17T13:53:51","guid":{"rendered":"https:\/\/www.oeffentlichkeitsgesetz.ch\/deutsch\/?page_id=6152"},"modified":"2024-06-13T18:18:31","modified_gmt":"2024-06-13T16:18:31","slug":"kurse","status":"publish","type":"page","link":"https:\/\/www.oeffentlichkeitsgesetz.ch\/deutsch\/kurse\/","title":{"rendered":"Schulungen"},"content":{"rendered":"<p><img loading=\"lazy\" decoding=\"async\" class=\"alignnone wp-image-16808 size-full\" src=\"https:\/\/www.oeffentlichkeitsgesetz.ch\/deutsch\/files\/2024\/05\/Schulung_oeg_expert_17.jpg\" alt=\"\" width=\"582\" height=\"344\" srcset=\"https:\/\/www.oeffentlichkeitsgesetz.ch\/deutsch\/files\/2024\/05\/Schulung_oeg_expert_17.jpg 582w, https:\/\/www.oeffentlichkeitsgesetz.ch\/deutsch\/files\/2024\/05\/Schulung_oeg_expert_17-300x177.jpg 300w\" sizes=\"auto, (max-width: 582px) 100vw, 582px\" \/><\/p>\n<h2>Journalistische Exzellenz dank Weiterbildung<\/h2>\n<p>Zentraler Bestandteil unserer Organisation ist die kontinuierliche Aus- und Weiterbildung, die <em>\u00d6ffentlichkeitsgesetz.ch<\/em> seit 2011 f\u00fcr Medienschaffende in der Deutsch- und Westschweiz anbietet. Als Ausbildungsorganisation erweitern wir unser Wissen laufend und integrieren unsere umfassenden Kenntnisse \u00fcber die Entwicklung von journalistischen Inhalten in unsere Lehrg\u00e4nge.<\/p>\n<div id=\"accordion-1\" class=\"accordion\"><div class=\"scrollto-offset\"><\/div><div class=\"accordion-control\"><span class=\"accordion-trigger\"><\/span> Das Starterkit<\/div><div class=\"accordion-content\"><\/p>\n<p><strong>Einblick in \u00d6ffentlichkeitsgesetze und Ideenwerkstatt<\/strong><br \/>\nMit einem Input von 1 bis 2 Stunden vermitteln wir die Grundz\u00fcge der \u00d6ffentlichkeitsgesetze und zeigen, welche Geschichten damit im In- und Ausland realisiert wurden. Die Kursteilnehmenden lernen Strategien kennen, mit denen sie zu exklusiven Verwaltungsdokumenten kommen, und sie wissen, wie man sich f\u00fcr sein Aktenzugangs-Recht wehrt. Sie sind nach der Kurzeinf\u00fchrung f\u00e4hig, das Arbeitsinstrument im Alltag anzuwenden, und die meisten sind motiviert, dies zu tun.<\/p>\n<p><\/div><\/div>\n<div id=\"accordion-2\" class=\"accordion\"><div class=\"scrollto-offset\"><\/div><div class=\"accordion-control\"><span class=\"accordion-trigger\"><\/span> Der Intensivkurs<\/div><div class=\"accordion-content\"><\/p>\n<p><strong>Daten, Dokumente, Ideenfindung und Projekte<br \/>\n<\/strong>In diesem eint\u00e4gigen Kurs lernen die Teilnehmenden neben den Grundlagen auch Ideen f\u00fcr Einsichtsbegehren zu entwickeln, Antr\u00e4ge zu stellen und diese durchzusetzen. Sie k\u00f6nnen Antworten der Verwaltung beurteilen und erarbeiten Zugangsgesuche, die Aussicht auf Erfolg haben. In den Wochen nach dem Kurs kann ein Coaching angeschlossen werden.\u00a0\u00a0<\/p>\n<p><\/div><\/div>\n<div id=\"accordion-3\" class=\"accordion\"><div class=\"scrollto-offset\"><\/div><div class=\"accordion-control\"><span class=\"accordion-trigger\"><\/span> Ein Abend zu Rechten und Pflichten<\/div><div class=\"accordion-content\"><\/p>\n<p><strong>Eine Schulung mit dem Schweizer Presserat<\/strong><br \/>\nGemeinsam mit dem Schweizer Presserat bietet <em>\u00d6ffentlichkeitsgesetz.ch<\/em> zweist\u00fcndige Veranstaltungen an. Ein Referent des Presserates geht auf aktuelle F\u00e4lle aus der Beurteilungspraxis\u00a0 ein. Ein Referent von <em>\u00d6ffentlichkeitsgesetz.ch<\/em> zeigt, welche Rechte Medienschaffende haben, um an amtliche Dokumente zu kommen. F\u00fcr geb\u00fchrenfinanzierte, lokale Radio- und TV-Stationen ist der Anlass kostenlos.\u00a0<\/p>\n<p><\/div><\/div>\n<div id=\"accordion-4\" class=\"accordion\"><div class=\"scrollto-offset\"><\/div><div class=\"accordion-control\"><span class=\"accordion-trigger\"><\/span> Coaching<\/div><div class=\"accordion-content\"><\/p>\n<p><b>Wir geben unser Wissen weiter<br \/>\n<\/b>Wir begleiten Medien\u00adschaf\u00adfende bei ihren Projekten und helfen ihnen, die \u00d6ffentlichkeitsgesetze zielgerichtet einzusetzen. Das Coaching findet je nach Bed\u00fcrfnis einmalig oder wiederholt statt. Wir reisen in die Redaktionen oder tauschen uns virtuell aus. F\u00fcr regional wirkende Medienschaffende ist dies im Rahmen unseres Regionen-Projekts kostenlos.\u00a0\u00a0<br \/>\n<\/div><\/div>\n<div id=\"accordion-5\" class=\"accordion\"><div class=\"scrollto-offset\"><\/div><div class=\"accordion-control\"><span class=\"accordion-trigger\"><\/span> \u00c0 la Carte<\/div><div class=\"accordion-content\"><\/p>\n<p><strong>Flexible Kursangebote und individuelle Anpassungen<\/strong><br \/>\nWir bieten alle Kurse auf Franz\u00f6sisch und Deutsch an. Auf Wunsch k\u00fcrzen wir den Intensivkurs auf einen halben Tag oder setzen besondere Akzente, zum Beispiel auf eine kantonale Gesetzgebung oder auf einen Sachbereich (zum Beispiel das Gesundheitswesen oder die Beschaffung von Datenbanken). Wir k\u00f6nnen auch auf Projektmethodik im Journalismus oder auf Archivrecherchen fokussieren.\u00a0<\/p>\n<p><\/div><\/div>\n<div id=\"accordion-6\" class=\"accordion\"><div class=\"scrollto-offset\"><\/div><div class=\"accordion-control\"><span class=\"accordion-trigger\"><\/span> Inputs f\u00fcr Verwaltungen<\/div><div class=\"accordion-content\"><\/p>\n<p><strong>Massgeschneidert f\u00fcr die Verwaltung<br \/>\n<\/strong>In massgeschneiderten Anl\u00e4ssen vermitteln wir der Verwaltung das \u00d6ffentlichkeitsprinzip aus der Perspektive von Medienschaffenden. Wir setzen uns mit der guten Umsetzungspraxis auseinander, die wir gemeinsam mit der Verwaltung entwickelt haben, und bieten Tipps f\u00fcr einen konfliktfreien Umgang mit der \u00d6ffentlichkeit an.<br \/>\n<\/div><\/div>\n<div id=\"accordion-7\" class=\"accordion\"><div class=\"scrollto-offset\"><\/div><div class=\"accordion-control\"><span class=\"accordion-trigger\"><\/span> Caf\u00e9 Transparence<\/div><div class=\"accordion-content\"><\/p>\n<p><strong>Wissenstransfer in der Online-Akademie<br \/>\n<\/strong>Das Caf\u00e9 Transparence bietet eine Weiterbildung f\u00fcr alle an, die sich f\u00fcr die \u00d6ffentlichkeitsgesetze von Bund und Kantonen interessieren. Diese Online-Akademie richtet sich an Medienschaffende und alle anderen Interessierten. Medienschaffende erz\u00e4hlen von ihren Recherchen mit dem \u00d6ffentlichkeitsgesetz, Fachleute vermitteln Know-how, und auch Verwaltungen kommen zu Wort. Die Veranstaltungen werden \u00fcber Zoom ausgestrahlt.<br \/>\n<\/div><\/div>\n<p>Eine einst\u00fcndige Kurzeinf\u00fchrung hat Platz in einer Redaktionssitzung oder einer Retraite, motiviert zur Arbeit mit den Transparenzgesetzen und hebt die Qualit\u00e4t der redaktionellen Leistung. In Halbtages- oder Tagesseminaren vermitteln wir einen vertieften Einblick ins Thema.\u00a0<\/p>\n<div class=\"hinweis\">Anfragen zu Kursen an die <a href=\"https:\/\/www.oeffentlichkeitsgesetz.ch\/deutsch\/geschaeftsstelle\/\" target=\"_blank\" rel=\"noopener noreferrer\">Gesch\u00e4ftsstelle<\/a> von \u00d6ffentlichkeitsgesetz.ch richten: <a href=\"mailto:&#105;&#110;f&#111;&#64;o&#101;&#102;f&#101;&#110;tli&#99;h&#107;eitsg&#101;&#115;&#101;&#116;&#122;&#46;&#99;&#104;\">&#105;&#110;f&#111;&#64;o&#101;&#102;f&#101;&#110;tli&#99;h&#107;eitsg&#101;&#115;&#101;&#116;&#122;&#46;&#99;&#104;<\/a> <\/div><div class=\"clear\"><\/div>\n<p>Wir decken mit unseren Ausbildungen den gesamten Zyklus einer Recherche ab, von der Ideenfindung \u00fcber die Beschaffung von Dokumenten bis hin zur verantwortungsvollen Umsetzung. Wir orientieren uns an den g\u00fcltigen Standards f\u00fcr Journalismus und gute Praxis und st\u00fctzen uns auf den Kodex des Schweizer Presserates. Unser Weiterbildungsangebot entwickeln wir st\u00e4ndig weiter, auch im Austausch mit internationalen Organisationen und Fachleuten, die zu diesem Thema arbeiten.\u00a0<\/p>\n<div class=\"infobox\"><\/p>\n<p class=\"p1\"><strong>Schulungen f\u00fcr Redaktionen, Medienschulen und Universit\u00e4ten<\/strong><\/p>\n<p>Im Laufe der Jahre haben wir mehr als 2500 Medienschaffende ausgebildet \u2013 eine (unvollst\u00e4ndige) Auflistung der durchgef\u00fchrten Schulungen.<\/p>\n<p><div class=\"infobox-more\"><button class=\"info-plus\" type=\"button\"><\/button><div class=\"infobox-inner\"><\/p>\n<p><strong>Inputveranstaltungen auf Redaktionen<\/strong><br \/>\nWir sind pr\u00e4sent auf den grossen Redaktionen mit verschiedenen Schulungsformaten. Alle grossen Medienredaktionen der Schweiz waren bei uns, unter anderem Tages-Anzeiger, NZZ, SRF, CH Media, Watson, Somedia und 24heures.<\/p>\n<p><strong>Grundkurs Recherche MAZ<\/strong><br \/>\nWir bringen in der gr\u00f6ssten Medienschule unser Wissen in die Grundausbildung ein. So wissen die jungen Journalistinnen und Journalisten, was das \u00d6ffentlichkeitsprinzip ist und welche M\u00f6glichkeiten und Grenzen die Gesetze haben. Gegen 400 Medienschaffende haben wir hier geschult.<\/p>\n<p><strong>Datenjournalismus und \u00d6ffentlichkeitsprinzip<\/strong><br \/>\nWir haben verschiedene Redaktionen in der Beschaffung von Datens\u00e4tzen gest\u00fctzt auf das \u00d6ffentlichkeitsprinzip geschult. Dazu geh\u00f6ren SRF Data, die Ringier-Redaktionen und Spezialkurse am MAZ.<\/p>\n<p><strong>Kurstournee durch die Schweizer Kantone<\/strong><br \/>\nZwischen November 2015 und Januar 2016 schulten wir 220 Medienschaffende in der ganzen Schweiz und vermittelten ihnen einen \u00dcberblick \u00fcber die \u00d6ffentlichkeitsgesetze des Bundes und der Kantone.<\/p>\n<p><strong>Regionenprojekt<\/strong><br \/>\nIm Rahmen unseres Regionenprojekts schulen wir gr\u00f6ssere und kleinere Lokalredaktionen mit einem Bezug auf die kantonalen Gesetze. Bereits haben wir hier \u00fcber 200 Medienschaffende in der Deutsch- und Westschweiz erreicht.<\/p>\n<p><strong>Schulungen mit dem Presserat<\/strong><br \/>\nIm Laufe der Jahre haben wir mit dem Presserat mehr als 40 Veranstaltungen durchgef\u00fchrt und so rund 500 Lokal- und Regionaljournalisten erreicht.<\/p>\n<p><strong>Universit\u00e4tsschulungen<\/strong><br \/>\nAusserdem schulen wir regelm\u00e4ssig an den Universit\u00e4ten Bern und Z\u00fcrich in speziellen Seminaren sowie an der Z\u00fcrcher ZHdK.<\/p>\n<p><\/div><\/div><\/p>\n<p><\/div>\n<p>&nbsp;<\/p>\n<p>&nbsp;<\/p>\n<hr \/>\n<h3>Das sagen Kursbesucherinnen und -besucher:\u00a0<\/h3>\n<table style=\"width: 600px\">\n<tbody>\n<tr>\n<td><em><strong>\u00a0<\/strong><\/em><\/td>\n<td>&nbsp;<\/td>\n<\/tr>\n<tr>\n<td><em><strong>\u00a0\u00abDer Kursleiter weiss, wovon er spricht.\u00bb<\/strong><\/em><\/td>\n<td>Erich Aschwanden <br \/>\nNeue Z\u00fcrcher Zeitung<\/td>\n<\/tr>\n<tr>\n<td>&nbsp;<\/td>\n<td>&nbsp;<\/td>\n<\/tr>\n<tr>\n<td>\n<h4><em>\u00a0<\/em><\/h4>\n<\/td>\n<td>&nbsp;<\/td>\n<\/tr>\n<tr>\n<td>\n<h4><em>\u00abSpannendes und kontroverses Frageduell.\u00bb<\/em><\/h4>\n<\/td>\n<td>Fabian Buchschacher<br \/>\nRadio Top<\/td>\n<\/tr>\n<tr>\n<td>\n<h4><em>\u00a0<\/em><\/h4>\n<\/td>\n<td>&nbsp;<\/td>\n<\/tr>\n<tr>\n<td>\n<h4><em>\u00abMir war nicht bewusst, wie gross das Potential<br \/>\nan \u00f6ffentlich zug\u00e4nglichen Dokumenten ist.\u00bb<\/em><\/h4>\n<\/td>\n<td>Thomas Heeb <br \/>\nRadio SRF<\/td>\n<\/tr>\n<tr>\n<td>\n<h4><em>\u00a0<\/em><\/h4>\n<\/td>\n<td>&nbsp;<\/td>\n<\/tr>\n<tr>\n<td>\n<h4><em>\u00abGute Beispiele.\u00bb\u00a0<\/em><\/h4>\n<\/td>\n<td>Dominic Engler<strong><br \/>\n<\/strong>Tele Z\u00a0<\/td>\n<\/tr>\n<tr>\n<td>\n<h4><em>\u00a0<\/em><\/h4>\n<\/td>\n<td>&nbsp;<\/td>\n<\/tr>\n<tr>\n<td>\n<h4><em>\u00abMein Verst\u00e4ndnis f\u00fcr das \u00d6ffentlichkeitsgesetz <br \/>\nhat\u00a0sich mit dem Kurs verbessert.\u00bb<\/em><\/h4>\n<\/td>\n<td>Benno K\u00e4lin <br \/>\nTele Z\u00fcri<\/td>\n<\/tr>\n<tr>\n<td>\n<h4><em>\u00a0<\/em><\/h4>\n<\/td>\n<td>&nbsp;<\/td>\n<\/tr>\n<tr>\n<td>\n<h4><em>\u00abSehr gut strukturiert, verst\u00e4ndlich, motivierend.\u00bb<\/em><\/h4>\n<\/td>\n<td>Stefan Eiholzer<strong><br \/>\n<\/strong>Radio SRF<\/td>\n<\/tr>\n<tr>\n<td>\n<h4><em>\u00a0<\/em><\/h4>\n<\/td>\n<td>&nbsp;<\/td>\n<\/tr>\n<tr>\n<td>\n<h4><em>\u00abDer Kurs hat mich motiviert, einen Antrag<br \/>\nauf\u00a0Aktenzugang zu stellen.\u00bb<\/em><\/h4>\n<\/td>\n<td>Julian Zahnd<strong><br \/>\n<\/strong>Frutigl\u00e4nder<\/td>\n<\/tr>\n<\/tbody>\n<\/table>\n<hr \/>\n<div class=\"infobox\"><\/p>\n<p><img loading=\"lazy\" decoding=\"async\" class=\"alignnone size-full wp-image-16799\" src=\"https:\/\/www.oeffentlichkeitsgesetz.ch\/deutsch\/files\/2024\/05\/Flyer_1_nur_Titel_geschnitten-e1603993081362.png\" alt=\"\" width=\"582\" height=\"357\" srcset=\"https:\/\/www.oeffentlichkeitsgesetz.ch\/deutsch\/files\/2024\/05\/Flyer_1_nur_Titel_geschnitten-e1603993081362.png 582w, https:\/\/www.oeffentlichkeitsgesetz.ch\/deutsch\/files\/2024\/05\/Flyer_1_nur_Titel_geschnitten-e1603993081362-300x184.png 300w\" sizes=\"auto, (max-width: 582px) 100vw, 582px\" \/><br \/>\nUnvergesslich: In einem 50 Jahre alten Klappwohnwagen haben wir auch w\u00e4hrend der Corona-Pandemie im November und Dezember 2020 einen mehrteiligen Online-Schulungs-Event umgesetzt. Es wirkten mit: Lucien Fluri (CH Media), Cedric Fr\u00f6hlich, Mathias Gottet (Berner Zeitung), Mattias Greuter (Schaffhauser AZ), Timo Grossenbacher (Tamedia), Judith Petermann (\u00d6ffentlichkeitsbeauftragte Kanton Solothurn).<\/p>\n<p><\/div>\n","protected":false},"excerpt":{"rendered":"<p>Journalistische Exzellenz dank Weiterbildung Zentraler Bestandteil unserer Organisation ist die kontinuierliche Aus- und Weiterbildung, die \u00d6ffentlichkeitsgesetz.ch seit 2011 f\u00fcr Medienschaffende in der Deutsch- und Westschweiz anbietet. Als Ausbildungsorganisation erweitern wir unser Wissen laufend und integrieren unsere umfassenden Kenntnisse \u00fcber die Entwicklung von journalistischen Inhalten in unsere Lehrg\u00e4nge. Eine einst\u00fcndige Kurzeinf\u00fchrung hat Platz in einer Redaktionssitzung [&hellip;]<\/p>\n","protected":false},"author":12,"featured_media":0,"parent":0,"menu_order":-1,"comment_status":"open","ping_status":"closed","template":"","meta":{"footnotes":""},"class_list":["post-6152","page","type-page","status-publish","hentry"],"_links":{"self":[{"href":"https:\/\/www.oeffentlichkeitsgesetz.ch\/deutsch\/wp-json\/wp\/v2\/pages\/6152","targetHints":{"allow":["GET"]}}],"collection":[{"href":"https:\/\/www.oeffentlichkeitsgesetz.ch\/deutsch\/wp-json\/wp\/v2\/pages"}],"about":[{"href":"https:\/\/www.oeffentlichkeitsgesetz.ch\/deutsch\/wp-json\/wp\/v2\/types\/page"}],"author":[{"embeddable":true,"href":"https:\/\/www.oeffentlichkeitsgesetz.ch\/deutsch\/wp-json\/wp\/v2\/users\/12"}],"replies":[{"embeddable":true,"href":"https:\/\/www.oeffentlichkeitsgesetz.ch\/deutsch\/wp-json\/wp\/v2\/comments?post=6152"}],"version-history":[{"count":5,"href":"https:\/\/www.oeffentlichkeitsgesetz.ch\/deutsch\/wp-json\/wp\/v2\/pages\/6152\/revisions"}],"predecessor-version":[{"id":12408,"href":"https:\/\/www.oeffentlichkeitsgesetz.ch\/deutsch\/wp-json\/wp\/v2\/pages\/6152\/revisions\/12408"}],"wp:attachment":[{"href":"https:\/\/www.oeffentlichkeitsgesetz.ch\/deutsch\/wp-json\/wp\/v2\/media?parent=6152"}],"curies":[{"name":"wp","href":"https:\/\/api.w.org\/{rel}","templated":true}]}}