{"id":61,"date":"2011-05-09T21:42:10","date_gmt":"2011-05-09T21:42:10","guid":{"rendered":"https:\/\/www.oeffentlichkeitsgesetz.ch\/deutsch\/?page_id=61"},"modified":"2019-09-06T17:12:11","modified_gmt":"2019-09-06T16:12:11","slug":"whistle-blower-line","status":"publish","type":"page","link":"https:\/\/www.oeffentlichkeitsgesetz.ch\/deutsch\/whistle-blower-line\/","title":{"rendered":"Melden, was publik werden muss"},"content":{"rendered":"<p>In den Aktenschr\u00e4nken und Datenspeichern der Verwaltung lagern Unmengen von interessanten Informationen, die eigentlich \u00f6ffentlich zug\u00e4nglich w\u00e4ren, von denen aber niemand etwas weiss.<\/p>\n<p>In ihrer Arbeit sind Medienschaffende auf vertrauliche Hinweise von Wissenden angewiesen. Werden wir auf \u00f6ffentlich relevante Dokumente aufmerksam gemacht, beantragen wir \u2013 ganz legal und gest\u00fctzt auf das \u00d6ffentlichkeitsgesetz \u2013 deren Herausgabe und k\u00e4mpfen wenn n\u00f6tig bis vor dem Richter daf\u00fcr. Danach wird das Dokument auf \u00d6ffentlichkeitsgesetz.ch publiziert.<\/p>\n<p>&nbsp;<\/p>\n<hr \/>\n<p>[app]<\/p>\n<div class=\"hinweis\">Der \u00dcbermittlung von Mitteilungen erfolgt SSL-gesichert, gleich wie beim Online-Banking.\u00a0Zu Ihrer Sicherheit: <a href=\"https:\/\/www.oeffentlichkeitsgesetz.ch\/deutsch\/whistle-blower-line\/infos\/\">Das m\u00fcssen Sie wissen<\/a><\/div><div class=\"clear\"><\/div>\n","protected":false},"excerpt":{"rendered":"<p>In den Aktenschr\u00e4nken und Datenspeichern der Verwaltung lagern Unmengen von interessanten Informationen, die eigentlich \u00f6ffentlich zug\u00e4nglich w\u00e4ren, von denen aber niemand etwas weiss. In ihrer Arbeit sind Medienschaffende auf vertrauliche Hinweise von Wissenden angewiesen. Werden wir auf \u00f6ffentlich relevante Dokumente aufmerksam gemacht, beantragen wir \u2013 ganz legal und gest\u00fctzt auf das \u00d6ffentlichkeitsgesetz \u2013 deren Herausgabe [&hellip;]<\/p>\n","protected":false},"author":1,"featured_media":0,"parent":0,"menu_order":0,"comment_status":"open","ping_status":"closed","template":"","meta":{"footnotes":""},"class_list":["post-61","page","type-page","status-publish","hentry"],"_links":{"self":[{"href":"https:\/\/www.oeffentlichkeitsgesetz.ch\/deutsch\/wp-json\/wp\/v2\/pages\/61","targetHints":{"allow":["GET"]}}],"collection":[{"href":"https:\/\/www.oeffentlichkeitsgesetz.ch\/deutsch\/wp-json\/wp\/v2\/pages"}],"about":[{"href":"https:\/\/www.oeffentlichkeitsgesetz.ch\/deutsch\/wp-json\/wp\/v2\/types\/page"}],"author":[{"embeddable":true,"href":"https:\/\/www.oeffentlichkeitsgesetz.ch\/deutsch\/wp-json\/wp\/v2\/users\/1"}],"replies":[{"embeddable":true,"href":"https:\/\/www.oeffentlichkeitsgesetz.ch\/deutsch\/wp-json\/wp\/v2\/comments?post=61"}],"version-history":[{"count":3,"href":"https:\/\/www.oeffentlichkeitsgesetz.ch\/deutsch\/wp-json\/wp\/v2\/pages\/61\/revisions"}],"predecessor-version":[{"id":11044,"href":"https:\/\/www.oeffentlichkeitsgesetz.ch\/deutsch\/wp-json\/wp\/v2\/pages\/61\/revisions\/11044"}],"wp:attachment":[{"href":"https:\/\/www.oeffentlichkeitsgesetz.ch\/deutsch\/wp-json\/wp\/v2\/media?parent=61"}],"curies":[{"name":"wp","href":"https:\/\/api.w.org\/{rel}","templated":true}]}}