{"id":588,"date":"2011-05-27T17:58:01","date_gmt":"2011-05-27T15:58:01","guid":{"rendered":"https:\/\/www.oeffentlichkeitsgesetz.ch\/deutsch\/?page_id=588"},"modified":"2011-05-27T17:58:01","modified_gmt":"2011-05-27T15:58:01","slug":"allgemeine-gebuhrenverordnung","status":"publish","type":"page","link":"https:\/\/www.oeffentlichkeitsgesetz.ch\/deutsch\/allgemeine-gebuhrenverordnung\/","title":{"rendered":"Allgemeine Geb\u00fchrenverordnung"},"content":{"rendered":"<h3>vom 8. September 2004 (Stand am 4. Juli 2006):<\/h3>\n<p><strong>Art. 3 Abs. 2 Bst. a:<\/strong> <em>\u201eAuf die Geb\u00fchrenerhebung kann verzichtet werden, wenn ein \u00fcberwiegendes \u00f6ffentliches Interesse an der Verf\u00fcgung oder Dienstleistung besteht\u201c<\/em><\/p>\n","protected":false},"excerpt":{"rendered":"<p>vom 8. September 2004 (Stand am 4. Juli 2006): Art. 3 Abs. 2 Bst. a: \u201eAuf die Geb\u00fchrenerhebung kann verzichtet werden, wenn ein \u00fcberwiegendes \u00f6ffentliches Interesse an der Verf\u00fcgung oder Dienstleistung besteht\u201c<\/p>\n","protected":false},"author":12,"featured_media":0,"parent":0,"menu_order":0,"comment_status":"open","ping_status":"closed","template":"","meta":{"footnotes":""},"class_list":["post-588","page","type-page","status-publish","hentry"],"_links":{"self":[{"href":"https:\/\/www.oeffentlichkeitsgesetz.ch\/deutsch\/wp-json\/wp\/v2\/pages\/588","targetHints":{"allow":["GET"]}}],"collection":[{"href":"https:\/\/www.oeffentlichkeitsgesetz.ch\/deutsch\/wp-json\/wp\/v2\/pages"}],"about":[{"href":"https:\/\/www.oeffentlichkeitsgesetz.ch\/deutsch\/wp-json\/wp\/v2\/types\/page"}],"author":[{"embeddable":true,"href":"https:\/\/www.oeffentlichkeitsgesetz.ch\/deutsch\/wp-json\/wp\/v2\/users\/12"}],"replies":[{"embeddable":true,"href":"https:\/\/www.oeffentlichkeitsgesetz.ch\/deutsch\/wp-json\/wp\/v2\/comments?post=588"}],"version-history":[{"count":0,"href":"https:\/\/www.oeffentlichkeitsgesetz.ch\/deutsch\/wp-json\/wp\/v2\/pages\/588\/revisions"}],"wp:attachment":[{"href":"https:\/\/www.oeffentlichkeitsgesetz.ch\/deutsch\/wp-json\/wp\/v2\/media?parent=588"}],"curies":[{"name":"wp","href":"https:\/\/api.w.org\/{rel}","templated":true}]}}