{"id":579,"date":"2011-05-27T17:50:39","date_gmt":"2011-05-27T15:50:39","guid":{"rendered":"https:\/\/www.oeffentlichkeitsgesetz.ch\/deutsch\/?page_id=579"},"modified":"2011-05-27T17:52:37","modified_gmt":"2011-05-27T15:52:37","slug":"umsetzung-des-offentlichkeitsprinzips-in-der-bundesverwaltung","status":"publish","type":"page","link":"https:\/\/www.oeffentlichkeitsgesetz.ch\/deutsch\/umsetzung-des-offentlichkeitsprinzips-in-der-bundesverwaltung\/","title":{"rendered":"Umsetzung des \u00d6ffentlichkeitsprinzips in der Bundesverwaltung"},"content":{"rendered":"<h3>H\u00e4ufig gestellte Fragen, 25. Februar 2010:<\/h3>\n<p><strong>Frage: <\/strong><em>Bisher werden Medienschaffenden Unterlagen oft gratis abgegeben. Kann diese Praxis weitergef\u00fchrt werden oder m\u00fcssen von den Medien k\u00fcnftig aus Gleichbehandlungsgr\u00fcnden Geb\u00fchren bezahlt werden?<\/em><\/p>\n<p><strong>Antwort: <\/strong><em>Im Umgang mit den Medien kann die bisherige Praxis beibehalten wer-den. Den Beh\u00f6rden kommt ein gewisser Ermessensspielraum zu. Das Gleichbe-handlungsgebot vermittelt &#171;normalen&#187; Gesuchstellenden keinen Anspruch darauf, gleich wie Medienschaffende behandelt zu werden. Hingegen hat ein Medien-schaffender oder eine Medienschaffende Anspruch darauf, ein bestimmtes Dokument zu den gleichen Konditionen zu erhalten wie andere Medienschaffende<\/em>.<\/p>\n","protected":false},"excerpt":{"rendered":"<p>H\u00e4ufig gestellte Fragen, 25. Februar 2010: Frage: Bisher werden Medienschaffenden Unterlagen oft gratis abgegeben. Kann diese Praxis weitergef\u00fchrt werden oder m\u00fcssen von den Medien k\u00fcnftig aus Gleichbehandlungsgr\u00fcnden Geb\u00fchren bezahlt werden? Antwort: Im Umgang mit den Medien kann die bisherige Praxis beibehalten wer-den. Den Beh\u00f6rden kommt ein gewisser Ermessensspielraum zu. Das Gleichbe-handlungsgebot vermittelt &#171;normalen&#187; Gesuchstellenden keinen [&hellip;]<\/p>\n","protected":false},"author":12,"featured_media":0,"parent":0,"menu_order":0,"comment_status":"open","ping_status":"closed","template":"","meta":{"footnotes":""},"class_list":["post-579","page","type-page","status-publish","hentry"],"_links":{"self":[{"href":"https:\/\/www.oeffentlichkeitsgesetz.ch\/deutsch\/wp-json\/wp\/v2\/pages\/579","targetHints":{"allow":["GET"]}}],"collection":[{"href":"https:\/\/www.oeffentlichkeitsgesetz.ch\/deutsch\/wp-json\/wp\/v2\/pages"}],"about":[{"href":"https:\/\/www.oeffentlichkeitsgesetz.ch\/deutsch\/wp-json\/wp\/v2\/types\/page"}],"author":[{"embeddable":true,"href":"https:\/\/www.oeffentlichkeitsgesetz.ch\/deutsch\/wp-json\/wp\/v2\/users\/12"}],"replies":[{"embeddable":true,"href":"https:\/\/www.oeffentlichkeitsgesetz.ch\/deutsch\/wp-json\/wp\/v2\/comments?post=579"}],"version-history":[{"count":0,"href":"https:\/\/www.oeffentlichkeitsgesetz.ch\/deutsch\/wp-json\/wp\/v2\/pages\/579\/revisions"}],"wp:attachment":[{"href":"https:\/\/www.oeffentlichkeitsgesetz.ch\/deutsch\/wp-json\/wp\/v2\/media?parent=579"}],"curies":[{"name":"wp","href":"https:\/\/api.w.org\/{rel}","templated":true}]}}