{"id":5689,"date":"2015-05-27T00:20:55","date_gmt":"2015-05-26T22:20:55","guid":{"rendered":"https:\/\/www.oeffentlichkeitsgesetz.ch\/deutsch\/?page_id=5689"},"modified":"2023-03-15T12:06:22","modified_gmt":"2023-03-15T11:06:22","slug":"die-kantone","status":"publish","type":"page","link":"https:\/\/www.oeffentlichkeitsgesetz.ch\/deutsch\/die-kantone\/","title":{"rendered":"Die Kantone"},"content":{"rendered":"<h2>Alle \u00d6ffentlichkeitsgesetze auf einen Blick<\/h2>\n<p>Kriege ich die Protokolle des Gemeinderates? Gilt das Gesetz auch f\u00fcr die Kirchenverwaltung? Geltungsbereich und Ausnahme\u00adbestimmungen sind f\u00fcr jedes kantonale Gesetz aufgef\u00fchrt, dazu eine Anleitung zum Einreichen des Gesuchs.\u00a0<\/p>\n<p>[app]<\/p>\n<div class=\"hinweis\">In Kantonen und Gemeinden ohne \u00d6ffentlichkeitsprinzip k\u00f6nnen Umweltinformationen gest\u00fctzt auf die <a href=\"http:\/\/www.unece.org\/env\/pp\/treatytext.html\">Aarhus-Konvention<\/a> herausverlangt werden. Siehe <a href=\"https:\/\/www.edoeb.admin.ch\/edoeb\/de\/home\/oeffentlichkeitsprinzip\/aarhus.html\">ED\u00d6B<\/a> und <a href=\"https:\/\/www.bafu.admin.ch\/bafu\/de\/home\/themen\/recht\/fachinformationen\/aarhus-konvention.html\">BAFU<\/a>. <\/div><div class=\"clear\"><\/div>\n","protected":false},"excerpt":{"rendered":"<p>Alle \u00d6ffentlichkeitsgesetze auf einen Blick Kriege ich die Protokolle des Gemeinderates? Gilt das Gesetz auch f\u00fcr die Kirchenverwaltung? Geltungsbereich und Ausnahme\u00adbestimmungen sind f\u00fcr jedes kantonale Gesetz aufgef\u00fchrt, dazu eine Anleitung zum Einreichen des Gesuchs.\u00a0 [app]<\/p>\n","protected":false},"author":1,"featured_media":0,"parent":0,"menu_order":0,"comment_status":"open","ping_status":"closed","template":"","meta":{"footnotes":""},"class_list":["post-5689","page","type-page","status-publish","hentry"],"_links":{"self":[{"href":"https:\/\/www.oeffentlichkeitsgesetz.ch\/deutsch\/wp-json\/wp\/v2\/pages\/5689","targetHints":{"allow":["GET"]}}],"collection":[{"href":"https:\/\/www.oeffentlichkeitsgesetz.ch\/deutsch\/wp-json\/wp\/v2\/pages"}],"about":[{"href":"https:\/\/www.oeffentlichkeitsgesetz.ch\/deutsch\/wp-json\/wp\/v2\/types\/page"}],"author":[{"embeddable":true,"href":"https:\/\/www.oeffentlichkeitsgesetz.ch\/deutsch\/wp-json\/wp\/v2\/users\/1"}],"replies":[{"embeddable":true,"href":"https:\/\/www.oeffentlichkeitsgesetz.ch\/deutsch\/wp-json\/wp\/v2\/comments?post=5689"}],"version-history":[{"count":4,"href":"https:\/\/www.oeffentlichkeitsgesetz.ch\/deutsch\/wp-json\/wp\/v2\/pages\/5689\/revisions"}],"predecessor-version":[{"id":15086,"href":"https:\/\/www.oeffentlichkeitsgesetz.ch\/deutsch\/wp-json\/wp\/v2\/pages\/5689\/revisions\/15086"}],"wp:attachment":[{"href":"https:\/\/www.oeffentlichkeitsgesetz.ch\/deutsch\/wp-json\/wp\/v2\/media?parent=5689"}],"curies":[{"name":"wp","href":"https:\/\/api.w.org\/{rel}","templated":true}]}}