{"id":52,"date":"2011-05-09T21:41:23","date_gmt":"2011-05-09T21:41:23","guid":{"rendered":"https:\/\/www.oeffentlichkeitsgesetz.ch\/deutsch\/?page_id=52"},"modified":"2019-09-06T16:44:11","modified_gmt":"2019-09-06T15:44:11","slug":"online-antrag","status":"publish","type":"page","link":"https:\/\/www.oeffentlichkeitsgesetz.ch\/deutsch\/online-antrag\/","title":{"rendered":"Online-Antrag"},"content":{"rendered":"<h2>Mit wenigen Klicks ein Einsichtsgesuch stellen<\/h2>\n<p>\u00dcber 250 Verwaltungsstellen des Bundes sind dem \u00d6ffentlichkeitsgesetz unterstellt. Hunderte kantonaler Amtsstellen m\u00fcssen auf Antrag Einsicht in Akten gew\u00e4hren. In weniger als einer Minute l\u00e4sst sich hier ein Antrag auf Akteneinsicht erstellen.<\/p>\n<p>[app]<\/p>\n<div class=\"hinweis\">Die eingereichten Akteneinsichtsgesuche k\u00f6nnen\u00a0in einem pers\u00f6nlichen Konto verwaltet werden.\u00a0\u00a0Hier gratis\u00a0<a href=\"\/wp-signup.php\">registrieren<\/a>. <\/div><div class=\"clear\"><\/div>\n<p><em>Tipps zum Datenschutz: <a href=\"https:\/\/www.oeffentlichkeitsgesetz.ch\/deutsch\/so-kann-niemand-deinen-antrag-sehen\/\">So kann niemand deinen Antrag sehen.<\/a><\/em><\/p>\n","protected":false},"excerpt":{"rendered":"<p>Mit wenigen Klicks ein Einsichtsgesuch stellen \u00dcber 250 Verwaltungsstellen des Bundes sind dem \u00d6ffentlichkeitsgesetz unterstellt. Hunderte kantonaler Amtsstellen m\u00fcssen auf Antrag Einsicht in Akten gew\u00e4hren. In weniger als einer Minute l\u00e4sst sich hier ein Antrag auf Akteneinsicht erstellen. [app] Tipps zum Datenschutz: So kann niemand deinen Antrag sehen.<\/p>\n","protected":false},"author":1,"featured_media":0,"parent":0,"menu_order":0,"comment_status":"open","ping_status":"closed","template":"","meta":{"footnotes":""},"class_list":["post-52","page","type-page","status-publish","hentry"],"_links":{"self":[{"href":"https:\/\/www.oeffentlichkeitsgesetz.ch\/deutsch\/wp-json\/wp\/v2\/pages\/52","targetHints":{"allow":["GET"]}}],"collection":[{"href":"https:\/\/www.oeffentlichkeitsgesetz.ch\/deutsch\/wp-json\/wp\/v2\/pages"}],"about":[{"href":"https:\/\/www.oeffentlichkeitsgesetz.ch\/deutsch\/wp-json\/wp\/v2\/types\/page"}],"author":[{"embeddable":true,"href":"https:\/\/www.oeffentlichkeitsgesetz.ch\/deutsch\/wp-json\/wp\/v2\/users\/1"}],"replies":[{"embeddable":true,"href":"https:\/\/www.oeffentlichkeitsgesetz.ch\/deutsch\/wp-json\/wp\/v2\/comments?post=52"}],"version-history":[{"count":4,"href":"https:\/\/www.oeffentlichkeitsgesetz.ch\/deutsch\/wp-json\/wp\/v2\/pages\/52\/revisions"}],"predecessor-version":[{"id":10997,"href":"https:\/\/www.oeffentlichkeitsgesetz.ch\/deutsch\/wp-json\/wp\/v2\/pages\/52\/revisions\/10997"}],"wp:attachment":[{"href":"https:\/\/www.oeffentlichkeitsgesetz.ch\/deutsch\/wp-json\/wp\/v2\/media?parent=52"}],"curies":[{"name":"wp","href":"https:\/\/api.w.org\/{rel}","templated":true}]}}