{"id":4835,"date":"2014-09-09T17:42:28","date_gmt":"2014-09-09T16:42:28","guid":{"rendered":"https:\/\/www.oeffentlichkeitsgesetz.ch\/deutsch\/?page_id=4835"},"modified":"2023-02-18T21:46:17","modified_gmt":"2023-02-18T20:46:17","slug":"experten-studien","status":"publish","type":"page","link":"https:\/\/www.oeffentlichkeitsgesetz.ch\/deutsch\/experten-studien\/","title":{"rendered":"Das gesammelte Wissen zum \u00d6ffentlichkeitsprinzip\u00a0"},"content":{"rendered":"<p><img loading=\"lazy\" decoding=\"async\" class=\"alignnone wp-image-10937 size-full\" src=\"https:\/\/www.oeffentlichkeitsgesetz.ch\/deutsch\/files\/2019\/09\/Experten_Studien.gif\" alt=\"\" width=\"582\" height=\"328\" \/>Diese st\u00e4ndig aktualisierte Datenbank enth\u00e4lt Studien und wissenschaftliche Aufs\u00e4tze zum \u00d6ffentlichkeitsprinzip in den Verwaltungen von Bund, Kantonen und anderen L\u00e4ndern. Experten sind mit ihren Koordinaten verzeichnet.<\/p>\n<p>[app]<\/p>\n<div class=\"hinweis\">Hinweise auf neue Studien oder Aufs\u00e4tze nehmen wir gerne \u00fcber <a href=\"mailto:i&#110;fo&#64;&#111;&#101;f&#102;entli&#99;hke&#105;ts&#103;&#101;&#115;et&#122;.ch\">i&#110;fo&#64;&#111;&#101;f&#102;entli&#99;hke&#105;ts&#103;&#101;&#115;et&#122;.ch<\/a> entgegen. <\/div><div class=\"clear\"><\/div>\n","protected":false},"excerpt":{"rendered":"<p>Diese st\u00e4ndig aktualisierte Datenbank enth\u00e4lt Studien und wissenschaftliche Aufs\u00e4tze zum \u00d6ffentlichkeitsprinzip in den Verwaltungen von Bund, Kantonen und anderen L\u00e4ndern. Experten sind mit ihren Koordinaten verzeichnet. [app]<\/p>\n","protected":false},"author":1,"featured_media":0,"parent":0,"menu_order":0,"comment_status":"open","ping_status":"closed","template":"","meta":{"footnotes":""},"class_list":["post-4835","page","type-page","status-publish","hentry"],"_links":{"self":[{"href":"https:\/\/www.oeffentlichkeitsgesetz.ch\/deutsch\/wp-json\/wp\/v2\/pages\/4835","targetHints":{"allow":["GET"]}}],"collection":[{"href":"https:\/\/www.oeffentlichkeitsgesetz.ch\/deutsch\/wp-json\/wp\/v2\/pages"}],"about":[{"href":"https:\/\/www.oeffentlichkeitsgesetz.ch\/deutsch\/wp-json\/wp\/v2\/types\/page"}],"author":[{"embeddable":true,"href":"https:\/\/www.oeffentlichkeitsgesetz.ch\/deutsch\/wp-json\/wp\/v2\/users\/1"}],"replies":[{"embeddable":true,"href":"https:\/\/www.oeffentlichkeitsgesetz.ch\/deutsch\/wp-json\/wp\/v2\/comments?post=4835"}],"version-history":[{"count":4,"href":"https:\/\/www.oeffentlichkeitsgesetz.ch\/deutsch\/wp-json\/wp\/v2\/pages\/4835\/revisions"}],"predecessor-version":[{"id":15011,"href":"https:\/\/www.oeffentlichkeitsgesetz.ch\/deutsch\/wp-json\/wp\/v2\/pages\/4835\/revisions\/15011"}],"wp:attachment":[{"href":"https:\/\/www.oeffentlichkeitsgesetz.ch\/deutsch\/wp-json\/wp\/v2\/media?parent=4835"}],"curies":[{"name":"wp","href":"https:\/\/api.w.org\/{rel}","templated":true}]}}