{"id":26,"date":"2011-05-08T14:05:51","date_gmt":"2011-05-08T14:05:51","guid":{"rendered":"https:\/\/www.oeffentlichkeitsgesetz.ch\/deutsch\/?page_id=26"},"modified":"2026-03-17T10:45:56","modified_gmt":"2026-03-17T09:45:56","slug":"geschaeftsstelle","status":"publish","type":"page","link":"https:\/\/www.oeffentlichkeitsgesetz.ch\/deutsch\/geschaeftsstelle\/","title":{"rendered":"Engagiert f\u00fcr Medienschaffende und Zivilgesellschaft"},"content":{"rendered":"<p><!--more--><img loading=\"lazy\" decoding=\"async\" class=\"alignnone wp-image-10934 size-full\" src=\"https:\/\/www.oeffentlichkeitsgesetz.ch\/deutsch\/files\/2019\/09\/31_Oeffentlichkeitsgesetz_MarcoZanoni.gif\" alt=\"\" width=\"582\" height=\"327\" \/>Die Gesch\u00e4ftsstelle von <em>\u00d6ffentlichkeitsgesetz.ch<\/em> wird von Martin Stoll gef\u00fchrt. Die Gesch\u00e4ftsstelle organisiert Schulungsanl\u00e4sse in Redaktionen, f\u00fchrt Pilotverfahren durch, gleist Transparenz-Projekte auf und ber\u00e4t Medienschaffende und weitere Ratsuchende.\u00a0<\/p>\n<hr \/>\n<p>&nbsp;<\/p>\n<table>\n<tbody>\n<tr>\n<td style=\"width: 200px;\"><img loading=\"lazy\" decoding=\"async\" class=\"alignnone wp-image-17599 size-full\" src=\"https:\/\/www.oeffentlichkeitsgesetz.ch\/deutsch\/files\/2024\/10\/2303271300_rhn5660_www.huenerfauth.ch_.png\" alt=\"\" width=\"140\" height=\"175\" \/><\/td>\n<td style=\"width: 5px;\">\u00a0<\/td>\n<td style=\"width: 200px;\"><img loading=\"lazy\" decoding=\"async\" class=\"alignnone wp-image-15425 size-full\" src=\"https:\/\/www.oeffentlichkeitsgesetz.ch\/deutsch\/files\/2023\/06\/Eva-Hirschi.jpg\" alt=\"\" width=\"140\" height=\"175\" \/><\/td>\n<td style=\"width: 5px;\">\u00a0<\/td>\n<td style=\"width: 200px;\"><img loading=\"lazy\" decoding=\"async\" class=\"wp-image-15429 size-full alignnone\" src=\"https:\/\/www.oeffentlichkeitsgesetz.ch\/deutsch\/files\/2023\/06\/Marguerite-Meyer-2.jpg\" alt=\"\" width=\"140\" height=\"175\" \/><\/td>\n<\/tr>\n<tr>\n<td style=\"width: 200px;\">\n<p>Martin Stoll<br \/>\nGesch\u00e4ftsf\u00fchrer<\/p>\n<p>&nbsp;<\/p>\n<\/td>\n<td style=\"width: 5px;\">\u00a0<\/td>\n<td style=\"width: 130px;\">Eva Hirschi<br \/>\nProjektmitarbeiterin\u00a0<\/td>\n<td style=\"width: 5px;\">\u00a0<\/td>\n<td style=\"width: 130px;\">Marguerite Meyer<br \/>\nCaf\u00e9 Transparence<\/td>\n<\/tr>\n<tr>\n<td style=\"width: 200px;\">\n<p><img loading=\"lazy\" decoding=\"async\" class=\"alignnone wp-image-17604 size-full\" src=\"https:\/\/www.oeffentlichkeitsgesetz.ch\/deutsch\/files\/2024\/10\/NAZ_6228-230504_300x300px-1.jpg\" alt=\"\" width=\"139\" height=\"175\" \/><\/p>\n<\/td>\n<td style=\"width: 5px;\">\u00a0<\/td>\n<td style=\"width: 130px;\">\n<p>&nbsp;<\/p>\n<\/td>\n<td style=\"width: 5px;\">\u00a0<\/td>\n<td style=\"width: 130px;\"><img loading=\"lazy\" decoding=\"async\" class=\"alignnone wp-image-17788\" src=\"https:\/\/www.oeffentlichkeitsgesetz.ch\/deutsch\/files\/2024\/12\/MHI.jpg\" alt=\"\" width=\"140\" height=\"175\" \/><\/td>\n<\/tr>\n<tr>\n<td style=\"width: 200px;\">\n<p>&nbsp;<\/p>\n<p>Julia Rippstein<br \/>\nWestschweiz<\/p>\n<\/td>\n<td style=\"width: 5px;\">\u00a0<\/td>\n<td style=\"width: 130px;\">\n<p>&nbsp;<\/p>\n<p>&nbsp;<\/p>\n<\/td>\n<td style=\"width: 5px;\">\u00a0<\/td>\n<td style=\"width: 130px;\">\n<p>&nbsp;<\/p>\n<p>Marlene Hinteregger<br \/>\nAdministration\/Webseite<\/p>\n<\/td>\n<\/tr>\n<tr>\n<td style=\"width: 200px;\">\n<p><img loading=\"lazy\" decoding=\"async\" class=\"alignnone size-full wp-image-17573\" src=\"https:\/\/www.oeffentlichkeitsgesetz.ch\/deutsch\/files\/2024\/10\/Valerie_DSC02847_BW_WEB.png\" alt=\"\" width=\"140\" height=\"175\" \/><\/p>\n<\/td>\n<td style=\"width: 5px;\">\u00a0<\/td>\n<td style=\"width: 130px;\">\n<p><img loading=\"lazy\" decoding=\"async\" class=\"alignnone wp-image-18916 size-full\" src=\"https:\/\/www.oeffentlichkeitsgesetz.ch\/deutsch\/files\/2026\/01\/08_Oeffentlichkeitsgesetz_MarcoZanoni.png\" alt=\"\" width=\"140\" height=\"175\" \/><\/p>\n<\/td>\n<td style=\"width: 5px;\">\u00a0<\/td>\n<td style=\"width: 130px;\">\n<p><img loading=\"lazy\" decoding=\"async\" class=\"alignnone size-full wp-image-17589\" src=\"https:\/\/www.oeffentlichkeitsgesetz.ch\/deutsch\/files\/2024\/10\/Karl-Kuemin-1.jpg\" alt=\"\" width=\"140\" height=\"174\" \/><\/p>\n<\/td>\n<\/tr>\n<tr>\n<td style=\"width: 200px;\">\n<p>Valerie Keusch<br \/>\nAdministration\/Webseite<\/p>\n<\/td>\n<td style=\"width: 5px;\">\u00a0<\/td>\n<td style=\"width: 130px;\">\n<p>Bastien von Wyss<br \/>\nJusline franz\u00f6sisch<\/p>\n<\/td>\n<td style=\"width: 5px;\">\u00a0<\/td>\n<td style=\"width: 130px;\">\n<p>Karl K\u00fcmin<br \/>\nJusline deutsch<\/p>\n<\/td>\n<\/tr>\n<\/tbody>\n<\/table>\n<p>&nbsp;<\/p>\n<hr \/>\n<p><strong>Postadresse<\/strong><br \/>\n<em>\u00d6ffentlichkeitsgesetz.ch<br \/>\n<\/em>Gesch\u00e4ftsstelle<br \/>\nCH-3000 Bern<\/p>\n<p><strong>Telefon<\/strong><br \/>\n+41 31 525 78 22<\/p>\n<p>E-Mail: <a href=\"mailto:inf&#111;&#64;oe&#102;fe&#110;t&#108;&#105;&#99;hkeitsg&#101;&#115;&#101;t&#122;.c&#104;\">inf&#111;&#64;oe&#102;fe&#110;t&#108;&#105;&#99;hkeitsg&#101;&#115;&#101;t&#122;.c&#104;<\/a><\/p>\n<p>UID: CHE-250.011.343<\/p>\n<p>&nbsp;<\/p>\n<p>&nbsp;<\/p>\n","protected":false},"excerpt":{"rendered":"","protected":false},"author":1,"featured_media":0,"parent":0,"menu_order":0,"comment_status":"closed","ping_status":"closed","template":"","meta":{"footnotes":""},"class_list":["post-26","page","type-page","status-publish","hentry"],"_links":{"self":[{"href":"https:\/\/www.oeffentlichkeitsgesetz.ch\/deutsch\/wp-json\/wp\/v2\/pages\/26","targetHints":{"allow":["GET"]}}],"collection":[{"href":"https:\/\/www.oeffentlichkeitsgesetz.ch\/deutsch\/wp-json\/wp\/v2\/pages"}],"about":[{"href":"https:\/\/www.oeffentlichkeitsgesetz.ch\/deutsch\/wp-json\/wp\/v2\/types\/page"}],"author":[{"embeddable":true,"href":"https:\/\/www.oeffentlichkeitsgesetz.ch\/deutsch\/wp-json\/wp\/v2\/users\/1"}],"replies":[{"embeddable":true,"href":"https:\/\/www.oeffentlichkeitsgesetz.ch\/deutsch\/wp-json\/wp\/v2\/comments?post=26"}],"version-history":[{"count":6,"href":"https:\/\/www.oeffentlichkeitsgesetz.ch\/deutsch\/wp-json\/wp\/v2\/pages\/26\/revisions"}],"predecessor-version":[{"id":19130,"href":"https:\/\/www.oeffentlichkeitsgesetz.ch\/deutsch\/wp-json\/wp\/v2\/pages\/26\/revisions\/19130"}],"wp:attachment":[{"href":"https:\/\/www.oeffentlichkeitsgesetz.ch\/deutsch\/wp-json\/wp\/v2\/media?parent=26"}],"curies":[{"name":"wp","href":"https:\/\/api.w.org\/{rel}","templated":true}]}}