{"id":24,"date":"2011-05-08T14:05:41","date_gmt":"2011-05-08T14:05:41","guid":{"rendered":"https:\/\/www.oeffentlichkeitsgesetz.ch\/deutsch\/?page_id=24"},"modified":"2024-05-15T18:58:02","modified_gmt":"2024-05-15T16:58:02","slug":"datenschutz","status":"publish","type":"page","link":"https:\/\/www.oeffentlichkeitsgesetz.ch\/deutsch\/datenschutz\/","title":{"rendered":""},"content":{"rendered":"<p><img loading=\"lazy\" decoding=\"async\" class=\"alignnone size-full wp-image-10938\" src=\"https:\/\/www.oeffentlichkeitsgesetz.ch\/deutsch\/files\/2019\/09\/Datenschutz.gif\" alt=\"\" width=\"582\" height=\"327\" \/><\/p>\n<div class=\"infobox\"><\/p>\n<p><strong>Einsatz von k\u00fcnstlicher Intelligenz<\/strong><\/p>\n<p><em>\u00d6ffentlichkeitsgesetz.ch<\/em> verwendet k\u00fcnstliche Intelligenz, um Dienstleistungen zu verbessern und zug\u00e4nglicher zu machen. Insbesondere setzen wir maschinelle \u00dcbersetzungstechnologie in unserer Rubrik \u00abBefreite Dokumente\u00bb ein, um Dokumententitel und Kurztexte zu \u00fcbersetzen. F\u00fcr diese \u00dcbersetzungen nutzen wir DeepL.<\/p>\n<p><\/div>\n<hr \/>\n<h2>Datenschutz auf \u00d6ffentlichkeitsgesetz.ch<\/h2>\n<ul>\n<li><em>Der Schutz pers\u00f6nlicher Daten von Nutzenden unserer Webseite und unserer Dienstleistungen hat f\u00fcr uns hohe Priorit\u00e4t. Personenbezogene Daten werden vertraulich und gem\u00e4ss den gesetzlichen Datenschutzvorschriften sowie unserer Datenschutzerkl\u00e4rung behandelt.<\/em><\/li>\n<li><em>In Zusammenarbeit mit unseren Hosting-Providern bem\u00fchen wir uns, die Datenbanken so gut wie m\u00f6glich vor fremden Zugriffen, Verlusten, Missbrauch oder vor F\u00e4lschung zu sch\u00fctzen.<\/em><\/li>\n<li><em>Wir weisen darauf hin, dass die Daten\u00fcbertragung im Internet Sicherheitsl\u00fccken aufweisen kann. Ein l\u00fcckenloser Schutz der Daten vor dem Zugriff durch Dritte ist nicht m\u00f6glich.<\/em><\/li>\n<\/ul>\n<hr \/>\n<p>In dieser Datenschutzerkl\u00e4rung wird dargelegt, wie die Erfassung und Verarbeitung von Personendaten erfolgt. Unter \u00abPersonendaten\u00bb fallen alle Informationen, die eine identifizierte oder identifizierbare Person betreffen. Die Datenschutzerkl\u00e4rung orientiert sich an den Bestimmungen der EU-Datenschutz-Grundverordnung (\u00abDSGVO\u00bb) und des revidierten Schweizer Datenschutzgesetzes (DSG).<\/p>\n<p>Verantwortlich f\u00fcr die hier beschriebenen Datenbearbeitungen ist <br \/>\nder Gesch\u00e4ftsf\u00fchrer des Vereins \u00d6ffentlichkeitsgesetz.ch:<\/p>\n<p><em>Martin Stoll<\/em><br \/>\n<em>Gesch\u00e4ftsf\u00fchrer \u00d6ffentlichkeitsgesetz.ch<\/em><br \/>\n<em>3000 Bern<\/em><br \/>\n<em>031 525 78 33<\/em><br \/>\n<em><a href=\"mailto:&#109;a&#114;tin&#46;&#115;&#116;oll&#64;&#111;&#101;&#102;fen&#116;&#108;i&#99;&#104;&#107;&#101;i&#116;s&#103;e&#115;&#101;t&#122;&#46;ch\">&#109;a&#114;tin&#46;&#115;&#116;oll&#64;&#111;&#101;&#102;fen&#116;&#108;i&#99;&#104;&#107;&#101;i&#116;s&#103;e&#115;&#101;t&#122;&#46;ch<\/a><\/em><\/p>\n<hr \/>\n<h4>1. Erhebung und Bearbeitung von Personendaten<\/h4>\n<p>Wir bearbeiten in erster Linie Personendaten, welche wir im Rahmen unserer Vereinst\u00e4tigkeit, den Gesch\u00e4ftsbeziehung mit Dienstleistern und anderen Gesch\u00e4ftspartnern von diesen und weiteren daran beteiligten Personen erhalten oder die wir beim Betrieb unserer Websites und weiteren Anwendungen von deren Nutzern im Rahmen unserer T\u00e4tigkeit erheben.<\/p>\n<p>Soweit dies erlaubt ist, entnehmen wir aus \u00f6ffentlich zug\u00e4nglichen Quellen (Medienarchive, Internet) gewisse Daten oder erhalten solche von anderen Unternehmen, Sponsoren, Beh\u00f6rden und sonstigen Dritten. Nebst den Daten, welche uns Nutzende unserer Dienstleistungen direkt geben, umfassen die Kategorien von Personendaten, die wir von Dritten erhalten, insbesondere Angaben aus \u00f6ffentlichen Registern, Angaben im Zusammenhang mit beruflichen Funktionen und Aktivit\u00e4ten (Social-Media-Plattformen) und Daten im Zusammenhang mit der Benutzung der Website (z.B. IP-Adresse, MAC-Adresse des Smartphones oder Computers, Cookies, Datum und Zeit des Besuchs, abgerufene Seiten, Standortangaben) und der Nutzung weiterer Angebote des Vereins \u00d6ffentlichkeitsgesetz.ch (Newsletter, Jusline, Caf\u00e9 Transparence).<\/p>\n<h4><span style=\"font-size: 15px\">2. Zwecke der Datenbearbeitung und Rechtsgrundlagen<\/span><\/h4>\n<p>Wir verwenden die von uns erhobenen Personendaten in erster Linie, um unsere gr\u00f6sstenteils kostenlosen Dienstleistungen erbringen zu k\u00f6nnen sowie f\u00fcr die Administration des Vereins \u00d6ffentlichkeitsgesetz.ch.<\/p>\n<p>Konkret bearbeiten wir Personendaten soweit erlaubt und es uns als angezeigt erscheint, f\u00fcr folgende Zwecke, an denen wir (und zuweilen auch Dritte) ein dem Vereinszweck entsprechendes berechtigtes Interesse haben:<\/p>\n<ul>\n<li>Betrieb der Webseite oeffentlichkeitsgesetz.ch<\/li>\n<li>Administration von Bildungs- und Beratungsangeboten (Caf\u00e9 Transparence, Schulungsveranstaltungen, Coachings, Jusline)<\/li>\n<li>Versand eines regelm\u00e4ssigen Newsletters<\/li>\n<li>Betrieb eines Online-Antrags-Generator f\u00fcr Zugangsgesuche<\/li>\n<li>Werbung f\u00fcr Vereinsaktivit\u00e4ten auf Social-Media-Kan\u00e4len (LinkedIn, X, Facebook)<\/li>\n<li>Datenbank mit Medienbeitr\u00e4gen zum \u00d6ffentlichkeitsprinzip (publiziert auf der Webseite oeffentlichkeitsgesetz.ch)<\/li>\n<li>Datenbank mit Experten und Expertinnen zum \u00d6ffentlichkeitsprinzip (publiziert auf der Webseite oeffentlichkeitsgesetz.ch)<\/li>\n<li>Gewinnung und Administrierung von Mitgliedern und Unterst\u00fctzer(innen).<\/li>\n<li>Geltendmachung rechtlicher Anspr\u00fcche und Verteidigung in Zusammenhang mit rechtlichen Streitigkeiten und beh\u00f6rdlichen Verfahren<\/li>\n<\/ul>\n<p>Soweit uns eine Einwilligung zur Bearbeitung von Personaldaten f\u00fcr bestimmte Zwecke vorliegt, bearbeiten wir Personendaten im Rahmen und gest\u00fctzt auf diese Einwilligung, soweit wir keine andere Rechtsgrundlage haben und wir eine solche ben\u00f6tigen. Eine erteilte Einwilligung kann jederzeit widerrufen werden, was jedoch keine Auswirkung auf bereits erfolgte Datenbearbeitungen hat.<\/p>\n<h4>3. Cookies, Tracking und andere Technologien<\/h4>\n<p>Wir setzen auf unseren Websites \u00abCookies\u00bb und vergleichbare Techniken ein, mit denen Browser oder Ger\u00e4te von Nutzenden unserer Dienstleistungen identifiziert werden k\u00f6nnen. Ein Cookie ist eine kleine Datei, die an Computer gesendet bzw. vom verwendeten Webbrowser automatisch auf einem Computer oder mobilen Ger\u00e4t gespeichert wird, wenn unsere Website besuchen wird. Wird diese Website erneut aufrufen, k\u00f6nnen die Nutzenden wiedererkennt werden, selbst wenn wir nicht wissen, wer diese sind. Neben Cookies, die lediglich w\u00e4hrend einer Sitzung benutzt und nach einem Website-Besuch gel\u00f6scht werden (\u00abSession Cookies\u00bb), k\u00f6nnen Cookies auch benutzt werden, um Nutzereinstellungen und andere Informationen \u00fcber eine bestimmte Zeit (z.B. zwei Jahre) zu speichern (\u00abpermanente Cookies\u00bb). Der Browser kann jedoch so einstellt werden, dass er Cookies zur\u00fcckweist, nur f\u00fcr eine Sitzung speichert oder sonst vorzeitig l\u00f6scht. Die meisten Browser sind so voreingestellt, dass sie Coo\u00adkies akzeptieren. Werden Cookies gesperrt, kann es sein, dass gewisse Funktionalit\u00e4ten nicht mehr funktionieren.<\/p>\n<p>Wir bauen in unseren Newslettern teilweise und soweit erlaubt auch Bildelemente ein, durch deren Abruf festgestellt werden kann, ob und wann eine E-Mail ge\u00f6ffnet worden ist, damit wir besser verstehen k\u00f6nnen, wie unsere Angebote genutzt werden. Dies kann im E-Mail-Programm blockiert werden.<\/p>\n<p>Mit der Nutzung unserer Websites und dem Erhalt von Newslettern und anderen E-Mails stimmen Nutzende dem Einsatz dieser Techniken zu. Ist dies nicht gewollt, m\u00fcssen Browser bzw. E-Mail-Programm entsprechend eingestellt werden.<\/p>\n<h4><span style=\"font-size: 15px\">4. Eigene Dienste und Dienste von Dritten<\/span><\/h4>\n<p>Wir geben im Rahmen unserer gesch\u00e4ftlichen Aktivit\u00e4ten und der Zwecke gem\u00e4ss Ziff. 3, soweit erlaubt und es uns als angezeigt erscheint, Daten auch Dritten bekannt. Auch auf den eigenen Servern fallen Daten an, mit denen wir verantwortungsvoll umgehen. Die Benutzung der Webseite wird in den\u00a0<a href=\"https:\/\/www.oeffentlichkeitsgesetz.ch\/deutsch\/nutzungsbedingungen\/\">Nutzungsbedingungen\u00a0<\/a>geregelt. In der Folge gehen wir auf verwendete Dienste ein und verweisen auf die jeweiligen Datenschutzbestimmungen.<\/p>\n<p><strong>Datenschutzerkl\u00e4rung f\u00fcr Burst Statistics<\/strong><\/p>\n<p>Diese Website benutzt Burst Statistics, ein datenschutzfreundliches Statistik-Tool, um das Besucherverhalten zu analysieren. F\u00fcr diese Funktion sammeln wir anonymisierte Daten, die lokal gespeichert werden, ohne sie mit anderen Parteien zu teilen. <br \/>\n<em>Weitere Informationen zum Datenschutz sind <a href=\"https:\/\/burst-statistics.com\/legal\/privacy-statement\/\">hier\u00a0<\/a>abrufbar.<\/em><\/p>\n<p><strong>Datenschutzerkl\u00e4rung f\u00fcr SSL-\/TLS-Verschl\u00fcsselung<\/strong><\/p>\n<p>Diese Website nutzt aus Gr\u00fcnden der Sicherheit und zum Schutz der \u00dcbertragung vertraulicher Inhalte, wie zum Beispiel der Anfragen, die Sie an uns als Seitenbetreiber senden, eine SSL-\/TLS-Verschl\u00fcsselung. Eine verschl\u00fcsselte Verbindung ist daran zu erkennen, dass die Adresszeile des Browsers von \u00abhttp:\/\/\u00bb auf \u00abhttps:\/\/\u00bb wechselt und an dem Schloss-Symbol in Ihrer Browserzeile. Wenn die SSL bzw. TLS Verschl\u00fcsselung aktiviert ist, k\u00f6nnen die Daten, die Sie an uns \u00fcbermitteln, nicht von Dritten mitgelesen werden.<\/p>\n<p><strong>Datenschutzerkl\u00e4rung f\u00fcr Server-Log-Files<\/strong><\/p>\n<p>Der Provider dieser Website erhebt und speichert automatisch Informationen in so genannten Server-Log Files, die Ihr Browser automatisch an uns \u00fcbermittelt. Dies sind:<br \/>\nBrowsertyp und Browserversion, verwendetes Betriebssystem, Referrer URL, Hostname des zugreifenden Rechners, Uhrzeit der Serveranfrage. Diese Daten sind nicht bestimmten Personen zuordenbar. Eine Zusammenf\u00fchrung dieser Daten mit anderen Datenquellen wird nicht vorgenommen. Wir behalten uns vor, diese Daten nachtr\u00e4glich zu pr\u00fcfen, wenn uns konkrete Anhaltspunkte f\u00fcr eine rechtswidrige Nutzung bekannt werden.<\/p>\n<p><strong>Datenschutzerkl\u00e4rung f\u00fcr den Online-Generator<\/strong><\/p>\n<p>Nutzende der Webseite \u00d6ffentlichkeitsgesetz.ch haben die M\u00f6glichkeit, ein Zugangsgesuch zu amtlichen Dokumenten online zu erstellen. Bei registrierten und eingeloggten Benutzenden wird dieser Antrag auf unserem Server abgespeichert. Diese Daten werden vertraulich behandelt und nicht weitergegeben. Wer sicher gehen will, dass sein Antrag keine Datenspuren auf\u00a0<em>\u00d6ffentlichkeitsgesetz.ch<\/em>\u00a0hinterl\u00e4sst, hat die M\u00f6glichkeit, einen Antrag an ein Amt direkt \u00fcber die rtf-Funktion auf seine Arbeitsstation herunterzuladen. Der Inhalt und die Zieladresse dieser Antr\u00e4ge werden nicht gespeichert und nach dem Download automatisch gel\u00f6scht. Diese Antr\u00e4ge sind nicht im Nutzerkonto gespeichert. Die Funktionen des Kontos (Mahnung, Rating) entfallen allerdings.\u00a0<\/p>\n<p><strong>Datenschutzerkl\u00e4rung \u00abCafe Transparence\u00bb<\/strong><\/p>\n<p>Interessenten der Veranstaltungsreihe \u00abCaf\u00e9 Transparence\u00bb melden sich \u00fcber ein Kontaktformular an. Die Angaben aus dem Anfrageformular werden zur Organisation der Schulungsreihe verwendet und bei uns gespeichert. Diese Daten geben wir nicht ohne Ihre Einwilligung weiter.<\/p>\n<p><strong>Datenschutzerkl\u00e4rung f\u00fcr You Tube, Google Forms und Google Maps<\/strong><\/p>\n<p>Diese Website verwenden Maps f\u00fcr das Einbetten von Karten und allenfalls die Anwendung Google Forms f\u00fcr die Anmeldung f\u00fcr Schulungsaktivit\u00e4ten und Veranstaltungen, sowie sowie YouTube f\u00fcr das Einbetten von Videos (\u00abCaf\u00e9 Transparence\u00bb). Diese Dienste der amerikanischen Google LLC verwenden unter anderem Cookies und infolgedessen werden Daten an Google in den USA \u00fcbertragen, wobei wir davon ausgehen, dass in diesem Rahmen kein personenbezogenes Tracking allein durch die Nutzung unserer Website stattfindet. <br \/>\n<em>Mehr Informationen in den <a href=\"https:\/\/policies.google.com\/privacy?hl=de\">Datenschutzerkl\u00e4rung von Google<\/a>.<\/em><\/p>\n<p><strong>Datenschutzerkl\u00e4rung f\u00fcr den Zahlungsanbieter Payrexx<\/strong><\/p>\n<p>Sollten sich eine Nutzende unserer Seite zu einer Mitgliedschaft oder Spende entschlossen haben, wird der Bezahlvorgang \u00fcber den Online-Zahlungsdienstleister Payrexx abgewickelt (z.B. bei Bezahlung mittels Kreditkarte, Twint etc.). Kontakt- und Transaktionsdaten werden an Payrexx und deren Kartenherausgeber \u00fcbermittelt. Payrexx ist ein Angebot der Payrexx AG, Burgstrasse 20, 3600 Thun, Schweiz (&#171;Payrexx&#187;). <br \/>\n<em>Weitere Informationen zum Datenschutz sind <a href=\"https:\/\/payrexx.com\/de-ch\/agb-rechtliches\">hier<\/a> abrufbar.<\/em> <\/p>\n<p><strong>Datenschutzerkl\u00e4rung f\u00fcr ClubDesk<\/strong><\/p>\n<p>Vereinsmitglieder und Spenderinnen und Spender administrieren wir in der Online-Anwendung ClubDesk. Diese verwendet das HTTPS Protokoll. Die abgespeicherten Daten werden f\u00fcr den Versand von Jahresrechnungen und Spendenaufrufen verwendet. Sie werden ohne Einwilligung der Betroffenen nicht an Dritte weitergegeben. <br \/>\n<em>Weitere Informationen zum Datenschutz sind <a href=\"https:\/\/www.clubdesk.ch\/de\/datenschutz\">hier<\/a> abrufbar.<\/em> <\/p>\n<p><strong>Datenschutzerkl\u00e4rung f\u00fcr den Newsletter \u2013 Mailchimp<\/strong><\/p>\n<p>Der Versand der Newsletter erfolgt mittels des Versanddienstleisters MailChimp, einer Newsletterversandplattform des US-Anbieters Rocket Science Group, LLC, 675 Ponce De Leon Ave NE #5000, Atlanta, GA 30308, USA. Der Versanddienstleister kann die Daten der Empf\u00e4nger in pseudonymer Form, d.h. ohne Zuordnung zu einem Nutzer, zur Optimierung oder Verbesserung der eigenen Services nutzen, z.B. zur technischen Optimierung des Versandes und der Darstellung der Newsletter oder f\u00fcr statistische Zwecke verwenden. <br \/>\n<em>Weitere Informationen zum Datenschutz sind <a href=\"https:\/\/mailchimp.com\/legal\/privacy\/\">hier<\/a>\u00a0abrufbar.<\/em><\/p>\n<p><strong>Datenschutzerkl\u00e4rung f\u00fcr den Newsletter \u2013 Renteria\/news aktuell<\/strong><\/p>\n<p>Der Versand der Newsletter erfolgt zudem mittels des Versanddienstleisters Renteria\/news aktuell. Die Firma news aktuell (Schweiz) AG. Die verarbeiten personenbezogene Daten unter Beachtung der einschl\u00e4gigen Datenschutzvorschriften, insbesondere der DSGVO und des BDSG.<br \/>\n<em>Weitere Informationen zum Datenschutz sind <a href=\"https:\/\/www.newsaktuell.ch\/datenschutz\/\">hier<\/a> abrufbar.<\/em><\/p>\n<h4>5. <span style=\"font-size: 15px\">Dauer der Aufbewahrung von Personendaten\u00a0<\/span><\/h4>\n<p>Wir verarbeiten und speichern Ihre Personendaten, solange es f\u00fcr die Erf\u00fcllung unserer vertraglichen und gesetzlichen Pflichten oder sonst die mit der Bearbeitung verfolgten Zwecke erforderlich ist. Sobald Ihre Personendaten f\u00fcr die oben genannten Zwecke nicht mehr erforderlich sind, werden sie grunds\u00e4tzlich und soweit m\u00f6glich gel\u00f6scht. F\u00fcr betriebliche Daten (z.B. Systemprotokolle, Logs), gelten grunds\u00e4tzliche k\u00fcrzere Aufbewahrungsfristen von zw\u00f6lf Monaten oder weniger.<\/p>\n<h4>6. <span style=\"font-size: 15px\">Datensicherheit<\/span><\/h4>\n<p>Wir treffen angemessene technische und organisatorische Sicherheitsvorkehrungen zum Schutz von Personendaten vor unberechtigtem Zugriff und Missbrauch.<\/p>\n<h4><span style=\"font-size: 15px\">7. Rechte der betroffenen Person<\/span><\/h4>\n<p>Betroffene haben das Recht auf Auskunft, Berichtigung, L\u00f6schung und das Recht auf Einschr\u00e4nkung der Datenbearbeitung. Wir behalten uns vor, unsererseits die gesetzlich vorgesehenen Einschr\u00e4nkungen geltend zu machen.<\/p>\n<p>Jede betroffene Person hat \u00fcberdies das Recht, ihre Anspr\u00fcche gerichtlich durchzusetzen oder bei der zust\u00e4ndigen Datenschutzbeh\u00f6rde eine Beschwerde einzureichen. Die zust\u00e4ndige Daten- schutzbeh\u00f6rde der Schweiz ist der Eidgen\u00f6ssische Datenschutz- und \u00d6ffentlichkeitsbeauftragte (<a href=\"http:\/\/www.edoeb.admin.ch\">http:\/\/www.edoeb.admin.ch<\/a>).<\/p>\n<h4>8. <span style=\"font-size: 15px\">\u00c4nderungen<\/span><\/h4>\n<p>Wir k\u00f6nnen diese Datenschutzerkl\u00e4rung jederzeit ohne Vorank\u00fcndigung anpassen. Es gilt die jeweils aktuelle, auf unserer Website publizierte Fassung.<\/p>\n<p>\n<em>Version vom 24. August 2023 (massgebend ist die Version in Deutsch).<\/em><\/p>\n","protected":false},"excerpt":{"rendered":"<p>Datenschutz auf \u00d6ffentlichkeitsgesetz.ch Der Schutz pers\u00f6nlicher Daten von Nutzenden unserer Webseite und unserer Dienstleistungen hat f\u00fcr uns hohe Priorit\u00e4t. Personenbezogene Daten werden vertraulich und gem\u00e4ss den gesetzlichen Datenschutzvorschriften sowie unserer Datenschutzerkl\u00e4rung behandelt. In Zusammenarbeit mit unseren Hosting-Providern bem\u00fchen wir uns, die Datenbanken so gut wie m\u00f6glich vor fremden Zugriffen, Verlusten, Missbrauch oder vor F\u00e4lschung zu [&hellip;]<\/p>\n","protected":false},"author":1,"featured_media":0,"parent":0,"menu_order":0,"comment_status":"open","ping_status":"open","template":"","meta":{"footnotes":""},"class_list":["post-24","page","type-page","status-publish","hentry"],"_links":{"self":[{"href":"https:\/\/www.oeffentlichkeitsgesetz.ch\/deutsch\/wp-json\/wp\/v2\/pages\/24","targetHints":{"allow":["GET"]}}],"collection":[{"href":"https:\/\/www.oeffentlichkeitsgesetz.ch\/deutsch\/wp-json\/wp\/v2\/pages"}],"about":[{"href":"https:\/\/www.oeffentlichkeitsgesetz.ch\/deutsch\/wp-json\/wp\/v2\/types\/page"}],"author":[{"embeddable":true,"href":"https:\/\/www.oeffentlichkeitsgesetz.ch\/deutsch\/wp-json\/wp\/v2\/users\/1"}],"replies":[{"embeddable":true,"href":"https:\/\/www.oeffentlichkeitsgesetz.ch\/deutsch\/wp-json\/wp\/v2\/comments?post=24"}],"version-history":[{"count":4,"href":"https:\/\/www.oeffentlichkeitsgesetz.ch\/deutsch\/wp-json\/wp\/v2\/pages\/24\/revisions"}],"predecessor-version":[{"id":16751,"href":"https:\/\/www.oeffentlichkeitsgesetz.ch\/deutsch\/wp-json\/wp\/v2\/pages\/24\/revisions\/16751"}],"wp:attachment":[{"href":"https:\/\/www.oeffentlichkeitsgesetz.ch\/deutsch\/wp-json\/wp\/v2\/media?parent=24"}],"curies":[{"name":"wp","href":"https:\/\/api.w.org\/{rel}","templated":true}]}}