{"id":20,"date":"2011-05-08T14:05:15","date_gmt":"2011-05-08T14:05:15","guid":{"rendered":"https:\/\/www.oeffentlichkeitsgesetz.ch\/deutsch\/?page_id=20"},"modified":"2025-11-11T22:43:08","modified_gmt":"2025-11-11T21:43:08","slug":"wer-wir-sind","status":"publish","type":"page","link":"https:\/\/www.oeffentlichkeitsgesetz.ch\/deutsch\/wer-wir-sind\/","title":{"rendered":"Wir sind \u00d6ffentlichkeitsgesetz.ch"},"content":{"rendered":"<p><a href=\"https:\/\/www.oeffentlichkeitsgesetz.ch\/deutsch\/files\/2021\/10\/20210922_VorstandVereinOeffentlichkeitsgesetz.png\"><img loading=\"lazy\" decoding=\"async\" class=\"alignleft wp-image-13764 size-full\" src=\"https:\/\/www.oeffentlichkeitsgesetz.ch\/deutsch\/files\/2021\/10\/20210922_VorstandVereinOeffentlichkeitsgesetz.png\" alt=\"\" width=\"582\" height=\"327\" srcset=\"https:\/\/www.oeffentlichkeitsgesetz.ch\/deutsch\/files\/2021\/10\/20210922_VorstandVereinOeffentlichkeitsgesetz.png 582w, https:\/\/www.oeffentlichkeitsgesetz.ch\/deutsch\/files\/2021\/10\/20210922_VorstandVereinOeffentlichkeitsgesetz-300x169.png 300w\" sizes=\"auto, (max-width: 582px) 100vw, 582px\" \/><\/a><\/p>\n<p>\u00d6ffentlichkeitsgesetz.ch wird von einem unabh\u00e4ngigen Verein betrieben. Ziel laut <a href=\"https:\/\/www.oeffentlichkeitsgesetz.ch\/deutsch\/statuten-verein-oeffentlichkeitsgesetz-ch\/\">Vereinsstatuten <\/a>ist es, das \u00d6ffentlichkeitsgesetz in der Schweiz zu einem griffigen Instrument f\u00fcr Medienschaffende zu machen.<\/p>\n<h3>Der Vorstand des Vereins \u00d6ffentlichkeitsgesetz.ch<\/h3>\n<table class=\"table-portraits\" border=\"0\">\n<tbody>\n<tr>\n<td><a href=\"https:\/\/www.oeffentlichkeitsgesetz.ch\/deutsch\/files\/2011\/05\/02_Oeffentlichkeitsgesetz_MarcoZanoni.jpg\"><img loading=\"lazy\" decoding=\"async\" class=\"alignleft size-full wp-image-8237\" src=\"https:\/\/www.oeffentlichkeitsgesetz.ch\/deutsch\/files\/2011\/05\/02_Oeffentlichkeitsgesetz_MarcoZanoni.jpg\" alt=\"\" width=\"132\" height=\"200\" \/><\/a><\/td>\n<td>\n<h4>Hansj\u00fcrg Zumstein<\/h4>\n<p>Co-Pr\u00e4sident<\/p>\n<p>Hansj\u00fcrg Zumstein arbeitet seit \u00fcber 20 Jahren beim Schweizer Fernsehen. Er ist Autor von zahlreichen Dokumentarfilmen und ist mehrmals f\u00fcr seine Recherchearbeit ausgezeichnet worden.<\/p>\n<a style=\"margin-top:13px;display:inline-block\" href=\"mailto:&#104;&#97;&#110;&#115;ju&#101;rg&#46;zu&#109;&#115;&#116;e&#105;n&#64;o&#101;f&#102;e&#110;&#116;li&#99;&#104;ke&#105;t&#115;ges&#101;tz.&#99;&#104;\">&#104;&#97;&#110;&#115;ju&#101;rg&#46;zu&#109;&#115;&#116;e&#105;n&#64;o&#101;f&#102;e&#110;&#116;li&#99;&#104;ke&#105;t&#115;ges&#101;tz.&#99;&#104;<\/a>\n<\/td>\n<\/tr>\n<tr>\n<td><img loading=\"lazy\" decoding=\"async\" class=\"alignleft size-full wp-image-10561\" src=\"https:\/\/www.oeffentlichkeitsgesetz.ch\/deutsch\/files\/2019\/05\/Titus_Plattner.jpg\" alt=\"\" width=\"130\" height=\"195\" \/><\/td>\n<td>\n<p style=\"text-align: left\" align=\"center\"><strong>Titus Plattner<br \/>\n<\/strong>Co-Pr\u00e4sident<\/p>\n<p>Arbeitet seit zwanzig Jahren als Investigativjournalist unter anderem f\u00fcr <em>L\u2019Hebdo,\u00a0<\/em>Le Temps und Le Matin Dimanche<em>.\u00a0<\/em>2017 absolvierte er das\u00a0<a href=\"https:\/\/jsk.stanford.edu\/\"><em>JSK Fellowship<\/em><\/a>\u00a0 an der Stanford Universit\u00e4t.\u00a0 Heute arbeitet er f\u00fcr das Tamedia-Recherchedesk und Innova-<br \/>\ntionsprojekte der Mediengruppe, unterrichtet am <a href=\"https:\/\/www.cfjm.ch\/\"><em>CFJM<\/em><\/a>\u00a0in Lau-<br \/>\nsanne und sitzt im Network Committee des <a href=\"https:\/\/www.icij.org\/\"><em>ICIJ<\/em><\/a> in Washington.<\/p>\n<a style=\"margin-top:13px;display:inline-block\" href=\"mailto:&#116;&#105;&#116;&#117;s&#46;&#112;&#108;&#97;&#116;&#116;n&#101;r&#64;o&#101;&#102;&#102;&#101;nt&#108;ic&#104;&#107;&#101;&#105;&#116;sg&#101;&#115;&#101;tz&#46;&#99;&#104;\">&#116;&#105;&#116;&#117;s&#46;&#112;&#108;&#97;&#116;&#116;n&#101;r&#64;o&#101;&#102;&#102;&#101;nt&#108;ic&#104;&#107;&#101;&#105;&#116;sg&#101;&#115;&#101;tz&#46;&#99;&#104;<\/a>\n<\/td>\n<\/tr>\n<tr>\n<td><a href=\"https:\/\/www.oeffentlichkeitsgesetz.ch\/deutsch\/files\/2011\/05\/08_Oeffentlichkeitsgesetz_MarcoZanoni.jpg\"><img loading=\"lazy\" decoding=\"async\" class=\"alignleft size-full wp-image-8239\" src=\"https:\/\/www.oeffentlichkeitsgesetz.ch\/deutsch\/files\/2011\/05\/08_Oeffentlichkeitsgesetz_MarcoZanoni.jpg\" alt=\"\" width=\"132\" height=\"200\" \/><\/a><\/td>\n<td>\n<h4>Bastien von Wyss<\/h4>\n<p>Kassier<\/p>\n<p>Er arbeitet als Rechercheur bei der SRG, vor allem f\u00fcr die Westschweizer Radiosendung \u00abOn en Parle\u00bb. Radio- und Fernseheschaffende bildet er im Umgang mit den \u00d6ffentlichkeitsgesetzen aus \u2013 und pflegt damit ein Thema, das ihn schon in seinem Jusstudium besch\u00e4ftigt hat. \u00a0<\/p>\n<p>&nbsp;<\/p>\n<a style=\"margin-top:13px;display:inline-block\" href=\"mailto:ba&#115;t&#105;en&#46;v&#111;&#110;wy&#115;&#115;&#64;oeffent&#108;&#105;&#99;h&#107;ei&#116;&#115;gese&#116;&#122;&#46;&#99;h\">ba&#115;t&#105;en&#46;v&#111;&#110;wy&#115;&#115;&#64;oeffent&#108;&#105;&#99;h&#107;ei&#116;&#115;gese&#116;&#122;&#46;&#99;h<\/a>\n<\/td>\n<\/tr>\n<tr>\n<td><img loading=\"lazy\" decoding=\"async\" class=\"alignnone size-full wp-image-18190\" src=\"https:\/\/www.oeffentlichkeitsgesetz.ch\/deutsch\/files\/2025\/05\/Tina-Berg-web.png\" alt=\"\" width=\"132\" height=\"200\" \/><\/td>\n<td>\n<p style=\"text-align: left\" align=\"center\"><strong>Tina Berg<\/strong><\/p>\n<p>Tina Berg ist Historikerin und arbeitet seit 2018 f\u00fcr den Beobachter als Redaktorin. Sie recherchiert besonders gerne zu umweltpolitischen Fragen. Schreibt aber\u00a0auch h\u00e4ufig \u00fcber Recht, Politik und Wirtschaft.<\/p>\n<a style=\"margin-top:13px;display:inline-block\" href=\"mailto:tina.&#98;e&#114;g&#64;&#111;e&#102;&#102;&#101;ntlic&#104;k&#101;i&#116;s&#103;ese&#116;z&#46;&#99;h\">tina.&#98;e&#114;g&#64;&#111;e&#102;&#102;&#101;ntlic&#104;k&#101;i&#116;s&#103;ese&#116;z&#46;&#99;h<\/a>\n<\/td>\n<\/tr>\n<tr>\n<td>\n<p><a href=\"https:\/\/www.oeffentlichkeitsgesetz.ch\/deutsch\/files\/2021\/09\/Diarra_Diaw-1.png\"><img loading=\"lazy\" decoding=\"async\" class=\"alignleft wp-image-13753 size-full\" src=\"https:\/\/www.oeffentlichkeitsgesetz.ch\/deutsch\/files\/2021\/09\/Diarra_Diaw-1.png\" alt=\"\" width=\"130\" height=\"195\" \/><\/a><\/p>\n<\/td>\n<td>\n<p style=\"text-align: left\" align=\"center\"><strong>Diarra Diaw<\/strong><\/p>\n<p>Diarra Diaw ist Juristin und arbeitet seit 2018 beim Schweizer Radio und Fernsehen im Rechtsdienst. Sie unterst\u00fctzt die Medienschaffenden in rechtlichen Fragen und vertritt SRF im Rechtsverkehr mit externen Rechtsvertreter:innen und Justizbeh\u00f6rden.<\/p>\n<a style=\"margin-top:13px;display:inline-block\" href=\"mailto:d&#105;&#97;&#114;&#114;&#97;.&#100;&#105;a&#119;&#64;o&#101;&#102;&#102;ent&#108;&#105;&#99;&#104;k&#101;i&#116;s&#103;eset&#122;.&#99;&#104;\">d&#105;&#97;&#114;&#114;&#97;.&#100;&#105;a&#119;&#64;o&#101;&#102;&#102;ent&#108;&#105;&#99;&#104;k&#101;i&#116;s&#103;eset&#122;.&#99;&#104;<\/a>\n<\/td>\n<\/tr>\n<tr>\n<td>\n<p><img loading=\"lazy\" decoding=\"async\" class=\"size-full wp-image-10556\" src=\"https:\/\/www.oeffentlichkeitsgesetz.ch\/deutsch\/files\/2019\/05\/Lukas_Maeder.jpg\" alt=\"\" width=\"130\" height=\"195\" \/><\/p>\n<\/td>\n<td>\n<p style=\"text-align: left\" align=\"center\"><strong>Lukas M\u00e4der<\/strong><\/p>\n<p>Lukas M\u00e4der arbeitet f\u00fcr die \u00abNeue Z\u00fcrcher Zeitung\u00bb als Bundeshausredaktor in Bern. Er besch\u00e4ftigt sich seit \u00fcber zehn Jahren als Journalist mit der Schweizer Politik und der Bundesverwaltung, zuvor bei \u00ab20 Minuten Online\u00bb und dem Schweizer Radio und Fernsehen (SRF).<\/p>\n<a style=\"margin-top:13px;display:inline-block\" href=\"mailto:l&#117;k&#97;s&#46;m&#97;eder&#64;&#111;&#101;&#102;fen&#116;&#108;&#105;ch&#107;ei&#116;sge&#115;e&#116;&#122;&#46;c&#104;\">l&#117;k&#97;s&#46;m&#97;eder&#64;&#111;&#101;&#102;fen&#116;&#108;&#105;ch&#107;ei&#116;sge&#115;e&#116;&#122;&#46;c&#104;<\/a>\n<p style=\"text-align: left\" align=\"center\"><strong>\u00a0<\/strong><\/p>\n<p style=\"text-align: left\" align=\"center\"><strong>\u00a0<\/strong><\/p>\n<\/td>\n<\/tr>\n<tr>\n<td>\n<p><img loading=\"lazy\" decoding=\"async\" class=\"alignleft wp-image-15203 size-full\" src=\"https:\/\/www.oeffentlichkeitsgesetz.ch\/deutsch\/files\/2023\/04\/Florence-Vuichard.jpg\" alt=\"\" width=\"130\" height=\"195\" \/><\/p>\n<\/td>\n<td>\n<p style=\"text-align: left\" align=\"center\"><strong>Florence Vuichard<\/strong><\/p>\n<p style=\"text-align: left\" align=\"center\">Florence Vuichard arbeitet seit rund 25 Jahren als Journalistin und interessiert sich insbesondere f\u00fcr die Schnittstelle zwischen Wirtschaft und Politik. Im Mai 2021 hat sie die Leitung des Wirtschaftsressorts der Zeitungen von CH Media \u00fcbernommen.<\/p>\n<p style=\"text-align: left\" align=\"center\"><a style=\"margin-top:13px;display:inline-block\" href=\"mailto:flo&#114;&#101;&#110;c&#101;.v&#117;ic&#104;&#97;&#114;d&#64;o&#101;ffen&#116;l&#105;chk&#101;its&#103;e&#115;&#101;&#116;&#122;.&#99;h\">flo&#114;&#101;&#110;c&#101;.v&#117;ic&#104;&#97;&#114;d&#64;o&#101;ffen&#116;l&#105;chk&#101;its&#103;e&#115;&#101;&#116;&#122;.&#99;h<\/a><\/p>\n<p>&nbsp;<\/p>\n<p style=\"text-align: left\" align=\"center\"><strong>\u00a0<\/strong><\/p>\n<\/td>\n<\/tr>\n<\/tbody>\n<\/table>\n<hr \/>\n<h3>Die Gesch\u00e4ftsstelle des Vereins \u00d6ffentlichkeitsgesetz.ch<\/h3>\n<table class=\"table-portraits\" border=\"0\">\n<tbody>\n<tr>\n<td><a href=\"https:\/\/www.oeffentlichkeitsgesetz.ch\/deutsch\/files\/2011\/05\/06_Oeffentlichkeitsgesetz_MarcoZanoni.jpg\"><img loading=\"lazy\" decoding=\"async\" class=\"alignleft size-full wp-image-8242\" src=\"https:\/\/www.oeffentlichkeitsgesetz.ch\/deutsch\/files\/2011\/05\/06_Oeffentlichkeitsgesetz_MarcoZanoni.jpg\" alt=\"\" width=\"130\" height=\"200\" \/><\/a><\/td>\n<td>\n<h4>Martin Stoll<\/h4>\n<p>Gesch\u00e4ftsf\u00fchrer<\/p>\n<p class=\"p1\"><span class=\"s1\">Ist seit 1985 als Journalist t\u00e4tig, <\/span><span class=\"s2\">davon 32 Jahre f\u00fcr Tamedia-Titel (\u00abTages-Anzeiger\u00bb, \u00abFacts\u00bb, \u00abSonntagszeitung\u00bb). <\/span><span class=\"s1\">Initiant von \u00d6ffentlichkeitsgesetz.ch und inzwischen vollzeitlicher Gesch\u00e4ftsf\u00fchrer des Vereins. Ausserdem ist er Vorstandsmitglied des Recherchenetzwerks investigativ.ch und Recherchetrainer unter anderem am Medienausbildungszentrum MAZ in Luzern.<\/span><\/p>\n<a style=\"margin-top:13px;display:inline-block\" href=\"mailto:m&#97;r&#116;&#105;&#110;.&#115;t&#111;ll&#64;o&#101;f&#102;&#101;n&#116;&#108;&#105;&#99;h&#107;&#101;&#105;&#116;s&#103;&#101;setz&#46;c&#104;\">m&#97;r&#116;&#105;&#110;.&#115;t&#111;ll&#64;o&#101;f&#102;&#101;n&#116;&#108;&#105;&#99;h&#107;&#101;&#105;&#116;s&#103;&#101;setz&#46;c&#104;<\/a>\n<\/td>\n<\/tr>\n<\/tbody>\n<\/table>\n<hr \/>\n<h3>Die F\u00f6rderer des Vereins \u00d6ffentlichkeitsgesetz.ch<\/h3>\n<p>Wichtigster F\u00f6rderer der Transparenz-Initiative ist\u00a0<a href=\"https:\/\/www.oeffentlichkeitsgesetz.ch\/deutsch\/beat-weber\/\">Beat Weber<\/a>, ein ehemaliger Aktion\u00e4r des Winterthurer Landboten.<\/p>\n<p>Zu unseren Hauptsponsoren geh\u00f6ren <a href=\"https:\/\/www.tamedia.ch\/de\/\">Tamedia<\/a>, <a href=\"https:\/\/www.srgssr.ch\/de\/start\/\">SRG<\/a> und der <a href=\"https:\/\/www.schweizermedien.ch\/\">Verband Schweizer Medien<\/a>. Stiftungen und kleinere Verlage unterst\u00fctzen das Projekt, darunter die\u00a0 <a href=\"https:\/\/www.stiftung-mercator.ch\/\">Stiftung Mecator Schweiz<\/a>, die <a href=\"https:\/\/www.volkart.ch\/de\/\">Volkart Stiftung<\/a> und die <a href=\"http:\/\/ghvs.ch\/\">Gottlieb und Hans Vogt Stiftung<\/a>, die Konsumenteninfo AG (<a href=\"https:\/\/www.ktipp.ch\/\">K-Tipp<\/a>\u00a0und\u00a0<a href=\"https:\/\/www.saldo.ch\/\">saldo<\/a>), die Wochenzeitung (<a href=\"https:\/\/www.woz.ch\/\">WOZ<\/a>) und die <a href=\"http:\/\/www.freiburger-nachrichten.ch\/\">Freiburger Nachrichten<\/a>. Zu unseren Sachsponsoren geh\u00f6rt <a href=\"https:\/\/www.keystone-sda.ch\/en\/home\">Keystone SDA<\/a> und das SDA-Unternehmen <a href=\"https:\/\/www.renteria.ch\/\">renteria<\/a>.<\/p>\n<p>Wir sind Kooperationspartner von <a href=\"https:\/\/investigativ.ch\/\">investigativ.ch<\/a>, dem Netzwerk Deutschschweizer Recherchierjournalisten, dem <a href=\"https:\/\/presserat.ch\/\">Schweizer Presserat<\/a> und der <a href=\"http:\/\/www.sgg-ssh.ch\/\">Schweizerischen Gesellschaft f\u00fcr Geschichte<\/a>.<\/p>\n<hr \/>\n<h3>Unsere Jahresberichte<\/h3>\n<div id=\"accordion-1\" class=\"accordion\"><div class=\"scrollto-offset\"><\/div><div class=\"accordion-control\"><span class=\"accordion-trigger\"><\/span> Jahresbericht 2024<\/div><div class=\"accordion-content\"><\/p>\n<p><a href=\"https:\/\/www.oeffentlichkeitsgesetz.ch\/deutsch\/files\/2025\/05\/Jahresbericht_2024-einseitig_final.pdf\">Jahresbericht 2024 des Vereins \u00d6ffentlichkeitsgesetz.ch\u00a0<\/a><\/p>\n<p><a href=\"https:\/\/www.oeffentlichkeitsgesetz.ch\/deutsch\/files\/2025\/05\/Jahresrechnung-Revisionsbericht-2024.pdf\">Rechnung und Revisionsbericht 2024<\/a><\/p>\n<p><\/div><\/div>\n<div id=\"accordion-2\" class=\"accordion\"><div class=\"scrollto-offset\"><\/div><div class=\"accordion-control\"><span class=\"accordion-trigger\"><\/span> Jahresbericht 2023<\/div><div class=\"accordion-content\"><\/p>\n<p><a href=\"https:\/\/www.oeffentlichkeitsgesetz.ch\/deutsch\/files\/2024\/06\/Jahresbericht_2023_05.04.2023_Web.pdf\">Jahresbericht 2023 des Vereins \u00d6ffentlichkeitsgesetz.ch\u00a0<\/a><\/p>\n<p><a href=\"https:\/\/www.oeffentlichkeitsgesetz.ch\/deutsch\/files\/2024\/06\/Finanzbuchhaltung-2023.pdf\">Rechnung und Revisionsbericht 2023<\/a><\/p>\n<p><\/div><\/div>\n<div id=\"accordion-3\" class=\"accordion\"><div class=\"scrollto-offset\"><\/div><div class=\"accordion-control\"><span class=\"accordion-trigger\"><\/span> Jahresbericht 2022<\/div><div class=\"accordion-content\"><\/p>\n<p><a href=\"https:\/\/www.oeffentlichkeitsgesetz.ch\/deutsch\/files\/2023\/04\/Jahresbericht_2022_31.03.2023_Web_01.pdf\">Jahresbericht 2022 des Vereins \u00d6ffentlichkeitsgesetz.ch\u00a0<\/a><\/p>\n<p><a href=\"https:\/\/www.oeffentlichkeitsgesetz.ch\/deutsch\/files\/2023\/04\/Sammelmappe1.pdf\">Rechnung und Revisionsbericht 2022<\/a><\/p>\n<p><\/div><\/div>\n<div id=\"accordion-4\" class=\"accordion\"><div class=\"scrollto-offset\"><\/div><div class=\"accordion-control\"><span class=\"accordion-trigger\"><\/span> Jahresbericht 2021<\/div><div class=\"accordion-content\"><\/p>\n<p><a href=\"https:\/\/www.oeffentlichkeitsgesetz.ch\/deutsch\/files\/2022\/04\/Jahresbericht_2021_final_web.pdf\">Jahresbericht 2021 des Vereins \u00d6ffentlichkeitsgesetz.ch\u00a0<\/a><\/p>\n<p><a href=\"https:\/\/www.oeffentlichkeitsgesetz.ch\/deutsch\/files\/2022\/04\/Revisionsbericht-2021.pdf\">Rechnung und Revisionsbericht 2021<\/a><\/p>\n<p><\/div><\/div>\n<div id=\"accordion-5\" class=\"accordion\"><div class=\"scrollto-offset\"><\/div><div class=\"accordion-control\"><span class=\"accordion-trigger\"><\/span> Jahresbericht 2020<\/div><div class=\"accordion-content\"><\/p>\n<p><a href=\"https:\/\/www.oeffentlichkeitsgesetz.ch\/deutsch\/files\/2021\/05\/Jahresbericht_2020_FINAL_web-compressed.pdf\">Jahresbericht 2020 des Vereins \u00d6ffentlichkeitsgesetz.ch\u00a0<\/a><\/p>\n<p><a href=\"https:\/\/www.oeffentlichkeitsgesetz.ch\/deutsch\/files\/2021\/05\/Revisionsbericht-2020_Finanzbuchhaltung.pdf\">Rechnung und Revisionsbericht 2020<\/a><\/p>\n<p><\/div><\/div>\n<div id=\"accordion-6\" class=\"accordion\"><div class=\"scrollto-offset\"><\/div><div class=\"accordion-control\"><span class=\"accordion-trigger\"><\/span> Jahresbericht 2019<\/div><div class=\"accordion-content\"><\/p>\n<p><a href=\"https:\/\/www.oeffentlichkeitsgesetz.ch\/deutsch\/files\/2020\/05\/Jahresbericht_2019_web.pdf\">Jahresbericht 2019 des Vereins \u00d6ffentlichkeitsgesetz.ch\u00a0<\/a><\/p>\n<p><a href=\"https:\/\/www.oeffentlichkeitsgesetz.ch\/deutsch\/files\/2020\/05\/1_Revsionsbericht_JR-2019-def.pdf\">Rechnung und Revisionsbericht 2019<\/a><\/p>\n<p><\/div><\/div>\n<div id=\"accordion-7\" class=\"accordion\"><div class=\"scrollto-offset\"><\/div><div class=\"accordion-control\"><span class=\"accordion-trigger\"><\/span> Jahresbericht 2018<\/div><div class=\"accordion-content\"><\/p>\n<p><a href=\"https:\/\/www.oeffentlichkeitsgesetz.ch\/deutsch\/files\/2019\/06\/Jahresbericht_2018_def_web.pdf\">Jahresbericht 2018 des Vereins \u00d6ffentlichkeitsgesetz.ch\u00a0<\/a><\/p>\n<p><a href=\"https:\/\/www.oeffentlichkeitsgesetz.ch\/deutsch\/files\/2019\/06\/Jahresrechnung-inkl.-Revisionsbericht-2018.pdf\">Rechnung und Revisionsbericht 2018<\/a><\/p>\n<p><\/div><\/div>\n<div id=\"accordion-8\" class=\"accordion\"><div class=\"scrollto-offset\"><\/div><div class=\"accordion-control\"><span class=\"accordion-trigger\"><\/span> Jahresbericht 2017<\/div><div class=\"accordion-content\"><\/p>\n<p><a href=\"https:\/\/www.oeffentlichkeitsgesetz.ch\/deutsch\/files\/2019\/05\/Jahresbericht_Web-komprimiert.pdf\">Jahresbericht 2017 des Vereins \u00d6ffentlichkeitsgesetz.ch\u00a0<\/a><\/p>\n<p><a href=\"https:\/\/www.oeffentlichkeitsgesetz.ch\/deutsch\/files\/2018\/12\/Jahresrechnung-inklusive-Revisionsbericht-2017-1-2.pdf\">Rechnung und Revisionsbericht 2017<\/a><\/p>\n<p><\/div><\/div>\n<div id=\"accordion-9\" class=\"accordion\"><div class=\"scrollto-offset\"><\/div><div class=\"accordion-control\"><span class=\"accordion-trigger\"><\/span> Jahresbericht 2016<\/div><div class=\"accordion-content\"><\/p>\n<p><a href=\"https:\/\/www.oeffentlichkeitsgesetz.ch\/deutsch\/files\/2017\/05\/Jahresbericht_\u00d6ffentlichkeitsgesetz_ch_2016_FINAL2.pdf\">Jahresbericht 2016 des Vereins \u00d6ffentlichkeitsgesetz.ch\u00a0<\/a><\/p>\n<p><a href=\"https:\/\/www.oeffentlichkeitsgesetz.ch\/deutsch\/files\/2017\/05\/Bilanz_2016_Revisionsbericht_Web.pdf\" target=\"_blank\" rel=\"noopener noreferrer\">Rechnung und Revisionsbericht 2016<\/a><\/p>\n<p><\/div><\/div>\n<div id=\"accordion-10\" class=\"accordion\"><div class=\"scrollto-offset\"><\/div><div class=\"accordion-control\"><span class=\"accordion-trigger\"><\/span> Jahresbericht 2015<\/div><div class=\"accordion-content\"><\/p>\n<p><a href=\"https:\/\/www.oeffentlichkeitsgesetz.ch\/deutsch\/files\/2016\/05\/Jahresbericht_FINAL_WEB.pdf\">Jahresbericht 2015 des Vereins \u00d6ffentlichkeitsgesetz.ch\u00a0<\/a><\/p>\n<p><\/div><\/div>\n<div id=\"accordion-11\" class=\"accordion\"><div class=\"scrollto-offset\"><\/div><div class=\"accordion-control\"><span class=\"accordion-trigger\"><\/span> Jahresbericht 2014<\/div><div class=\"accordion-content\"><\/p>\n<p><a href=\"https:\/\/www.oeffentlichkeitsgesetz.ch\/deutsch\/files\/2015\/08\/Jahresbericht_2014.pdf\" target=\"_blank\" rel=\"noopener noreferrer\">Jahresbericht 2014 des Vereins \u00d6ffentlichkeitsgesetz.ch\u00a0<\/a><\/p>\n<p><\/div><\/div>\n<div id=\"accordion-12\" class=\"accordion\"><div class=\"scrollto-offset\"><\/div><div class=\"accordion-control\"><span class=\"accordion-trigger\"><\/span> Jahresbericht 2013<\/div><div class=\"accordion-content\"><\/p>\n<p><a href=\"https:\/\/www.oeffentlichkeitsgesetz.ch\/deutsch\/files\/2015\/08\/Jahresbericht_2013.pdf\" target=\"_blank\" rel=\"noopener noreferrer\">Jahresbericht 2013 des Vereins \u00d6ffentlichkeitsgesetz.ch\u00a0<\/a><\/p>\n<p><\/div><\/div>\n<div id=\"accordion-13\" class=\"accordion\"><div class=\"scrollto-offset\"><\/div><div class=\"accordion-control\"><span class=\"accordion-trigger\"><\/span> Jahresbericht 2012<\/div><div class=\"accordion-content\"><\/p>\n<p><a href=\"https:\/\/www.oeffentlichkeitsgesetz.ch\/deutsch\/files\/2015\/08\/Jahresbericht-2012-.pdf\" target=\"_blank\" rel=\"noopener noreferrer\">Jahresbericht 2012 des Vereins \u00d6ffentlichkeitsgesetz.ch\u00a0<\/a><\/p>\n<p><\/div><\/div>\n<div id=\"accordion-14\" class=\"accordion\"><div class=\"scrollto-offset\"><\/div><div class=\"accordion-control\"><span class=\"accordion-trigger\"><\/span> Jahresbericht 2011<\/div><div class=\"accordion-content\"><\/p>\n<p><a href=\"https:\/\/www.oeffentlichkeitsgesetz.ch\/deutsch\/files\/2015\/08\/Jahresbericht-2011-.pdf\" target=\"_blank\" rel=\"noopener noreferrer\">Jahresbericht 2011 des Vereins \u00d6ffentlichkeitsgesetz.ch\u00a0<\/a><\/p>\n<p><\/div><\/div>\n","protected":false},"excerpt":{"rendered":"<p>\u00d6ffentlichkeitsgesetz.ch wird von einem unabh\u00e4ngigen Verein betrieben. Ziel laut Vereinsstatuten ist es, das \u00d6ffentlichkeitsgesetz in der Schweiz zu einem griffigen Instrument f\u00fcr Medienschaffende zu machen. Der Vorstand des Vereins \u00d6ffentlichkeitsgesetz.ch Hansj\u00fcrg Zumstein Co-Pr\u00e4sident Hansj\u00fcrg Zumstein arbeitet seit \u00fcber 20 Jahren beim Schweizer Fernsehen. Er ist Autor von zahlreichen Dokumentarfilmen und ist mehrmals f\u00fcr seine Recherchearbeit [&hellip;]<\/p>\n","protected":false},"author":1,"featured_media":0,"parent":0,"menu_order":0,"comment_status":"closed","ping_status":"closed","template":"","meta":{"footnotes":""},"class_list":["post-20","page","type-page","status-publish","hentry"],"_links":{"self":[{"href":"https:\/\/www.oeffentlichkeitsgesetz.ch\/deutsch\/wp-json\/wp\/v2\/pages\/20","targetHints":{"allow":["GET"]}}],"collection":[{"href":"https:\/\/www.oeffentlichkeitsgesetz.ch\/deutsch\/wp-json\/wp\/v2\/pages"}],"about":[{"href":"https:\/\/www.oeffentlichkeitsgesetz.ch\/deutsch\/wp-json\/wp\/v2\/types\/page"}],"author":[{"embeddable":true,"href":"https:\/\/www.oeffentlichkeitsgesetz.ch\/deutsch\/wp-json\/wp\/v2\/users\/1"}],"replies":[{"embeddable":true,"href":"https:\/\/www.oeffentlichkeitsgesetz.ch\/deutsch\/wp-json\/wp\/v2\/comments?post=20"}],"version-history":[{"count":5,"href":"https:\/\/www.oeffentlichkeitsgesetz.ch\/deutsch\/wp-json\/wp\/v2\/pages\/20\/revisions"}],"predecessor-version":[{"id":18757,"href":"https:\/\/www.oeffentlichkeitsgesetz.ch\/deutsch\/wp-json\/wp\/v2\/pages\/20\/revisions\/18757"}],"wp:attachment":[{"href":"https:\/\/www.oeffentlichkeitsgesetz.ch\/deutsch\/wp-json\/wp\/v2\/media?parent=20"}],"curies":[{"name":"wp","href":"https:\/\/api.w.org\/{rel}","templated":true}]}}