{"id":16,"date":"2011-05-08T14:04:54","date_gmt":"2011-05-08T13:04:54","guid":{"rendered":"https:\/\/www.oeffentlichkeitsgesetz.ch\/deutsch\/?page_id=16"},"modified":"2024-05-30T13:51:48","modified_gmt":"2024-05-30T11:51:48","slug":"links","status":"publish","type":"page","link":"https:\/\/www.oeffentlichkeitsgesetz.ch\/deutsch\/links\/","title":{"rendered":"Links"},"content":{"rendered":"<p><img loading=\"lazy\" decoding=\"async\" class=\"alignnone size-full wp-image-10932\" src=\"https:\/\/www.oeffentlichkeitsgesetz.ch\/deutsch\/files\/2019\/09\/Links.png\" alt=\"\" width=\"582\" height=\"355\" srcset=\"https:\/\/www.oeffentlichkeitsgesetz.ch\/deutsch\/files\/2019\/09\/Links.png 582w, https:\/\/www.oeffentlichkeitsgesetz.ch\/deutsch\/files\/2019\/09\/Links-300x183.png 300w\" sizes=\"auto, (max-width: 582px) 100vw, 582px\" \/>Viele L\u00e4nder haben den Zugang zu Informationen der Verwaltung gesetzlich geregelt. Eine Liste mit Anlaufstellen und Organisationen.<\/p>\n<hr \/>\n<h3>Schweiz<\/h3>\n<ul>\n<li><a href=\"https:\/\/www.bj.admin.ch\/bj\/de\/home\/staat\/gesetzgebung\/archiv\/oeffentlichkeitsprinzip.html\" target=\"_blank\" rel=\"noopener noreferrer\">Bundesamt f\u00fcr Justiz<\/a> Dossier zum \u00d6ffentlichkeitsgesetz (BG\u00d6) mit Hilfen zur Rechtsauslegung und Checkliste zur Gesuchsabwicklung f\u00fcr \u00c4mter.<\/li>\n<li><a href=\"http:\/\/www.edoeb.admin.ch\/index.html?lang=de\" target=\"_blank\" rel=\"noopener noreferrer\">Der Eidgen\u00f6ssische Datenschutz- und \u00d6ffentlichkeitsbeauftragte (ED\u00d6B)<\/a> Empfehlungen und Statistiken zur Umsetzung des \u00d6ffentlichkeitsprinzips in der Bundesverwaltung.<\/li>\n<\/ul>\n<hr \/>\n<h3>Deutschland<\/h3>\n<ul>\n<li><a href=\"https:\/\/fragdenstaat.de\/\" target=\"_blank\" rel=\"noopener noreferrer\">Frag den Staat<\/a>\u00a0Hier werden Anfragen publiziert, die gest\u00fctzt auf die deutschen Informationsgesetze gestellt werden. Projekt der Open Knowledge Foundation.<\/li>\n<li><a href=\"https:\/\/netzwerkrecherche.org\/handwerk\/informationsfreiheit-und-auskunftsrechte\/ifg-guide\/\" target=\"_blank\" rel=\"noopener noreferrer\">Netzwerk Recherche<\/a>\u00a0Plattform des Journalistennetzwerks zum Informationsfreiheitsgesetz, mit einer Linksammlung zu den Landesgesetzen.<\/li>\n<li><a href=\"http:\/\/www.bfdi.bund.de\/IFG\/Home\/homepage_node.html\" target=\"_blank\" rel=\"noopener noreferrer\">Der Bundesbeauftragte<\/a>\u00a0Website des Beauftragten f\u00fcr den Datenschutz und die Informationsfreiheit<\/li>\n<\/ul>\n<hr \/>\n<h3>Grossbritannien<\/h3>\n<ul>\n<li><a href=\"http:\/\/www.whatdotheyknow.com\/\" target=\"_blank\" rel=\"noopener noreferrer\">What do they know?<\/a> Einsicht in hunderte Einsichtsgesuche. Ein exzellenter Ideenlieferant.<\/li>\n<li><a href=\"http:\/\/www.guardian.co.uk\/politics\/freedomofinformation\" target=\"_blank\" rel=\"noopener noreferrer\">Guardian<\/a> Die neusten Storys, die der Guardian mit dem Informationsfreiheitsgesetz realisiert hat.<\/li>\n<li><a href=\"http:\/\/www.bbc.co.uk\/news\/correspondents\/martinrosenbaum\/\" target=\"_blank\" rel=\"noopener noreferrer\">Martin Rosenbaum<\/a> Der Spezialist von BBC bloggt \u00fcber Journalismus und Transparenzgesetze.<\/li>\n<li><a href=\"https:\/\/ico.org.uk\/\" target=\"_blank\" rel=\"noopener noreferrer\">Information Commissioner\u2019s Office<\/a> Seite der britischen \u00d6ffentlichkeitsbeauftragten.<\/li>\n<li><a href=\"http:\/\/requestinitiative.org\/blog\/\">Request Initiative<\/a> Britische Zeitungen publizieren monatlich 200 FoIA-Geschichten. Der Blog kommentiert die wichtigsten.<\/li>\n<\/ul>\n<hr \/>\n<h3>Europa<\/h3>\n<ul>\n<li><a href=\"http:\/\/www.statewatch.org\/foi\/foi.htm\" target=\"_blank\" rel=\"noopener noreferrer\">FOI in the EU<\/a> Beobachtet die Rechtssprechung in der Europ\u00e4ischen Union.<\/li>\n<li><a href=\"http:\/\/www.access-info.org\/\" target=\"_blank\" rel=\"noopener noreferrer\">Access-info<\/a> Setzt sich f\u00fcr die Informationsfreiheit vor allem in Europa ein.<\/li>\n<li><a href=\"http:\/\/farmsubsidy.openspending.org\/\" target=\"_blank\" rel=\"noopener noreferrer\">Farmsubsidy<\/a>\u00a0Projekt von europ\u00e4ischen Medienschaffenden, die gest\u00fctzt auf Informationsfreiheitsgesetze Daten von europ\u00e4ischen Agrarsubventions-Empf\u00e4ngern eingefordert und \u00fcber eine Datenbank zug\u00e4nglich gemacht haben.<\/li>\n<li><a href=\"https:\/\/ec.europa.eu\/info\/about-european-commission\/service-standards-and-principles\/transparency\/freedom-information_en\" target=\"_blank\" rel=\"noopener noreferrer\">Europ\u00e4ische Kommission<\/a> Einstiegseite f\u00fcr Akteneinsichtsgesuche.<\/li>\n<li><a href=\"http:\/\/www.europarl.europa.eu\/RegistreWeb\/search\/simple.htm?language=DE\" target=\"_blank\" rel=\"noopener noreferrer\">Europ\u00e4isches Parlament<\/a> Einstiegsseite f\u00fcr Akteneinsichtsgesuche.<\/li>\n<li><a href=\"https:\/\/www.asktheeu.org\/\" target=\"_blank\" rel=\"noopener noreferrer\">Ask the EU<\/a> erleichtert den Zugang zu Dokumenten und Informationen von EU-Institutionen.\u00a0<\/li>\n<\/ul>\n<hr \/>\n<h3>USA und Kanada<\/h3>\n<ul>\n<li>Die US-NGO <a href=\"https:\/\/www.muckrock.com\/\">MuckRock<\/a> unterst\u00fctzt Joornalistinnen und B\u00fcrger bei FOIA-Anfragen und bietet einen Online-Antragsgenerator mit Beh\u00f6rdenkontakten an.<\/li>\n<li><a href=\"http:\/\/www.rcfp.org\/index.php\" target=\"_blank\" rel=\"noopener noreferrer\">Reporters committee for freedom of the press<\/a> Journalisten und Juristen unterhalten seit 1970 dieses Forum. Viele Infos und ein <a href=\"https:\/\/www.ifoia.org\/#!\/\" target=\"_blank\" rel=\"noopener noreferrer\">Antrags-Generator<\/a>.<\/li>\n<li><a href=\"http:\/\/www.ire.org\/\" target=\"_blank\" rel=\"noopener noreferrer\">Investigative Reporters and Editors<\/a> Umfassende Informationssammlung auch zum US-Freedom of Information Act.<\/li>\n<li><a href=\"http:\/\/www.gwu.edu\/~nsarchiv\/nsa\/foia\/resources.html\" target=\"_blank\" rel=\"noopener noreferrer\">National Security Archive<\/a> Die regierungsunabh\u00e4ngige Organisation unterh\u00e4lt eine Dokumentensammlung zu Sicherheits- und Aussenpolitik und Geheimdiensten, welche sie gest\u00fctzt auf den Freedom of Information Act heraus verlangt. Sie hat eine <a href=\"http:\/\/nsarchive.gwu.edu\/news\/20160613-FOIA-Commands-Headlines-as-Law-Approaches-50th-Birthday\/\" target=\"_blank\" rel=\"noopener noreferrer\">Fallsammlung<\/a> publiziert.<\/li>\n<li><a href=\"http:\/\/www.justice.gov\/oip\/04_2.html\" target=\"_blank\" rel=\"noopener noreferrer\">Department of Justice<\/a> Sammlung von Dokumenten, welche das Justizministerium gest\u00fctzt auf das amerikanische Informationsfreiheitsgesetz ver\u00f6ffentlicht.<\/li>\n<li><a href=\"http:\/\/www.openthegovernment.org\/\" target=\"_blank\" rel=\"noopener noreferrer\">Openthegovernment.org<\/a>\u00a0Koalition von US-Konsumentensch\u00fctzern, Medien- und Umweltorganisationen.<\/li>\n<li><a href=\"https:\/\/www.cia.gov\/library\/readingroom\/collection\/crest-25-year-program-archive\" target=\"_blank\" rel=\"noopener noreferrer\">Electronic Reading Room<\/a> Hier k\u00f6nnen Interessierte in 13 Millionen freigegebener\u00a0CIA-Dokumente\u00a0st\u00f6bern.\u00a0<\/li>\n<\/ul>\n<hr \/>\n<h3>Weltweit<\/h3>\n<ul>\n<li><a href=\"http:\/\/www.freedominfo.org\/\" target=\"_blank\" rel=\"noopener noreferrer\">freedominfo.org<\/a> Informationen zu allen Informationsfreiheitsgesetzen der Welt mit einem aktuellen Newsletter und einer umfassenden <a href=\"http:\/\/www.freedominfo.org\/about-us\/foia-blog-roll\/\" target=\"_blank\" rel=\"noopener noreferrer\">Linkliste<\/a>.\u00a0<\/li>\n<li><a href=\"http:\/\/www.soros.org\/initiatives\/information\" target=\"_blank\" rel=\"noopener noreferrer\">Freedom of Information and Expression Program<\/a> Das Projekt der Open Society Justice Foundations setzt sich f\u00fcr Transparenz und Medienfreiheit weltweit ein.<\/li>\n<li><a href=\"http:\/\/www.foiadvocates.net\/\">Foianet\u00a0<\/a>Zusammenschluss von Freedom-of-Information-Organisationen.\u00a0<\/li>\n<li><a href=\"http:\/\/www.rti-rating.org\/\">Global Right to Information Rating<\/a>\u00a0Die Seite bewertet die Informationsfreiheitsgesetze der Welt anhand von 61 Indikatoren.\u00a0<\/li>\n<li><a href=\"http:\/\/www.cartercenter.org\/peace\/ati\/calendar.html\" target=\"_blank\" rel=\"noopener noreferrer\">Carter Center<\/a>\u00a0Kalender mit internationalen Konferenzen und Seminaren zum Thema Informationsfreiheit und Open Data.\u00a0<\/li>\n<li>Im <a href=\"http:\/\/gijn.org\/\" target=\"_blank\" rel=\"noopener noreferrer\">Global Investigative Journalism Network (GIJN)<\/a> sind Organisationen der ganzen Welt organisiert. Die Seite <a href=\"http:\/\/gijn.org\/resources\/freedom-of-information-laws\/\" target=\"_blank\" rel=\"noopener noreferrer\">listet Organisationen auf, <\/a>die sich in ihren L\u00e4ndern f\u00fcr Aktenzugang stark machen.\u00a0<\/li>\n<li>Auf der Seite von <a href=\"https:\/\/alaveteli.org\/deployments\/\">Alaveteli<\/a> sind \u00fcber zwanzig Portale versammelt, \u00fcber die online Zugangsgesuche platziert werden k\u00f6nnen, von Ungarn \u00fcber Australien bis nach Uganda.\u00a0<\/li>\n<li>Die weltweit existierenden Informationsfreiheits-Gesetze werden in diesem gemeinsamen Projekt von <a href=\"https:\/\/www.access-info.org\/\">Access Info Europe (AIE)<\/a>\u00a0\u00a0und dem <a href=\"http:\/\/www.law-democracy.org\/\">Centre for Law and Democracy (CLD) <\/a>bewertet.\u00a0<\/li>\n<\/ul>\n<hr \/>\n<h3><strong>Ideenb\u00f6rsen<\/strong><\/h3>\n<ul>\n<li><a href=\"http:\/\/clairemiller.net\/blog\/2013\/01\/a-great-big-list-of-foi-ideas\/\" target=\"_blank\" rel=\"noopener noreferrer\">clairemiller.net<\/a> Eine Liste mit 500 Ideen f\u00fcr FOIA-Geschichten\u00a0<\/li>\n<li>Das\u00a0<a href=\"http:\/\/gijn.org\/\" target=\"_blank\" rel=\"noopener noreferrer\">Global Investigative Journalism Network (GIJN)<\/a>\u00a0publiziert einen <a href=\"http:\/\/gijn.org\/series\/foia-this\/\" target=\"_blank\" rel=\"noopener noreferrer\">Blog mit FOIA-Geschichten<\/a><\/li>\n<li><a href=\"http:\/\/www.freedominfo.org\/\" target=\"_blank\" rel=\"noopener noreferrer\">freedominfo.org<\/a>\u00a0publiziert eine <a href=\"http:\/\/www.freedominfo.org\/2016\/09\/foia-impact-success-stories\/\" target=\"_blank\" rel=\"noopener noreferrer\">Sammlung mit Geschichte<\/a>n aus der ganzen Welt<\/li>\n<li><a href=\"http:\/\/www.cfoi.org.uk\/\" target=\"_blank\" rel=\"noopener noreferrer\">Campaign for Freedom of Information<\/a>\u00a0ist eine Informative Seite einer B\u00fcrgerinitiative mit einer <a href=\"http:\/\/www.cfoi.org.uk\/pdf\/FOIStories2006-07.pdf\" target=\"_blank\" rel=\"noopener noreferrer\">Liste<\/a> mit 1000 Storys, die auf dem britischen Informationsgesetz basieren<\/li>\n<\/ul>\n","protected":false},"excerpt":{"rendered":"<p>Viele L\u00e4nder haben den Zugang zu Informationen der Verwaltung gesetzlich geregelt. Eine Liste mit Anlaufstellen und Organisationen. Schweiz Bundesamt f\u00fcr Justiz Dossier zum \u00d6ffentlichkeitsgesetz (BG\u00d6) mit Hilfen zur Rechtsauslegung und Checkliste zur Gesuchsabwicklung f\u00fcr \u00c4mter. Der Eidgen\u00f6ssische Datenschutz- und \u00d6ffentlichkeitsbeauftragte (ED\u00d6B) Empfehlungen und Statistiken zur Umsetzung des \u00d6ffentlichkeitsprinzips in der Bundesverwaltung. Deutschland Frag den Staat\u00a0Hier [&hellip;]<\/p>\n","protected":false},"author":1,"featured_media":0,"parent":0,"menu_order":0,"comment_status":"closed","ping_status":"closed","template":"","meta":{"footnotes":""},"class_list":["post-16","page","type-page","status-publish","hentry"],"_links":{"self":[{"href":"https:\/\/www.oeffentlichkeitsgesetz.ch\/deutsch\/wp-json\/wp\/v2\/pages\/16","targetHints":{"allow":["GET"]}}],"collection":[{"href":"https:\/\/www.oeffentlichkeitsgesetz.ch\/deutsch\/wp-json\/wp\/v2\/pages"}],"about":[{"href":"https:\/\/www.oeffentlichkeitsgesetz.ch\/deutsch\/wp-json\/wp\/v2\/types\/page"}],"author":[{"embeddable":true,"href":"https:\/\/www.oeffentlichkeitsgesetz.ch\/deutsch\/wp-json\/wp\/v2\/users\/1"}],"replies":[{"embeddable":true,"href":"https:\/\/www.oeffentlichkeitsgesetz.ch\/deutsch\/wp-json\/wp\/v2\/comments?post=16"}],"version-history":[{"count":4,"href":"https:\/\/www.oeffentlichkeitsgesetz.ch\/deutsch\/wp-json\/wp\/v2\/pages\/16\/revisions"}],"predecessor-version":[{"id":16835,"href":"https:\/\/www.oeffentlichkeitsgesetz.ch\/deutsch\/wp-json\/wp\/v2\/pages\/16\/revisions\/16835"}],"wp:attachment":[{"href":"https:\/\/www.oeffentlichkeitsgesetz.ch\/deutsch\/wp-json\/wp\/v2\/media?parent=16"}],"curies":[{"name":"wp","href":"https:\/\/api.w.org\/{rel}","templated":true}]}}