{"id":15159,"date":"2023-03-30T15:39:33","date_gmt":"2023-03-30T14:39:33","guid":{"rendered":"https:\/\/www.oeffentlichkeitsgesetz.ch\/deutsch\/?page_id=15159"},"modified":"2025-09-11T09:42:54","modified_gmt":"2025-09-11T07:42:54","slug":"regio","status":"publish","type":"page","link":"https:\/\/www.oeffentlichkeitsgesetz.ch\/deutsch\/regio\/","title":{"rendered":"Regio"},"content":{"rendered":"<h2>F\u00fcr eine gute Umsetzung in Kantonen und Gemeinden<\/h2>\n<h4>Das Regionen-Projekt<\/h4>\n<p data-start=\"35\" data-end=\"220\">Im Rahmen unseres Regionen-Projekts schulen wir Medien\u00adschaf\u00adfende im Umgang mit kantonalen \u00d6ffentlichkeitsgesetzen und setzen uns f\u00fcr eine bessere Anwendung der Transparenzgesetze ein.\u00a0Bis Fr\u00fchling 2025 l\u00e4uft das Projekt in Aargau, Solothurn, Basel-Landschaft, Basel-Stadt und Z\u00fcrich, bis Herbst in Waadt und Genf. Ab Juni 2025 folgen St. Gallen, Thurgau und Schaffhausen.<\/p>\n<hr \/>\n<h2>Schulungen &amp; Veranstaltungen<\/h2>\n<div class=\"infobox regio\"><p class=\"italic\">Regio Ostschweiz<\/p><p><span class=\"red\"><span class=\"bold\">Oktober 2025 bis April 2026<\/span> &gt; <\/span>Vor Ort &amp; Online<\/p><div class=\"flex\"><h4>In einem mehrmonatigen Lehrgang geben wir unser Wissen weiter und coachen euch bei euren Projekten.<\/h4><div><a class=\"sc-button sc-button-short\" href=\"https:\/\/www.oeffentlichkeitsgesetz.ch\/deutsch\/files\/2025\/06\/Flyer-oege-expert-25-26-dev-mit-Link-neu.pdf\">Infos &amp; Bewerben<\/a><\/div><\/div><\/div>\n<div class=\"hinweis\">\u00a0In St. Gallen, Thurgau und Schaffhausen bieten wir Medienredaktionen kostenlose Einf\u00fchrungskurse (1\u20132 Std.) an. Infos: <a href=\"mailto:info@oeffentlichkeitsgesetz.ch\">info@oeffentlichkeitsgesetz.ch<\/a>\u00a0<\/div><div class=\"clear\"><\/div>\n<hr \/>\n<div class=\"infobox regio\"><p class=\"italic\">Regio ZH AG SO BL BS<\/p><p><span class=\"red\"><span class=\"bold\">29. Juni 2024<\/span> &gt; <\/span>Redaktions\u00fcbergreifende Recherche<\/p><div class=\"flex\"><h4>Wohnen am Limit: 5 Kantone, 6 Redaktionen, 1 Recherche<\/h4><div><a class=\"sc-button sc-button-short\" href=\"https:\/\/www.oeffentlichkeitsgesetz.ch\/deutsch\/2024\/06\/gesuche-um-zugang-zu-mietlimiten-in-552-gemeinden\/\">Zur Recherche<\/a><\/div><\/div><\/div>\n<hr \/>\n<div class=\"infobox regio\"><p class=\"italic\">Regio Westschweiz<\/p><p><span class=\"red\"><span class=\"bold\">ab Januar 2024<\/span> &gt; <\/span>Westschweiz &amp; Online<\/p><div class=\"flex\"><h4>Einf\u00fchrungs- und Intensivkurse zu den kantonalen Transparenzgesetzen\n<\/h4><\/div><\/div>\n<p>Mehr Informationen: <em><a href=\"mailto:&#105;nf&#111;&#64;o&#101;f&#102;e&#110;t&#108;&#105;ch&#107;eit&#115;g&#101;&#115;e&#116;&#122;.&#99;h\">&#105;nf&#111;&#64;o&#101;f&#102;e&#110;t&#108;&#105;ch&#107;eit&#115;g&#101;&#115;e&#116;&#122;.&#99;h<\/a><\/em><\/p>\n<hr \/>\n<div class=\"infobox mit-bild\"><h2>Melde dich zu einem Coaching an<\/h2><div class=\"flex\"><div class=\"bild\"><img decoding=\"async\" src=\"https:\/\/www.oeffentlichkeitsgesetz.ch\/deutsch\/files\/2023\/02\/Coaching.png\"><\/div><div class=\"text\"><\/p>\n<p><b>Wir geben unser Wissen weiter<br \/>\n<\/b>Wir begleiten regional wirkende Medien\u00adschaf\u00adfende kostenlos bei ihren Projekten und helfen ihnen, die \u00d6ffentlichkeitsgesetze zielgerichtet einzusetzen. Das Coaching findet je nach Bed\u00fcrfnis einmalig oder wiederholt statt.<\/p>\n<p><\/div><\/div><p style=\"text-align:right;margin:0\"><a class=\"sc-button  sc-button-short\" href=\"https:\/\/docs.google.com\/forms\/d\/e\/1FAIpQLSeKa4ipMSRQt-nKGfIOm5NksNDU_MagiHgIa3V6J5Bqwg-WOg\/viewform\">Hier anmelden<\/a><\/p><\/div>\n<hr \/>\n<div class=\"infobox mit-bild\"><h2>Starterkit f\u00fcr Regionalredaktionen<\/h2><div class=\"flex\"><div class=\"text\">In einem unentgeltlichen Input von 1 bis 2 Stunden vermitteln wir die Grundz\u00fcge der \u00d6ffentlichkeitsgesetze und zeigen, welche Geschichten damit im lokalen und regionalen Kontext realisiert werden k\u00f6nnen. Die Kursteilnehmenden lernen Strategien kennen, mit denen sie zu exklusiven Verwaltungsdokumenten kommen und sie erfahren, wie sie sich das Aktenzugangs-Recht erstreiten k\u00f6nnen.<\/p>\n<p>Mehr Informationen und Terminvereinbarungen: <em><a href=\"mailto:&#105;n&#102;&#111;&#64;&#111;ef&#102;e&#110;t&#108;i&#99;hke&#105;t&#115;g&#101;&#115;e&#116;&#122;.&#99;h\">&#105;n&#102;&#111;&#64;&#111;ef&#102;e&#110;t&#108;i&#99;hke&#105;t&#115;g&#101;&#115;e&#116;&#122;.&#99;h<\/a><\/em> <\/div><\/div><\/div>\n<hr \/>\n<h2>Das ist die gute Praxis<\/h2>\n<h4>Tipps zur Umsetzung<\/h4>\n<p class=\"p1\">Beachten Medienschaffenden<span class=\"Apple-converted-space\">\u00a0 <\/span>einige Punkte, kommen sie mit ihren Zugangsgesuchen rasch ans Ziel. Leitlinien \u2013 ausgearbeitet von Medien- und Verwaltungsleuten \u2013 skizzieren eine gute Praxis, sowohl f\u00fcr die Medien wie auch f\u00fcr die Verwaltung.<\/p>\n<p style=\"text-align: left\"><a class=\"sc-button\" style=\"text-align:center\" href=\"https:\/\/www.oeffentlichkeitsgesetz.ch\/deutsch\/gute-praxis\/\">Mehr erfahren<\/a><\/p>\n<hr \/>\n<p>&nbsp;<\/p>\n","protected":false},"excerpt":{"rendered":"<p>F\u00fcr eine gute Umsetzung in Kantonen und Gemeinden Das Regionen-Projekt Im Rahmen unseres Regionen-Projekts schulen wir Medien\u00adschaf\u00adfende im Umgang mit kantonalen \u00d6ffentlichkeitsgesetzen und setzen uns f\u00fcr eine bessere Anwendung der Transparenzgesetze ein.\u00a0Bis Fr\u00fchling 2025 l\u00e4uft das Projekt in Aargau, Solothurn, Basel-Landschaft, Basel-Stadt und Z\u00fcrich, bis Herbst in Waadt und Genf. Ab Juni 2025 folgen St. [&hellip;]<\/p>\n","protected":false},"author":1,"featured_media":0,"parent":0,"menu_order":0,"comment_status":"closed","ping_status":"closed","template":"page-regio.php","meta":{"footnotes":""},"class_list":["post-15159","page","type-page","status-publish","hentry"],"_links":{"self":[{"href":"https:\/\/www.oeffentlichkeitsgesetz.ch\/deutsch\/wp-json\/wp\/v2\/pages\/15159","targetHints":{"allow":["GET"]}}],"collection":[{"href":"https:\/\/www.oeffentlichkeitsgesetz.ch\/deutsch\/wp-json\/wp\/v2\/pages"}],"about":[{"href":"https:\/\/www.oeffentlichkeitsgesetz.ch\/deutsch\/wp-json\/wp\/v2\/types\/page"}],"author":[{"embeddable":true,"href":"https:\/\/www.oeffentlichkeitsgesetz.ch\/deutsch\/wp-json\/wp\/v2\/users\/1"}],"replies":[{"embeddable":true,"href":"https:\/\/www.oeffentlichkeitsgesetz.ch\/deutsch\/wp-json\/wp\/v2\/comments?post=15159"}],"version-history":[{"count":4,"href":"https:\/\/www.oeffentlichkeitsgesetz.ch\/deutsch\/wp-json\/wp\/v2\/pages\/15159\/revisions"}],"predecessor-version":[{"id":18654,"href":"https:\/\/www.oeffentlichkeitsgesetz.ch\/deutsch\/wp-json\/wp\/v2\/pages\/15159\/revisions\/18654"}],"wp:attachment":[{"href":"https:\/\/www.oeffentlichkeitsgesetz.ch\/deutsch\/wp-json\/wp\/v2\/media?parent=15159"}],"curies":[{"name":"wp","href":"https:\/\/api.w.org\/{rel}","templated":true}]}}