{"id":14,"date":"2011-05-08T14:04:47","date_gmt":"2011-05-08T14:04:47","guid":{"rendered":"https:\/\/www.oeffentlichkeitsgesetz.ch\/deutsch\/?page_id=14"},"modified":"2021-03-04T10:10:18","modified_gmt":"2021-03-04T09:10:18","slug":"tips-tricks","status":"publish","type":"page","link":"https:\/\/www.oeffentlichkeitsgesetz.ch\/deutsch\/tips-tricks\/","title":{"rendered":"Tipps &amp; Tricks"},"content":{"rendered":"<h3><img loading=\"lazy\" decoding=\"async\" class=\"alignnone size-full wp-image-10943\" src=\"https:\/\/www.oeffentlichkeitsgesetz.ch\/deutsch\/files\/2019\/09\/Tipps_Tricks.png\" alt=\"\" width=\"582\" height=\"327\" srcset=\"https:\/\/www.oeffentlichkeitsgesetz.ch\/deutsch\/files\/2019\/09\/Tipps_Tricks.png 582w, https:\/\/www.oeffentlichkeitsgesetz.ch\/deutsch\/files\/2019\/09\/Tipps_Tricks-300x169.png 300w\" sizes=\"auto, (max-width: 582px) 100vw, 582px\" \/>1. Ein Dokument gibt\u2019s immer<\/h3>\n<p>Zu fast jedem Vorgang\u00a0in der Verwaltung existiert auch ein amtliches Dokument. Die Frage lohnt sich bei jeder Recherche: <em>\u00abWelches Dokument, Protokoll oder E-Mail k\u00f6nnte mir jetzt weiter helfen?\u00bb<\/em> Und: <em>\u00abWo ist es zu holen?\u00bb<\/em><\/p>\n<h3>2. Die Verwaltung auf Kurs bringen<\/h3>\n<p>Der Hinweis auf das \u00d6ffentlichkeitsgesetz (<em>\u00abDas d\u00fcrfen\/m\u00fcssen Sie mir laut BG\u00d6 zug\u00e4nglich machen\u00bb<\/em>) kann bei Medienverantwortlichen Berge versetzten. Im t\u00e4glichen Kontakt mit Medienstellen immer auch mit dem \u00d6ffentlichkeitsgesetz (BG\u00d6) argumentieren.<\/p>\n<h3>3. Nie mit dem Antrag ins Haus fallen<\/h3>\n<p>Vor einem formellen Antrag auf Akteneinsicht immer beim Amt nachfragen, welche Dokumente existieren \u2013 und ob sie auch ohne Einsichtsgesuch auf informellem Weg zu haben sind.<\/p>\n<h3>4. Dokumente recherchieren<\/h3>\n<p>Bevor ein Akteneinsichtsgesuch gestellt wird, m\u00fcssen die Hausaufgaben gemacht sein: Das Thema in Vorgespr\u00e4chen ausloten und alle \u00f6ffentlich zug\u00e4nglichen Quellen kennen. Checken, ob das gesuchte Dokument nicht schon auf der Homepage steht!<\/p>\n<h3>5. Konkret fragen<\/h3>\n<p>Wenn ganz konkret nach einem existierenden Dokument gefragt wird, k\u00f6nnen Beh\u00f6rden einem BG\u00d6-Antrag schwer ausweichen. Deshalb in der Vorrecherche Titel und Erstellungsdatum eines Dokuments erfragen.<\/p>\n<h3>6. Mehrere Quellen anzapfen<\/h3>\n<p>Oft besch\u00e4ftigen sich mehrere Bundes\u00e4mter mit einem Thema. Vor der Umsetzung der Recherche lohnt sich die Frage: Wo sind auch noch Dokumente einzufordern.<\/p>\n<h3>7. Die Ausnahmen kennen<\/h3>\n<p>Nicht immer hilft das \u00d6ffentlichkeitsgesetz weiter. Strafverfahren und Rechtshilfe sind ausgenommen. Nationalbank, Finanzmarkaufsicht und Parlament ebenfalls. Genauso Dokumente, die eine Beh\u00f6rde kommerziell nutzt, die noch nicht fertig gestellt, zur Entscheidsfindung der Regierung dienen\u00a0oder pers\u00f6nlicher Natur sind.<\/p>\n<h3>8. Den Papertrail kennen<\/h3>\n<p>Die Verwaltung ist zu unserem Gl\u00fcck gut organisiert. Bis Ende 2011 m\u00fcssen die \u00c4mter ihre Gesch\u00e4fte in einem elektronischen Gesch\u00e4ftsverwaltungssystem (Gever) abgelegt haben. Wer dieses System kennt, kennt die Verwaltung. Mit einer Dokumentenliste aus Gever in der Hand, l\u00e4sst sich \u00fcber die Freigabe einzelner Dokumente hart verhandeln.<\/p>\n<h3>9. Hartn\u00e4ckig sein<\/h3>\n<p>Wenn\u00a0Beh\u00f6rdenvertreter bei heiklen Themen abwinken, sich\u00a0unwissend\u00a0stellen oder\u00a0vernebeln, m\u00fcssen wir sie\u00a0an ihre Informationspflichten erinnern. Angebote f\u00fcr Teillieferungen von Informationen k\u00f6nnen bedenkenlos angenommen werden: In schwierigen Dossiers sind sie eine gute Basis f\u00fcr ein umfassendes Einsichtsgesuch.<\/p>\n<h3>10. Ein Blick ins Gesetz<\/h3>\n<p>Merke: Das Amt hat nicht immer recht und kennt das Recht oft schlecht. Deshalb lohnt sich ein Blick ins <a href=\"https:\/\/www.oeffentlichkeitsgesetz.ch\/deutsch\/das-gesetz\/gesetz\/\">Gesetz<\/a>, die <a href=\"https:\/\/www.oeffentlichkeitsgesetz.ch\/deutsch\/das-gesetz\/verordnung\/\">Verordnung<\/a>, die <a href=\"https:\/\/www.oeffentlichkeitsgesetz.ch\/deutsch\/files\/2011\/05\/botschaft_bundesrat_oeffentlichkeitsgesetz.pdf\">Botschaft zum Gesetz<\/a> oder die <a href=\"https:\/\/www.oeffentlichkeitsgesetz.ch\/deutsch\/files\/2021\/03\/umsetzung_des_oeffentlichkeitsprinzipsinderbundesverwaltunghaeuf.pdf\">Umsetzungsrichtlinien<\/a>. Auch unsere <a href=\"https:\/\/www.oeffentlichkeitsgesetz.ch\/deutsch\/jusline\/\">Jusline<\/a> hilft gratis weiter.<\/p>\n<h3>11. Die vielen Daten nicht vergessen<\/h3>\n<p>Dokumente im Sinn des \u00d6ffentlichkeitsgesetztes sind nicht nur Papiere, auch alles, was sich mit einem \u201eeinfachen elektronischen Vorgang\u201c generieren l\u00e4sst (Ctrl-C). Deshalb auch immer nach Datensammlungen, E-Mails oder Powerpoint-Pr\u00e4sentationen fragen.<\/p>\n<h3>12. Tief ins Dossier steigen<\/h3>\n<p>Es lohnt sich, in einem Antrag nicht nur nach einem einzigen, bekannten Dokument zu fragen, sondern auch alle anderen Dokumente im selben Kontext zu verlangen.<\/p>\n<h3>13. Bestimmt intervenieren<\/h3>\n<p>Wenn Beh\u00f6rden Fristen nicht einhalten oder das \u00d6ffentlichkeitsgesetz offensichtlich falsch umsetzten, lohnt sich freundlicher Protest fast immer. Krasse Fehlleistungen geh\u00f6ren ver\u00f6ffentlicht.<\/p>\n<h3>14. Andere Antr\u00e4ge verfolgen<\/h3>\n<p>Der \u00d6ffentlichkeitsbeauftragte des Bundes (ED\u00d6B) publiziert seine <a href=\"https:\/\/www.oeffentlichkeitsgesetz.ch\/deutsch\/das-gesetz\/schlichtungen\/\">Schlichtungsentscheide<\/a>. Aus diesen wird klar, was andere anfragen: Eine Quelle der Inspiration.<\/p>\n<h3>15. Termine verhandeln<\/h3>\n<p>Beh\u00f6rden m\u00fcssen laut Gesetz R\u00fccksicht auf die zeitliche Dringlichkeit der Berichterstattung nehmen. \u00d6ffentlichkeitsbeauftragte sind damit oft \u00fcberfordert. Manchmal lohnt es sich, in einem ersten Schritt nur einen, f\u00fcr die aktuelle Berichterstattung n\u00f6tigen, Teil eines Dokuments zu verlangen.<\/p>\n<h3>16. Kommissionen nicht vergessen<\/h3>\n<p>Ausserparlamentarische Kommissionen und Arbeitsgruppen gibt zu fast jedem Thema. Sie werden von der Bundesverwaltung privilegiert informiert. Entsprechend interessant sind die Sitzungsprotokolle.<\/p>\n<h3>17. Dran bleiben<\/h3>\n<p>Es lohnt sich, Antr\u00e4ge in einem Spezialgebiet immer wieder zu stellen: Protokolle, interne Statistiken und andere Schl\u00fcsseldokumente wiederholen sich. Wer konsequent anfragt, ist top informiert.<\/p>\n<h3>18. E-Mail benutzen<\/h3>\n<p>Die elektronische Post ist schnell, effizient und archiviert sich selbst. BG\u00d6-Angelegenheiten wenn immer m\u00f6glich per E-Mail abwickeln, Dokumente in elektronischer Form anfordern.<\/p>\n<h3>19. F\u00fcr Transparenz einstehen<\/h3>\n<p>Grunds\u00e4tzlich sollten sich Medienschaffende den Zugang zu Dokument nicht vor dem Richter oder der Schlichtungsstelle erk\u00e4mpfen. Grunds\u00e4tzlich gilt: Verhandeln, verhandeln, verhandeln. Bei Uneinsichtigen lohnt sich ein Weiterzug. Das \u00d6ffentlichkeitsgesetz ist ein Mittel, das sich Medienschaffende nicht nehmen lassen d\u00fcrfen.<\/p>\n<h3>20. Offen deklarieren<\/h3>\n<p>Journalistinnen und Journalisten gehen offen mit der Quellenlage um. Wenn ein Dokument oder eine Information dank BG\u00d6 zug\u00e4nglich wurde, muss dies deklariert werden. Zum Beispiel so: <em>\u00abDas Protokoll, in das unsere Zeitung gest\u00fctzt auf das \u00d6ffentlichkeitsgesetz Einblick nehmen konnte\u2026\u00bb.<\/em><\/p>\n","protected":false},"excerpt":{"rendered":"<p>1. Ein Dokument gibt\u2019s immer Zu fast jedem Vorgang\u00a0in der Verwaltung existiert auch ein amtliches Dokument. Die Frage lohnt sich bei jeder Recherche: \u00abWelches Dokument, Protokoll oder E-Mail k\u00f6nnte mir jetzt weiter helfen?\u00bb Und: \u00abWo ist es zu holen?\u00bb 2. Die Verwaltung auf Kurs bringen Der Hinweis auf das \u00d6ffentlichkeitsgesetz (\u00abDas d\u00fcrfen\/m\u00fcssen Sie mir laut [&hellip;]<\/p>\n","protected":false},"author":1,"featured_media":0,"parent":0,"menu_order":0,"comment_status":"open","ping_status":"open","template":"","meta":{"footnotes":""},"class_list":["post-14","page","type-page","status-publish","hentry"],"_links":{"self":[{"href":"https:\/\/www.oeffentlichkeitsgesetz.ch\/deutsch\/wp-json\/wp\/v2\/pages\/14","targetHints":{"allow":["GET"]}}],"collection":[{"href":"https:\/\/www.oeffentlichkeitsgesetz.ch\/deutsch\/wp-json\/wp\/v2\/pages"}],"about":[{"href":"https:\/\/www.oeffentlichkeitsgesetz.ch\/deutsch\/wp-json\/wp\/v2\/types\/page"}],"author":[{"embeddable":true,"href":"https:\/\/www.oeffentlichkeitsgesetz.ch\/deutsch\/wp-json\/wp\/v2\/users\/1"}],"replies":[{"embeddable":true,"href":"https:\/\/www.oeffentlichkeitsgesetz.ch\/deutsch\/wp-json\/wp\/v2\/comments?post=14"}],"version-history":[{"count":2,"href":"https:\/\/www.oeffentlichkeitsgesetz.ch\/deutsch\/wp-json\/wp\/v2\/pages\/14\/revisions"}],"predecessor-version":[{"id":12941,"href":"https:\/\/www.oeffentlichkeitsgesetz.ch\/deutsch\/wp-json\/wp\/v2\/pages\/14\/revisions\/12941"}],"wp:attachment":[{"href":"https:\/\/www.oeffentlichkeitsgesetz.ch\/deutsch\/wp-json\/wp\/v2\/media?parent=14"}],"curies":[{"name":"wp","href":"https:\/\/api.w.org\/{rel}","templated":true}]}}