{"id":130,"date":"2011-05-12T22:54:39","date_gmt":"2011-05-12T20:54:39","guid":{"rendered":"https:\/\/www.oeffentlichkeitsgesetz.ch\/deutsch\/?page_id=130"},"modified":"2011-06-13T21:06:44","modified_gmt":"2011-06-13T19:06:44","slug":"eidgenoessischer-antrag","status":"publish","type":"page","link":"https:\/\/www.oeffentlichkeitsgesetz.ch\/deutsch\/online-antrag\/eidgenoessischer-antrag\/","title":{"rendered":"Eidgen\u00f6ssischer Antrag"},"content":{"rendered":"<h2>Bundesamt ausw\u00e4hlen<\/h2>\n<p><strong>Zuerst muss die Stelle in der Bundesverwaltung\u00a0gew\u00e4hlt werden, von der Einsicht in ein amtliches Dokument gew\u00fcnscht wird.\u00a0<\/strong><\/p>\n<p>Neben den grossen Bundes\u00e4mtern ist auch die dezentrale Bundesverwaltung mit zahlreichen\u00a0Institutionen\u00a0und mehr als hundert <em>ausserparlamentarische Kommissionen <\/em>dem \u00d6ffentlichkeitsgesetz\u00a0unterstellt.<\/p>\n<div class=\"hinweis\">Beschr\u00e4nkt gilt das \u00d6ffentlichkeitsgesetz auch f\u00fcr bundesnahe Betriebe wie Suva, Billag, Post, Bahn oder den Schweizerischen Nationalfonds.<br \/>Mehr Informationen zum Geltungsbereich und zum konkreten Vorgehen\u00a0<a href=\"https:\/\/www.oeffentlichkeitsgesetz.ch\/deutsch\/bundesnahe-betriebe\/\">hier<\/a>.<\/div><div class=\"clear\"><\/div>\n<p>[app]<\/p>\n","protected":false},"excerpt":{"rendered":"<p>Bundesamt ausw\u00e4hlen Zuerst muss die Stelle in der Bundesverwaltung\u00a0gew\u00e4hlt werden, von der Einsicht in ein amtliches Dokument gew\u00fcnscht wird.\u00a0 Neben den grossen Bundes\u00e4mtern ist auch die dezentrale Bundesverwaltung mit zahlreichen\u00a0Institutionen\u00a0und mehr als hundert ausserparlamentarische Kommissionen dem \u00d6ffentlichkeitsgesetz\u00a0unterstellt. [app]<\/p>\n","protected":false},"author":1,"featured_media":0,"parent":52,"menu_order":0,"comment_status":"open","ping_status":"closed","template":"","meta":{"footnotes":""},"class_list":["post-130","page","type-page","status-publish","hentry"],"_links":{"self":[{"href":"https:\/\/www.oeffentlichkeitsgesetz.ch\/deutsch\/wp-json\/wp\/v2\/pages\/130","targetHints":{"allow":["GET"]}}],"collection":[{"href":"https:\/\/www.oeffentlichkeitsgesetz.ch\/deutsch\/wp-json\/wp\/v2\/pages"}],"about":[{"href":"https:\/\/www.oeffentlichkeitsgesetz.ch\/deutsch\/wp-json\/wp\/v2\/types\/page"}],"author":[{"embeddable":true,"href":"https:\/\/www.oeffentlichkeitsgesetz.ch\/deutsch\/wp-json\/wp\/v2\/users\/1"}],"replies":[{"embeddable":true,"href":"https:\/\/www.oeffentlichkeitsgesetz.ch\/deutsch\/wp-json\/wp\/v2\/comments?post=130"}],"version-history":[{"count":0,"href":"https:\/\/www.oeffentlichkeitsgesetz.ch\/deutsch\/wp-json\/wp\/v2\/pages\/130\/revisions"}],"up":[{"embeddable":true,"href":"https:\/\/www.oeffentlichkeitsgesetz.ch\/deutsch\/wp-json\/wp\/v2\/pages\/52"}],"wp:attachment":[{"href":"https:\/\/www.oeffentlichkeitsgesetz.ch\/deutsch\/wp-json\/wp\/v2\/media?parent=130"}],"curies":[{"name":"wp","href":"https:\/\/api.w.org\/{rel}","templated":true}]}}