{"id":11899,"date":"2020-05-13T13:30:37","date_gmt":"2020-05-13T12:30:37","guid":{"rendered":"https:\/\/www.oeffentlichkeitsgesetz.ch\/deutsch\/?page_id=11899"},"modified":"2020-05-19T07:46:26","modified_gmt":"2020-05-19T06:46:26","slug":"die-zehn-wichtigsten-tipps-fur-corona-recherchen","status":"publish","type":"page","link":"https:\/\/www.oeffentlichkeitsgesetz.ch\/deutsch\/die-zehn-wichtigsten-tipps-fur-corona-recherchen\/","title":{"rendered":"Tipps Corona"},"content":{"rendered":"<h1 style=\"font-size: 34px;line-height: 1.15em\"><a href=\"https:\/\/www.oeffentlichkeitsgesetz.ch\/deutsch\/files\/2020\/05\/coronadocs_label.png\"><img loading=\"lazy\" decoding=\"async\" class=\"alignleft wp-image-12013\" src=\"https:\/\/www.oeffentlichkeitsgesetz.ch\/deutsch\/files\/2020\/05\/coronadocs_label.png\" alt=\"\" width=\"100\" height=\"100\" srcset=\"https:\/\/www.oeffentlichkeitsgesetz.ch\/deutsch\/files\/2020\/05\/coronadocs_label.png 1000w, https:\/\/www.oeffentlichkeitsgesetz.ch\/deutsch\/files\/2020\/05\/coronadocs_label-300x300.png 300w, https:\/\/www.oeffentlichkeitsgesetz.ch\/deutsch\/files\/2020\/05\/coronadocs_label-682x682.png 682w, https:\/\/www.oeffentlichkeitsgesetz.ch\/deutsch\/files\/2020\/05\/coronadocs_label-150x150.png 150w, https:\/\/www.oeffentlichkeitsgesetz.ch\/deutsch\/files\/2020\/05\/coronadocs_label-768x768.png 768w\" sizes=\"auto, (max-width: 100px) 100vw, 100px\" \/><\/a>Zehn Tipps f\u00fcr die erfolgreiche Corona-Recherche<\/h1>\n<p>Mit den \u00d6ffentlichkeitsgesetzen k\u00f6nnen wir Einsicht in die Dokumente und Daten der Verwaltungen nehmen. Bei der Aufarbeitung der Corona-Krise sind interne Sitzungsprotokolle oder Reportings wichtig. Die wichtigsten Punkte f\u00fcr einen guten Umgang mit diesem m\u00e4chtigen Rechercheinstrumenten sind hier aufgelistet.\u00a0<\/p>\n<p><strong>1. Wir haben das Recht &#8211; jetzt sowieso<\/strong><br \/>\nMerke: Nachdem die Regierungen von Bund und Kantonen unter Notrecht gef\u00fchrt haben, muss jetzt das Korrektiv der \u00d6ffentlichkeit anlaufen. Zwar kennen die \u00d6ffentlichkeitsgesetze Zugangsbeschr\u00e4nkungen. Immer m\u00fcssen die Beh\u00f6rden aber plausibel begr\u00fcnden, wenn Transparenz nicht m\u00f6glich ist. Die demokratische Kontrolle ist ein zentrales Argument des \u00d6ffentlichkeitsprinzips und nach der Ausnahmephase entsprechend wichtiger.\u00a0<\/p>\n<p><strong>2. Die Akteure kennen<\/strong><br \/>\nWollen wir die von Regierung und Verwaltung in den letzten Wochen gef\u00e4llten Entscheide hinterfragen, m\u00fcssen wir die handelnden Akteure kennen. Dazu geh\u00f6ren auch Ad-hoc-Gremien, Expertengruppen und interdepartementale Arbeitsgruppen (sogenannte IDAGs). Auf Bundesebene haben wir <a href=\"https:\/\/www.oeffentlichkeitsgesetz.ch\/deutsch\/krisenstaebe-corona\/\">eine Zusammenstellung<\/a> erarbeitet. Beschafft euch Organigramme und Informationen zu internen Abl\u00e4ufen (Sitzungen, Reportings) oder Datenablagen.<\/p>\n<p><a href=\"https:\/\/www.oeffentlichkeitsgesetz.ch\/deutsch\/files\/2020\/05\/Corona_2.png\"><img loading=\"lazy\" decoding=\"async\" class=\"alignleft size-full wp-image-11965\" src=\"https:\/\/www.oeffentlichkeitsgesetz.ch\/deutsch\/files\/2020\/05\/Corona_2.png\" alt=\"\" width=\"582\" height=\"327\" srcset=\"https:\/\/www.oeffentlichkeitsgesetz.ch\/deutsch\/files\/2020\/05\/Corona_2.png 582w, https:\/\/www.oeffentlichkeitsgesetz.ch\/deutsch\/files\/2020\/05\/Corona_2-300x169.png 300w\" sizes=\"auto, (max-width: 582px) 100vw, 582px\" \/><\/a><\/p>\n<p><strong>3. Gezielt nach Dokumenten fragen<br \/>\n<\/strong>Bevor ihr startet, lohnt sich eine einzige Frage: Was genau soll die Recherche belegen? Stellt eine Arbeitsthese auf, bevor ihr mit den Recherchen startet oder ein Zugangsgesuch stellt. F\u00fchrt Vorgespr\u00e4che mit Sachkundigen (auch solchen ausserhalb der Verwaltung) und erkundigt euch dabei immer auch nach Dokumenten, Daten oder wichtigen E-Mails. Nicht immer ist ein Zugangsgesuch der beste Weg, um eine Frage beantwortet zu erhalten.<\/p>\n<p><strong>4. Nicht mit Antrag ins Haus fallen<br \/>\n<\/strong>Bevor ihr ein Gesuch mit unserem <a href=\"https:\/\/www.oeffentlichkeitsgesetz.ch\/deutsch\/online-antrag\/\">Online-Antrags-Generator<\/a> erstellt, lohnt sich das Gespr\u00e4ch mit der betroffenen Beh\u00f6rde. Macht eurer Ansprechperson in der Verwaltung klar, dass sie den Bericht oder das Protokoll auch ohne formelles Zugangsgesuch herausgeben kann &#8211; so verk\u00fcrzt sich allenfalls die Bearbeitungsfrist. Sucht im Gespr\u00e4ch auch einen Weg, welcher der Beh\u00f6rde entgegenkommt und den Bearbeitungsaufwand f\u00fcr das Amt allenfalls verringert.<\/p>\n<p><strong>5. Ein Aktenverzeichnis verlangen<\/strong><br \/>\nMeistens wissen wir nicht, welche Dokumente zu einem Thema bei einem Amt liegen. Verwaltungen legen ihre Akten aber in einem Gesch\u00e4ftsverwaltungssystem ab. Mindestens auf Bundesebene k\u00f6nnt ihr einen Screenshot des Themen-Ordners mit den aufgelisteten Dokumenten verlangen. Wenn immer m\u00f6glich aber die Kooperation mit der Verwaltung suchen und nach einer Liste mit Dokumenten fragen. Auf Bundesebene ist die Verwaltung verpflichtet, hier Hilfe zu leisten (<a href=\"https:\/\/www.oeffentlichkeitsgesetz.ch\/deutsch\/das-gesetz\/verordnung\/\">Art 18 \u00d6ffentlichkeitsverordnung<\/a>).\u00a0<\/p>\n<p><strong>6. So pr\u00e4zis wie m\u00f6glich fragen<\/strong><br \/>\nBei der Formulierung eines Zugangsgesuchs lohnt es sich, pr\u00e4zise zu sein. Gebt den Zeitraum an, in dem ihr ein bestimmtes Protokoll oder Daten einsehen wollt. Nennt, falls ihr es wisst, den Titel des gew\u00fcnschten Dokuments. Es ist besser, verschiedene Antr\u00e4ge zu einem Thema zu stellen, statt alles in einen einzigen grossen Antrag zu packen. So bekommt ihr gestaffelten Zugang. Fragt bei Berichten und Sitzungsprotokollen allenfalls auch nach Beilagen oder mindestens nach deren Auflistung.<\/p>\n<p><a href=\"https:\/\/www.oeffentlichkeitsgesetz.ch\/deutsch\/files\/2020\/05\/CORONA_PK.png\"><img loading=\"lazy\" decoding=\"async\" class=\"alignleft size-full wp-image-12083\" src=\"https:\/\/www.oeffentlichkeitsgesetz.ch\/deutsch\/files\/2020\/05\/CORONA_PK.png\" alt=\"\" width=\"582\" height=\"328\" srcset=\"https:\/\/www.oeffentlichkeitsgesetz.ch\/deutsch\/files\/2020\/05\/CORONA_PK.png 582w, https:\/\/www.oeffentlichkeitsgesetz.ch\/deutsch\/files\/2020\/05\/CORONA_PK-300x169.png 300w\" sizes=\"auto, (max-width: 582px) 100vw, 582px\" \/><\/a><\/p>\n<p><strong>7. Auf Dringlichkeit pochen<\/strong><br \/>\nVerlangt von der Verwaltung, dass euer Antrag beschleunigt behandelt wird (im <a href=\"https:\/\/www.oeffentlichkeitsgesetz.ch\/deutsch\/online-antrag\/\">Online-Antrags-Generator<\/a> m\u00fcsst ihr daf\u00fcr nur ein H\u00e4kchen setzen). Das \u00d6ffentlichkeitsgesetz des Bundes sieht vor, dass die Verwaltung auf die \u00abbesonderen Bed\u00fcrfnisse der Medien\u00bb und die \u00abzeitliche Dringlichkeit der Berichterstattung\u00bb R\u00fccksicht nimmt <a href=\"https:\/\/www.oeffentlichkeitsgesetz.ch\/deutsch\/das-gesetz\/verordnung\/\">(Art. 9 \u00d6ffentlichkeitsverordnung).<\/a> Diese ist hier gegeben. Wo in Kantonen eine solche Klausel fehlt: Mit dem grossen \u00f6ffentlichen Interesse argumentieren.\u00a0<\/p>\n<p><strong>8. Auch bei den Kantonen und Gemeinden nachfragen<\/strong><br \/>\nNicht nur der Bund, auch die Kantone und die Gemeinden waren in der Corona-Krise aktiv. Auch hier sind Daten und Dokumente angefallen, welche sich mit den regionalen \u00d6ffentlichkeitsgesetzen befreien lassen. Nicht zu vergessen sind Schulen, Spit\u00e4ler, Kirchen oder Gef\u00e4ngnisse. Einzelne privat organisierte Organisationen sind allenfalls nicht dem \u00d6ffentlichkeitsprinzip verpflichtet. M\u00f6glicherweise liegen die gew\u00fcnschten Dokumente aber bei einer Aufsichtsbeh\u00f6rde.\u00a0<\/p>\n<p><strong>9. Eine Verweigerung thematisieren<\/strong><br \/>\nBei der Aufarbeitung der Corona-Krise ist die Verwaltung der \u00d6ffentlichkeit in besonderem Masse Rechenschaft pflichtig, denn viele einschneidende Massnahmen wurden unter Notrecht gef\u00e4llt. Verweigert eine Beh\u00f6rde den Zugang zu amtlichen Informationen ohne gute Gr\u00fcnde, muss dies \u00f6ffentlich thematisiert und angeprangert werden. Zuerst lohnt sich auf jeden Fall ein freundlicher Protest \u2013 danach aber allenfalls der Gang vors Gericht.<\/p>\n<p><strong>10. Offen deklarieren<\/strong><br \/>\nJournalistinnen und Journalisten gehen offen mit der Quellenlage um und schaffen m\u00f6glichst grosse Klarheit \u00fcber die Entstehungsgeschichte einer Recherche. Wenn ein Dokument oder eine Information dank einem \u00d6ffentlichkeitsgesetz zug\u00e4nglich wurde, deklarieren wir dies. Zum Beispiel so: \u00abDas Protokoll, in das unsere Zeitung gest\u00fctzt auf das \u00d6ffentlichkeitsgesetz Einblick nehmen konnte\u2026\u00bb<\/p>\n<hr \/>\n<p>Nat\u00fcrlich gelten weiterhin auch die \u00fcbrigen, bew\u00e4hrten <a href=\"https:\/\/www.oeffentlichkeitsgesetz.ch\/deutsch\/tips-tricks\/\">Regeln f\u00fcr die erfolgreiche Anwendung der \u00d6ffentlichkeitsgesetze.<\/a> Zahlreiche Praxisfragen beantworten wir <a href=\"https:\/\/www.oeffentlichkeitsgesetz.ch\/deutsch\/fragen-antworten\/\">ausserdem hier<\/a>.\u00a0<\/p>\n","protected":false},"excerpt":{"rendered":"<p>Zehn Tipps f\u00fcr die erfolgreiche Corona-Recherche Mit den \u00d6ffentlichkeitsgesetzen k\u00f6nnen wir Einsicht in die Dokumente und Daten der Verwaltungen nehmen. Bei der Aufarbeitung der Corona-Krise sind interne Sitzungsprotokolle oder Reportings wichtig. Die wichtigsten Punkte f\u00fcr einen guten Umgang mit diesem m\u00e4chtigen Rechercheinstrumenten sind hier aufgelistet.\u00a0 1. Wir haben das Recht &#8211; jetzt sowieso Merke: Nachdem [&hellip;]<\/p>\n","protected":false},"author":12,"featured_media":0,"parent":0,"menu_order":0,"comment_status":"closed","ping_status":"closed","template":"","meta":{"footnotes":""},"class_list":["post-11899","page","type-page","status-publish","hentry"],"_links":{"self":[{"href":"https:\/\/www.oeffentlichkeitsgesetz.ch\/deutsch\/wp-json\/wp\/v2\/pages\/11899","targetHints":{"allow":["GET"]}}],"collection":[{"href":"https:\/\/www.oeffentlichkeitsgesetz.ch\/deutsch\/wp-json\/wp\/v2\/pages"}],"about":[{"href":"https:\/\/www.oeffentlichkeitsgesetz.ch\/deutsch\/wp-json\/wp\/v2\/types\/page"}],"author":[{"embeddable":true,"href":"https:\/\/www.oeffentlichkeitsgesetz.ch\/deutsch\/wp-json\/wp\/v2\/users\/12"}],"replies":[{"embeddable":true,"href":"https:\/\/www.oeffentlichkeitsgesetz.ch\/deutsch\/wp-json\/wp\/v2\/comments?post=11899"}],"version-history":[{"count":4,"href":"https:\/\/www.oeffentlichkeitsgesetz.ch\/deutsch\/wp-json\/wp\/v2\/pages\/11899\/revisions"}],"predecessor-version":[{"id":12152,"href":"https:\/\/www.oeffentlichkeitsgesetz.ch\/deutsch\/wp-json\/wp\/v2\/pages\/11899\/revisions\/12152"}],"wp:attachment":[{"href":"https:\/\/www.oeffentlichkeitsgesetz.ch\/deutsch\/wp-json\/wp\/v2\/media?parent=11899"}],"curies":[{"name":"wp","href":"https:\/\/api.w.org\/{rel}","templated":true}]}}