{"id":11279,"date":"2019-12-19T16:21:25","date_gmt":"2019-12-19T15:21:25","guid":{"rendered":"https:\/\/www.oeffentlichkeitsgesetz.ch\/deutsch\/?page_id=11279"},"modified":"2021-12-22T10:36:53","modified_gmt":"2021-12-22T09:36:53","slug":"jury-prix-transparence-2019","status":"publish","type":"page","link":"https:\/\/www.oeffentlichkeitsgesetz.ch\/deutsch\/jury-prix-transparence-2019\/","title":{"rendered":"Jury Prix Transparence 2020"},"content":{"rendered":"<p>&nbsp;<\/p>\n<table style=\"width: 100%\">\n<tbody>\n<tr>\n<td><a href=\"https:\/\/www.oeffentlichkeitsgesetz.ch\/deutsch\/files\/2019\/12\/bolliger_akermann.png\"><img loading=\"lazy\" decoding=\"async\" class=\"alignleft wp-image-11418\" src=\"https:\/\/www.oeffentlichkeitsgesetz.ch\/deutsch\/files\/2019\/12\/bolliger_akermann.png\" alt=\"\" width=\"280\" height=\"280\" srcset=\"https:\/\/www.oeffentlichkeitsgesetz.ch\/deutsch\/files\/2019\/12\/bolliger_akermann.png 840w, https:\/\/www.oeffentlichkeitsgesetz.ch\/deutsch\/files\/2019\/12\/bolliger_akermann-150x150.png 150w, https:\/\/www.oeffentlichkeitsgesetz.ch\/deutsch\/files\/2019\/12\/bolliger_akermann-300x300.png 300w, https:\/\/www.oeffentlichkeitsgesetz.ch\/deutsch\/files\/2019\/12\/bolliger_akermann-768x768.png 768w, https:\/\/www.oeffentlichkeitsgesetz.ch\/deutsch\/files\/2019\/12\/bolliger_akermann-682x682.png 682w\" sizes=\"auto, (max-width: 280px) 100vw, 280px\" \/><\/a><\/td>\n<td><a href=\"https:\/\/www.oeffentlichkeitsgesetz.ch\/deutsch\/files\/2019\/01\/pascal-hollenstein_baerbeitet.gif\"><img loading=\"lazy\" decoding=\"async\" class=\"alignleft size-full wp-image-10256\" src=\"https:\/\/www.oeffentlichkeitsgesetz.ch\/deutsch\/files\/2019\/01\/pascal-hollenstein_baerbeitet.gif\" alt=\"\" width=\"280\" height=\"280\" \/><\/a><\/td>\n<\/tr>\n<tr>\n<td>Michael Bolliger, Publizistischer Leiter<br \/>\nRadio SRF<\/td>\n<td>\n<div>Pascal Hollenstein Leiter Publizistik<br \/>\nCH Media<\/div>\n<\/td>\n<\/tr>\n<tr>\n<td><a href=\"https:\/\/www.oeffentlichkeitsgesetz.ch\/deutsch\/files\/2021\/01\/Nicole-Lamon.jpg\"><img loading=\"lazy\" decoding=\"async\" class=\"alignleft wp-image-12603 size-full\" src=\"https:\/\/www.oeffentlichkeitsgesetz.ch\/deutsch\/files\/2021\/01\/Nicole-Lamon.jpg\" alt=\"\" width=\"280\" height=\"280\" srcset=\"https:\/\/www.oeffentlichkeitsgesetz.ch\/deutsch\/files\/2021\/01\/Nicole-Lamon.jpg 280w, https:\/\/www.oeffentlichkeitsgesetz.ch\/deutsch\/files\/2021\/01\/Nicole-Lamon-150x150.jpg 150w\" sizes=\"auto, (max-width: 280px) 100vw, 280px\" \/><\/a><\/td>\n<td><a href=\"https:\/\/www.oeffentlichkeitsgesetz.ch\/deutsch\/files\/2019\/01\/Rene-Schuhmacher_bearbeitet.gif\"><img loading=\"lazy\" decoding=\"async\" class=\"alignleft size-full wp-image-10260\" src=\"https:\/\/www.oeffentlichkeitsgesetz.ch\/deutsch\/files\/2019\/01\/Rene-Schuhmacher_bearbeitet.gif\" alt=\"\" width=\"280\" height=\"280\" \/><\/a><\/td>\n<\/tr>\n<tr>\n<td>Nicole Lamon, stv. Chefredaktorin<br \/>\nLe Matin Dimanche<\/td>\n<td>\n<div>Ren\u00e9 Schuhmacher, Verleger<br \/>\nKonsumenteninfo<\/div>\n<\/td>\n<\/tr>\n<tr>\n<td><a href=\"https:\/\/www.oeffentlichkeitsgesetz.ch\/deutsch\/files\/2019\/12\/Adrien-Juvet_PT_19.jpg\"><img loading=\"lazy\" decoding=\"async\" class=\"alignleft size-full wp-image-11283\" src=\"https:\/\/www.oeffentlichkeitsgesetz.ch\/deutsch\/files\/2019\/12\/Adrien-Juvet_PT_19.jpg\" alt=\"\" width=\"280\" height=\"280\" srcset=\"https:\/\/www.oeffentlichkeitsgesetz.ch\/deutsch\/files\/2019\/12\/Adrien-Juvet_PT_19.jpg 280w, https:\/\/www.oeffentlichkeitsgesetz.ch\/deutsch\/files\/2019\/12\/Adrien-Juvet_PT_19-150x150.jpg 150w\" sizes=\"auto, (max-width: 280px) 100vw, 280px\" \/><\/a><\/td>\n<td>\n<p><img loading=\"lazy\" decoding=\"async\" class=\"alignleft wp-image-11284 size-full\" src=\"https:\/\/www.oeffentlichkeitsgesetz.ch\/deutsch\/files\/2019\/12\/Gumy_PT18.jpg\" alt=\"\" width=\"280\" height=\"280\" srcset=\"https:\/\/www.oeffentlichkeitsgesetz.ch\/deutsch\/files\/2019\/12\/Gumy_PT18.jpg 280w, https:\/\/www.oeffentlichkeitsgesetz.ch\/deutsch\/files\/2019\/12\/Gumy_PT18-150x150.jpg 150w\" sizes=\"auto, (max-width: 280px) 100vw, 280px\" \/><\/p>\n<\/td>\n<\/tr>\n<tr>\n<td>Adrien Juvet, Chefredaktor<br \/>\nBNJ FM<\/td>\n<td>Serge Gumy, Verlagsleiter<br \/>\nLa Libert\u00e9<\/td>\n<\/tr>\n<tr>\n<td><a href=\"https:\/\/www.oeffentlichkeitsgesetz.ch\/deutsch\/files\/2019\/01\/katia-murmann_bearbeitet.gif\"><img loading=\"lazy\" decoding=\"async\" class=\"alignleft size-full wp-image-10258\" src=\"https:\/\/www.oeffentlichkeitsgesetz.ch\/deutsch\/files\/2019\/01\/katia-murmann_bearbeitet.gif\" alt=\"\" width=\"280\" height=\"280\" \/><\/a><\/td>\n<td><a href=\"https:\/\/www.oeffentlichkeitsgesetz.ch\/deutsch\/files\/2019\/01\/martins-fehr_bearbeitet.gif\"><img loading=\"lazy\" decoding=\"async\" class=\"alignleft size-full wp-image-10259\" src=\"https:\/\/www.oeffentlichkeitsgesetz.ch\/deutsch\/files\/2019\/01\/martins-fehr_bearbeitet.gif\" alt=\"\" width=\"280\" height=\"280\" \/><\/a><\/td>\n<\/tr>\n<tr>\n<td>Katia Murmann,<br \/>\nGesch\u00e4ftsleitung Blick-Gruppe<\/td>\n<td>Martina Fehr, Direktorin MAZ &#8211; Die Schweizer Journalistenschule<\/td>\n<\/tr>\n<\/tbody>\n<\/table>\n","protected":false},"excerpt":{"rendered":"<p>&nbsp; Michael Bolliger, Publizistischer Leiter Radio SRF Pascal Hollenstein Leiter Publizistik CH Media Nicole Lamon, stv. Chefredaktorin Le Matin Dimanche Ren\u00e9 Schuhmacher, Verleger Konsumenteninfo Adrien Juvet, Chefredaktor BNJ FM Serge Gumy, Verlagsleiter La Libert\u00e9 Katia Murmann, Gesch\u00e4ftsleitung Blick-Gruppe Martina Fehr, Direktorin MAZ &#8211; Die Schweizer Journalistenschule<\/p>\n","protected":false},"author":12,"featured_media":0,"parent":0,"menu_order":0,"comment_status":"closed","ping_status":"closed","template":"","meta":{"footnotes":""},"class_list":["post-11279","page","type-page","status-publish","hentry"],"_links":{"self":[{"href":"https:\/\/www.oeffentlichkeitsgesetz.ch\/deutsch\/wp-json\/wp\/v2\/pages\/11279","targetHints":{"allow":["GET"]}}],"collection":[{"href":"https:\/\/www.oeffentlichkeitsgesetz.ch\/deutsch\/wp-json\/wp\/v2\/pages"}],"about":[{"href":"https:\/\/www.oeffentlichkeitsgesetz.ch\/deutsch\/wp-json\/wp\/v2\/types\/page"}],"author":[{"embeddable":true,"href":"https:\/\/www.oeffentlichkeitsgesetz.ch\/deutsch\/wp-json\/wp\/v2\/users\/12"}],"replies":[{"embeddable":true,"href":"https:\/\/www.oeffentlichkeitsgesetz.ch\/deutsch\/wp-json\/wp\/v2\/comments?post=11279"}],"version-history":[{"count":3,"href":"https:\/\/www.oeffentlichkeitsgesetz.ch\/deutsch\/wp-json\/wp\/v2\/pages\/11279\/revisions"}],"predecessor-version":[{"id":13955,"href":"https:\/\/www.oeffentlichkeitsgesetz.ch\/deutsch\/wp-json\/wp\/v2\/pages\/11279\/revisions\/13955"}],"wp:attachment":[{"href":"https:\/\/www.oeffentlichkeitsgesetz.ch\/deutsch\/wp-json\/wp\/v2\/media?parent=11279"}],"curies":[{"name":"wp","href":"https:\/\/api.w.org\/{rel}","templated":true}]}}