{"id":10995,"date":"2019-09-06T12:36:12","date_gmt":"2019-09-06T11:36:12","guid":{"rendered":"https:\/\/www.oeffentlichkeitsgesetz.ch\/deutsch\/?page_id=10995"},"modified":"2019-09-06T12:38:23","modified_gmt":"2019-09-06T11:38:23","slug":"so-kann-niemand-deinen-antrag-sehen","status":"publish","type":"page","link":"https:\/\/www.oeffentlichkeitsgesetz.ch\/deutsch\/so-kann-niemand-deinen-antrag-sehen\/","title":{"rendered":"So kann niemand deinen Antrag sehen"},"content":{"rendered":"<p>Wer sicher gehen will, dass sein Antrag keine Datenspuren auf <em>\u00d6ffentlichkeitsgesetz.ch<\/em> hinterl\u00e4sst, hat die M\u00f6glichkeit, einen Antrag an ein Amt direkt \u00fcber die rtf-Funktion auf seine Arbeitsstation herunterzuladen. Der Inhalt und die Zieladresse dieser Antr\u00e4ge werden nicht gespeichert und nach dem Download automatisch gel\u00f6scht. Diese Antr\u00e4ge sind nicht im Nutzerkonto gespeichert. Die Funktionen des Kontos (Mahnung, Rating) entfallen allerdings.\u00a0<\/p>\n","protected":false},"excerpt":{"rendered":"<p>Wer sicher gehen will, dass sein Antrag keine Datenspuren auf \u00d6ffentlichkeitsgesetz.ch hinterl\u00e4sst, hat die M\u00f6glichkeit, einen Antrag an ein Amt direkt \u00fcber die rtf-Funktion auf seine Arbeitsstation herunterzuladen. Der Inhalt und die Zieladresse dieser Antr\u00e4ge werden nicht gespeichert und nach dem Download automatisch gel\u00f6scht. Diese Antr\u00e4ge sind nicht im Nutzerkonto gespeichert. Die Funktionen des Kontos [&hellip;]<\/p>\n","protected":false},"author":1,"featured_media":0,"parent":0,"menu_order":0,"comment_status":"closed","ping_status":"closed","template":"","meta":{"footnotes":""},"class_list":["post-10995","page","type-page","status-publish","hentry"],"_links":{"self":[{"href":"https:\/\/www.oeffentlichkeitsgesetz.ch\/deutsch\/wp-json\/wp\/v2\/pages\/10995","targetHints":{"allow":["GET"]}}],"collection":[{"href":"https:\/\/www.oeffentlichkeitsgesetz.ch\/deutsch\/wp-json\/wp\/v2\/pages"}],"about":[{"href":"https:\/\/www.oeffentlichkeitsgesetz.ch\/deutsch\/wp-json\/wp\/v2\/types\/page"}],"author":[{"embeddable":true,"href":"https:\/\/www.oeffentlichkeitsgesetz.ch\/deutsch\/wp-json\/wp\/v2\/users\/1"}],"replies":[{"embeddable":true,"href":"https:\/\/www.oeffentlichkeitsgesetz.ch\/deutsch\/wp-json\/wp\/v2\/comments?post=10995"}],"version-history":[{"count":2,"href":"https:\/\/www.oeffentlichkeitsgesetz.ch\/deutsch\/wp-json\/wp\/v2\/pages\/10995\/revisions"}],"predecessor-version":[{"id":10998,"href":"https:\/\/www.oeffentlichkeitsgesetz.ch\/deutsch\/wp-json\/wp\/v2\/pages\/10995\/revisions\/10998"}],"wp:attachment":[{"href":"https:\/\/www.oeffentlichkeitsgesetz.ch\/deutsch\/wp-json\/wp\/v2\/media?parent=10995"}],"curies":[{"name":"wp","href":"https:\/\/api.w.org\/{rel}","templated":true}]}}