{"id":108,"date":"2011-05-11T23:14:38","date_gmt":"2011-05-11T21:14:38","guid":{"rendered":"https:\/\/www.oeffentlichkeitsgesetz.ch\/deutsch\/?page_id=108"},"modified":"2013-11-22T19:11:33","modified_gmt":"2013-11-22T18:11:33","slug":"schlichtungen","status":"publish","type":"page","link":"https:\/\/www.oeffentlichkeitsgesetz.ch\/deutsch\/das-gesetz\/schlichtungen\/","title":{"rendered":"Empfehlungen &amp; Schlichtungen"},"content":{"rendered":"<p>Wer mit der Umsetzung des \u00d6ffentlichkeitsgesetztes nicht zufrieden ist, kann beim <em>Eidgen\u00f6ssischen Datenschutz- und \u00d6ffentlichkeitsbeauftragten (ED\u00d6B)<\/em> ein kostenloses Schlichtungsverfahren einleiten. Der ED\u00d6B erl\u00e4sst dann eine Empfehlungen. Darin wird konkret beschrieben, wie das Amt Akteneinsicht gew\u00e4hren soll.[app]<\/p>\n","protected":false},"excerpt":{"rendered":"<p>Wer mit der Umsetzung des \u00d6ffentlichkeitsgesetztes nicht zufrieden ist, kann beim Eidgen\u00f6ssischen Datenschutz- und \u00d6ffentlichkeitsbeauftragten (ED\u00d6B) ein kostenloses Schlichtungsverfahren einleiten. Der ED\u00d6B erl\u00e4sst dann eine Empfehlungen. Darin wird konkret beschrieben, wie das Amt Akteneinsicht gew\u00e4hren soll.[app]<\/p>\n","protected":false},"author":1,"featured_media":0,"parent":56,"menu_order":6,"comment_status":"closed","ping_status":"closed","template":"","meta":{"footnotes":""},"class_list":["post-108","page","type-page","status-publish","hentry"],"_links":{"self":[{"href":"https:\/\/www.oeffentlichkeitsgesetz.ch\/deutsch\/wp-json\/wp\/v2\/pages\/108","targetHints":{"allow":["GET"]}}],"collection":[{"href":"https:\/\/www.oeffentlichkeitsgesetz.ch\/deutsch\/wp-json\/wp\/v2\/pages"}],"about":[{"href":"https:\/\/www.oeffentlichkeitsgesetz.ch\/deutsch\/wp-json\/wp\/v2\/types\/page"}],"author":[{"embeddable":true,"href":"https:\/\/www.oeffentlichkeitsgesetz.ch\/deutsch\/wp-json\/wp\/v2\/users\/1"}],"replies":[{"embeddable":true,"href":"https:\/\/www.oeffentlichkeitsgesetz.ch\/deutsch\/wp-json\/wp\/v2\/comments?post=108"}],"version-history":[{"count":0,"href":"https:\/\/www.oeffentlichkeitsgesetz.ch\/deutsch\/wp-json\/wp\/v2\/pages\/108\/revisions"}],"up":[{"embeddable":true,"href":"https:\/\/www.oeffentlichkeitsgesetz.ch\/deutsch\/wp-json\/wp\/v2\/pages\/56"}],"wp:attachment":[{"href":"https:\/\/www.oeffentlichkeitsgesetz.ch\/deutsch\/wp-json\/wp\/v2\/media?parent=108"}],"curies":[{"name":"wp","href":"https:\/\/api.w.org\/{rel}","templated":true}]}}